{"id":184,"date":"2025-09-08T22:01:14","date_gmt":"2025-09-08T20:01:14","guid":{"rendered":"https:\/\/staging.filtrontec.de\/?page_id=184"},"modified":"2026-02-23T11:39:10","modified_gmt":"2026-02-23T10:39:10","slug":"research-development","status":"publish","type":"page","link":"https:\/\/filtrontec.de\/en\/forschung-entwicklung\/","title":{"rendered":"Research and development"},"content":{"rendered":"<div class=\"gb-element-4a154f1c alignfull hero-gradient\">\n<img loading=\"lazy\" decoding=\"async\" width=\"2560\" height=\"1292\" data-media-id=\"1566\" class=\"gb-media-d5fd787a\" alt=\"\" src=\"https:\/\/filtrontec.de\/wp-content\/uploads\/2025\/10\/unsere_technologien-scaled.jpg\" srcset=\"https:\/\/filtrontec.de\/wp-content\/uploads\/2025\/10\/unsere_technologien-scaled.jpg 2560w, https:\/\/filtrontec.de\/wp-content\/uploads\/2025\/10\/unsere_technologien-2048x1033.jpg 2048w, https:\/\/filtrontec.de\/wp-content\/uploads\/2025\/10\/unsere_technologien-300x151.jpg 300w, https:\/\/filtrontec.de\/wp-content\/uploads\/2025\/10\/unsere_technologien-768x388.jpg 768w, https:\/\/filtrontec.de\/wp-content\/uploads\/2025\/10\/unsere_technologien-1024x517.jpg 1024w, https:\/\/filtrontec.de\/wp-content\/uploads\/2025\/10\/unsere_technologien-1536x775.jpg 1536w, https:\/\/filtrontec.de\/wp-content\/uploads\/2025\/10\/unsere_technologien-18x9.jpg 18w, https:\/\/filtrontec.de\/wp-content\/uploads\/2025\/10\/unsere_technologien-800x404.jpg 800w\" sizes=\"auto, (max-width: 2560px) 100vw, 2560px\" \/>\n\n\n\n<div class=\"gb-element-36d737ce\">\n<h1 class=\"gb-text gb-text-93025f2c\">Research and development<\/h1>\n\n\n\n<p class=\"gb-text gb-text-8cdf2734\"><\/p>\n<\/div>\n<\/div>\n\n\n\n<div class=\"padding-block gb-element-58a27697\">\n<h2 class=\"gb-text\">Innovative filter solution for metro stations<\/h2>\n\n\n\n<p>Seit Mitte des Jahres 2023 arbeitet FILTRONtec an der Entwicklung einer Filteranlage f\u00fcr Metrostationen. Weltweite Messungen in solchen Stationen haben gezeigt, dass die Schadstoffkonzentrationen dort oft deutlich \u00fcber den in freier Umgebung zul\u00e4ssigen Grenzwerten liegen. Mithilfe der F\u00f6rderung durch das Zentrale Innovationsprogramm Mittelstand (<a href=\"https:\/\/www.zim.de\/ZIM\/Navigation\/DE\/Home\/home.html\" target=\"_blank\" rel=\"noreferrer noopener\">ZIM<\/a>) entwickeln und testen wir eine Anlage, die sich durch sehr gute Abscheideraten, innovatives Design und Nachhaltigkeit auszeichnen wird.<\/p>\n<\/div>\n\n\n\n<section class=\"padding-block gb-element-fc7da398\">\n<div>\n<h2 class=\"gb-text\"><strong>Innovation in fine dust and gas filters<\/strong><\/h2>\n\n\n\n<p class=\"gb-text\">FILTRONtec's fine dust filters and gas filters are constantly being further developed and optimised. Our research and development activities have not only enabled us to increase the separation rate of the fine dust filter for greater air speed but also reduce the size of the filter at the same time.<\/p>\n\n\n\n<p><\/p>\n\n\n\n<p>In the laboratory, we are continually examining the mechanical and chemical properties of the active carbon products available on the market. We run various series of tests to determine the pressure loss, deposition efficiency and expected useful life of the active carbon filter under different conditions and analyse the influencing factors.<\/p>\n<\/div>\n\n\n\n<div>\n<div class=\"wp-block-cloudcatch-splide-carousel wp-block-splide-carousel__container equal-height\"><figure class=\"wp-block-splide-carousel splide\" data-splide=\"{&quot;type&quot;:&quot;fade&quot;,&quot;perPage&quot;:1,&quot;speed&quot;:400,&quot;gap&quot;:&quot;0px&quot;,&quot;fixedWidth&quot;:&quot;&quot;,&quot;autoWidth&quot;:false,&quot;perMove&quot;:1,&quot;direction&quot;:&quot;ltr&quot;,&quot;fixedHeight&quot;:&quot;&quot;,&quot;height&quot;:&quot;&quot;,&quot;arrows&quot;:true,&quot;pagination&quot;:false,&quot;autoplay&quot;:false,&quot;interval&quot;:&quot;5000&quot;,&quot;pauseOnHover&quot;:true,&quot;mediaQuery&quot;:&quot;max&quot;,&quot;breakpoints&quot;:{}}\" data-splide-extensions=\"{&quot;autoScroll&quot;:false,&quot;urlHash&quot;:false,&quot;grid&quot;:false}\"><div class=\"wp-block-splide-carousel__track splide__track\"><div class=\"wp-block-splide-carousel__list splide__list\">\n<div class=\"wp-block-cloudcatch-splide-carousel-item wp-block-splide-carousel__slide splide__slide\">\n<div>\n<figure data-wp-context=\"{&quot;imageId&quot;:&quot;69d24b58d7da3&quot;}\" data-wp-interactive=\"core\/image\" data-wp-key=\"69d24b58d7da3\" class=\"wp-block-image size-full wp-lightbox-container\" style=\"margin-top:0;margin-bottom:0\"><img loading=\"lazy\" decoding=\"async\" width=\"800\" height=\"600\" data-wp-class--hide=\"state.isContentHidden\" data-wp-class--show=\"state.isContentVisible\" data-wp-init=\"callbacks.setButtonStyles\" data-wp-on--click=\"actions.showLightbox\" data-wp-on--load=\"callbacks.setButtonStyles\" data-wp-on-window--resize=\"callbacks.setButtonStyles\" src=\"https:\/\/filtrontec.de\/wp-content\/uploads\/2025\/10\/Pruefstand_5000.jpg\" alt=\"Test bench for testing ESP modules up to 5000 m\u00b3\/h\" class=\"wp-image-1771\" style=\"aspect-ratio:3\/2;object-fit:cover\" srcset=\"https:\/\/filtrontec.de\/wp-content\/uploads\/2025\/10\/Pruefstand_5000.jpg 800w, https:\/\/filtrontec.de\/wp-content\/uploads\/2025\/10\/Pruefstand_5000-300x225.jpg 300w, https:\/\/filtrontec.de\/wp-content\/uploads\/2025\/10\/Pruefstand_5000-768x576.jpg 768w, https:\/\/filtrontec.de\/wp-content\/uploads\/2025\/10\/Pruefstand_5000-16x12.jpg 16w\" sizes=\"auto, (max-width: 800px) 100vw, 800px\" \/><button\n\t\t\tclass=\"lightbox-trigger\"\n\t\t\ttype=\"button\"\n\t\t\taria-haspopup=\"dialog\"\n\t\t\taria-label=\"Enlarge\"\n\t\t\tdata-wp-init=\"callbacks.initTriggerButton\"\n\t\t\tdata-wp-on--click=\"actions.showLightbox\"\n\t\t\tdata-wp-style--right=\"state.imageButtonRight\"\n\t\t\tdata-wp-style--top=\"state.imageButtonTop\"\n\t\t>\n\t\t\t<svg xmlns=\"http:\/\/www.w3.org\/2000\/svg\" width=\"12\" height=\"12\" fill=\"none\" viewbox=\"0 0 12 12\">\n\t\t\t\t<path fill=\"#fff\" d=\"M2 0a2 2 0 0 0-2 2v2h1.5V2a.5.5 0 0 1 .5-.5h2V0H2Zm2 10.5H2a.5.5 0 0 1-.5-.5V8H0v2a2 2 0 0 0 2 2h2v-1.5ZM8 12v-1.5h2a.5.5 0 0 0 .5-.5V8H12v2a2 2 0 0 1-2 2H8Zm2-12a2 2 0 0 1 2 2v2h-1.5V2a.5.5 0 0 0-.5-.5H8V0h2Z\" \/>\n\t\t\t<\/svg>\n\t\t<\/button><\/figure>\n\n\n\n<p class=\"gb-text figcaption gb-text-747e70d1\">Test bench for testing ESP modules up to 5000 m\u00b3\/h<\/p>\n<\/div>\n<\/div>\n\n\n\n<div class=\"wp-block-cloudcatch-splide-carousel-item wp-block-splide-carousel__slide splide__slide\">\n<div>\n<figure data-wp-context=\"{&quot;imageId&quot;:&quot;69d24b58d8670&quot;}\" data-wp-interactive=\"core\/image\" data-wp-key=\"69d24b58d8670\" class=\"wp-block-image size-full wp-lightbox-container\" style=\"margin-top:0;margin-right:0;margin-bottom:0;margin-left:0\"><img loading=\"lazy\" decoding=\"async\" width=\"800\" height=\"600\" data-wp-class--hide=\"state.isContentHidden\" data-wp-class--show=\"state.isContentVisible\" data-wp-init=\"callbacks.setButtonStyles\" data-wp-on--click=\"actions.showLightbox\" data-wp-on--load=\"callbacks.setButtonStyles\" data-wp-on-window--resize=\"callbacks.setButtonStyles\" src=\"https:\/\/filtrontec.de\/wp-content\/uploads\/2025\/10\/Hochspannungsversorgung_ESP-Module.jpg\" alt=\"High-voltage supply for ESP modules\" class=\"wp-image-1770\" style=\"aspect-ratio:3\/2;object-fit:cover\" srcset=\"https:\/\/filtrontec.de\/wp-content\/uploads\/2025\/10\/Hochspannungsversorgung_ESP-Module.jpg 800w, https:\/\/filtrontec.de\/wp-content\/uploads\/2025\/10\/Hochspannungsversorgung_ESP-Module-300x225.jpg 300w, https:\/\/filtrontec.de\/wp-content\/uploads\/2025\/10\/Hochspannungsversorgung_ESP-Module-768x576.jpg 768w, https:\/\/filtrontec.de\/wp-content\/uploads\/2025\/10\/Hochspannungsversorgung_ESP-Module-16x12.jpg 16w\" sizes=\"auto, (max-width: 800px) 100vw, 800px\" \/><button\n\t\t\tclass=\"lightbox-trigger\"\n\t\t\ttype=\"button\"\n\t\t\taria-haspopup=\"dialog\"\n\t\t\taria-label=\"Enlarge\"\n\t\t\tdata-wp-init=\"callbacks.initTriggerButton\"\n\t\t\tdata-wp-on--click=\"actions.showLightbox\"\n\t\t\tdata-wp-style--right=\"state.imageButtonRight\"\n\t\t\tdata-wp-style--top=\"state.imageButtonTop\"\n\t\t>\n\t\t\t<svg xmlns=\"http:\/\/www.w3.org\/2000\/svg\" width=\"12\" height=\"12\" fill=\"none\" viewbox=\"0 0 12 12\">\n\t\t\t\t<path fill=\"#fff\" d=\"M2 0a2 2 0 0 0-2 2v2h1.5V2a.5.5 0 0 1 .5-.5h2V0H2Zm2 10.5H2a.5.5 0 0 1-.5-.5V8H0v2a2 2 0 0 0 2 2h2v-1.5ZM8 12v-1.5h2a.5.5 0 0 0 .5-.5V8H12v2a2 2 0 0 1-2 2H8Zm2-12a2 2 0 0 1 2 2v2h-1.5V2a.5.5 0 0 0-.5-.5H8V0h2Z\" \/>\n\t\t\t<\/svg>\n\t\t<\/button><\/figure>\n\n\n\n<p class=\"gb-text figcaption gb-text-f8b36dc6\">High-voltage supply for ESP modules<\/p>\n<\/div>\n<\/div>\n\n\n\n<div class=\"wp-block-cloudcatch-splide-carousel-item wp-block-splide-carousel__slide splide__slide\">\n<div>\n<figure data-wp-context=\"{&quot;imageId&quot;:&quot;69d24b58d8e77&quot;}\" data-wp-interactive=\"core\/image\" data-wp-key=\"69d24b58d8e77\" class=\"wp-block-image size-full wp-lightbox-container\" style=\"margin-top:0;margin-right:0;margin-bottom:0;margin-left:0\"><img loading=\"lazy\" decoding=\"async\" width=\"800\" height=\"450\" data-wp-class--hide=\"state.isContentHidden\" data-wp-class--show=\"state.isContentVisible\" data-wp-init=\"callbacks.setButtonStyles\" data-wp-on--click=\"actions.showLightbox\" data-wp-on--load=\"callbacks.setButtonStyles\" data-wp-on-window--resize=\"callbacks.setButtonStyles\" src=\"https:\/\/filtrontec.de\/wp-content\/uploads\/2025\/10\/Aktivkohle_Schuettbett.jpg\" alt=\"Testing of activated carbon packed beds\" class=\"wp-image-1769\" style=\"aspect-ratio:3\/2;object-fit:cover\" srcset=\"https:\/\/filtrontec.de\/wp-content\/uploads\/2025\/10\/Aktivkohle_Schuettbett.jpg 800w, https:\/\/filtrontec.de\/wp-content\/uploads\/2025\/10\/Aktivkohle_Schuettbett-300x169.jpg 300w, https:\/\/filtrontec.de\/wp-content\/uploads\/2025\/10\/Aktivkohle_Schuettbett-768x432.jpg 768w, https:\/\/filtrontec.de\/wp-content\/uploads\/2025\/10\/Aktivkohle_Schuettbett-18x10.jpg 18w\" sizes=\"auto, (max-width: 800px) 100vw, 800px\" \/><button\n\t\t\tclass=\"lightbox-trigger\"\n\t\t\ttype=\"button\"\n\t\t\taria-haspopup=\"dialog\"\n\t\t\taria-label=\"Enlarge\"\n\t\t\tdata-wp-init=\"callbacks.initTriggerButton\"\n\t\t\tdata-wp-on--click=\"actions.showLightbox\"\n\t\t\tdata-wp-style--right=\"state.imageButtonRight\"\n\t\t\tdata-wp-style--top=\"state.imageButtonTop\"\n\t\t>\n\t\t\t<svg xmlns=\"http:\/\/www.w3.org\/2000\/svg\" width=\"12\" height=\"12\" fill=\"none\" viewbox=\"0 0 12 12\">\n\t\t\t\t<path fill=\"#fff\" d=\"M2 0a2 2 0 0 0-2 2v2h1.5V2a.5.5 0 0 1 .5-.5h2V0H2Zm2 10.5H2a.5.5 0 0 1-.5-.5V8H0v2a2 2 0 0 0 2 2h2v-1.5ZM8 12v-1.5h2a.5.5 0 0 0 .5-.5V8H12v2a2 2 0 0 1-2 2H8Zm2-12a2 2 0 0 1 2 2v2h-1.5V2a.5.5 0 0 0-.5-.5H8V0h2Z\" \/>\n\t\t\t<\/svg>\n\t\t<\/button><\/figure>\n\n\n\n<p class=\"gb-text figcaption gb-text-f37bf1f0\">Testing of activated carbon packed beds<\/p>\n<\/div>\n<\/div>\n\n\n\n<div class=\"wp-block-cloudcatch-splide-carousel-item wp-block-splide-carousel__slide splide__slide\">\n<div>\n<figure data-wp-context=\"{&quot;imageId&quot;:&quot;69d24b58d9609&quot;}\" data-wp-interactive=\"core\/image\" data-wp-key=\"69d24b58d9609\" class=\"wp-block-image size-full wp-lightbox-container\" style=\"margin-top:0;margin-right:0;margin-bottom:0;margin-left:0\"><img loading=\"lazy\" decoding=\"async\" width=\"800\" height=\"600\" data-wp-class--hide=\"state.isContentHidden\" data-wp-class--show=\"state.isContentVisible\" data-wp-init=\"callbacks.setButtonStyles\" data-wp-on--click=\"actions.showLightbox\" data-wp-on--load=\"callbacks.setButtonStyles\" data-wp-on-window--resize=\"callbacks.setButtonStyles\" src=\"https:\/\/filtrontec.de\/wp-content\/uploads\/2025\/10\/Pruefstand_20000.jpg\" alt=\"Test stand for testing ESP modules up to 20,000 m\u00b3\/h with air conditioning for subtropical operating conditions\" class=\"wp-image-1772\" style=\"aspect-ratio:3\/2;object-fit:cover\" srcset=\"https:\/\/filtrontec.de\/wp-content\/uploads\/2025\/10\/Pruefstand_20000.jpg 800w, https:\/\/filtrontec.de\/wp-content\/uploads\/2025\/10\/Pruefstand_20000-300x225.jpg 300w, https:\/\/filtrontec.de\/wp-content\/uploads\/2025\/10\/Pruefstand_20000-768x576.jpg 768w, https:\/\/filtrontec.de\/wp-content\/uploads\/2025\/10\/Pruefstand_20000-16x12.jpg 16w\" sizes=\"auto, (max-width: 800px) 100vw, 800px\" \/><button\n\t\t\tclass=\"lightbox-trigger\"\n\t\t\ttype=\"button\"\n\t\t\taria-haspopup=\"dialog\"\n\t\t\taria-label=\"Enlarge\"\n\t\t\tdata-wp-init=\"callbacks.initTriggerButton\"\n\t\t\tdata-wp-on--click=\"actions.showLightbox\"\n\t\t\tdata-wp-style--right=\"state.imageButtonRight\"\n\t\t\tdata-wp-style--top=\"state.imageButtonTop\"\n\t\t>\n\t\t\t<svg xmlns=\"http:\/\/www.w3.org\/2000\/svg\" width=\"12\" height=\"12\" fill=\"none\" viewbox=\"0 0 12 12\">\n\t\t\t\t<path fill=\"#fff\" d=\"M2 0a2 2 0 0 0-2 2v2h1.5V2a.5.5 0 0 1 .5-.5h2V0H2Zm2 10.5H2a.5.5 0 0 1-.5-.5V8H0v2a2 2 0 0 0 2 2h2v-1.5ZM8 12v-1.5h2a.5.5 0 0 0 .5-.5V8H12v2a2 2 0 0 1-2 2H8Zm2-12a2 2 0 0 1 2 2v2h-1.5V2a.5.5 0 0 0-.5-.5H8V0h2Z\" \/>\n\t\t\t<\/svg>\n\t\t<\/button><\/figure>\n\n\n\n<p class=\"gb-text figcaption gb-text-9c20e844\">Test stand for testing ESP modules up to 20,000 m\u00b3\/h with air conditioning for subtropical operating conditions<\/p>\n<\/div>\n<\/div>\n<\/div><\/div><\/figure><\/div>\n<\/div>\n<\/section>\n\n\n\n<p><\/p>","protected":false},"excerpt":{"rendered":"","protected":false},"author":3,"featured_media":1566,"parent":0,"menu_order":0,"comment_status":"closed","ping_status":"closed","template":"","meta":{"_acf_changed":false,"inline_featured_image":false,"footnotes":""},"class_list":["post-184","page","type-page","status-publish","has-post-thumbnail","hentry"],"acf":[],"_links":{"self":[{"href":"https:\/\/filtrontec.de\/en\/wp-json\/wp\/v2\/pages\/184","targetHints":{"allow":["GET"]}}],"collection":[{"href":"https:\/\/filtrontec.de\/en\/wp-json\/wp\/v2\/pages"}],"about":[{"href":"https:\/\/filtrontec.de\/en\/wp-json\/wp\/v2\/types\/page"}],"author":[{"embeddable":true,"href":"https:\/\/filtrontec.de\/en\/wp-json\/wp\/v2\/users\/3"}],"replies":[{"embeddable":true,"href":"https:\/\/filtrontec.de\/en\/wp-json\/wp\/v2\/comments?post=184"}],"version-history":[{"count":2,"href":"https:\/\/filtrontec.de\/en\/wp-json\/wp\/v2\/pages\/184\/revisions"}],"predecessor-version":[{"id":2594,"href":"https:\/\/filtrontec.de\/en\/wp-json\/wp\/v2\/pages\/184\/revisions\/2594"}],"wp:featuredmedia":[{"embeddable":true,"href":"https:\/\/filtrontec.de\/en\/wp-json\/wp\/v2\/media\/1566"}],"wp:attachment":[{"href":"https:\/\/filtrontec.de\/en\/wp-json\/wp\/v2\/media?parent=184"}],"curies":[{"name":"wp","href":"https:\/\/api.w.org\/{rel}","templated":true}]}}