{"id":171,"date":"2025-09-08T22:03:24","date_gmt":"2025-09-08T20:03:24","guid":{"rendered":"https:\/\/staging.filtrontec.de\/?page_id=171"},"modified":"2026-01-19T09:54:07","modified_gmt":"2026-01-19T08:54:07","slug":"empresa","status":"publish","type":"page","link":"https:\/\/filtrontec.de\/es\/unternehmen\/","title":{"rendered":"La Empresa"},"content":{"rendered":"<div class=\"gb-element-4a154f1c alignfull hero-gradient\">\n<img loading=\"lazy\" decoding=\"async\" width=\"2560\" height=\"1707\" data-media-id=\"1965\" class=\"gb-media-d5fd787a\" alt=\"\" src=\"https:\/\/filtrontec.de\/wp-content\/uploads\/2025\/10\/engin-akyurt-iNlNrMjdI_Q-unsplash_bearbeitet-scaled.jpg\" srcset=\"https:\/\/filtrontec.de\/wp-content\/uploads\/2025\/10\/engin-akyurt-iNlNrMjdI_Q-unsplash_bearbeitet-scaled.jpg 2560w, https:\/\/filtrontec.de\/wp-content\/uploads\/2025\/10\/engin-akyurt-iNlNrMjdI_Q-unsplash_bearbeitet-2048x1365.jpg 2048w, https:\/\/filtrontec.de\/wp-content\/uploads\/2025\/10\/engin-akyurt-iNlNrMjdI_Q-unsplash_bearbeitet-300x200.jpg 300w, https:\/\/filtrontec.de\/wp-content\/uploads\/2025\/10\/engin-akyurt-iNlNrMjdI_Q-unsplash_bearbeitet-768x512.jpg 768w, https:\/\/filtrontec.de\/wp-content\/uploads\/2025\/10\/engin-akyurt-iNlNrMjdI_Q-unsplash_bearbeitet-1024x683.jpg 1024w, https:\/\/filtrontec.de\/wp-content\/uploads\/2025\/10\/engin-akyurt-iNlNrMjdI_Q-unsplash_bearbeitet-1536x1024.jpg 1536w, https:\/\/filtrontec.de\/wp-content\/uploads\/2025\/10\/engin-akyurt-iNlNrMjdI_Q-unsplash_bearbeitet-18x12.jpg 18w, https:\/\/filtrontec.de\/wp-content\/uploads\/2025\/10\/engin-akyurt-iNlNrMjdI_Q-unsplash_bearbeitet-800x533.jpg 800w\" sizes=\"auto, (max-width: 2560px) 100vw, 2560px\" \/>\n\n\n\n<div class=\"gb-element-36d737ce\">\n<h1 class=\"gb-text gb-text-93025f2c\">La Empresa<\/h1>\n\n\n\n<p class=\"gb-text gb-text-8cdf2734\">Gracias a la investigaci\u00f3n y el desarrollo continuos, FILTRONtec se ha convertido en un proveedor l\u00edder de modernos sistemas de filtraci\u00f3n para t\u00faneles e infraestructuras.<\/p>\n<\/div>\n<\/div>\n\n\n\n<div class=\"padding-block gb-element-cb760fdd\">\n<h2 class=\"gb-text\">Experiencia y presencia internacional<\/h2>\n\n\n\n<p>Desde su fundaci\u00f3n en el a\u00f1o 2000, FILTRONtec GmbH se ha convertido en uno de los principales proveedores internacionales de sistemas de filtraci\u00f3n de aire gracias a la innovaci\u00f3n continua y el apoyo a proyectos en todo el mundo. Ya se trate de t\u00faneles de carretera, aparcamientos subterr\u00e1neos u otras estructuras, apoyamos a nuestros clientes desde la planificaci\u00f3n previa hasta la puesta en marcha y tambi\u00e9n ofrecemos asistencia para la explotaci\u00f3n y el mantenimiento de los sistemas previa solicitud.<\/p>\n\n\n\n<p>La sede central de nuestra empresa se encuentra en Wolfen, Sajonia-Anhalt. Las filiales en Espa\u00f1a y Hong Kong, as\u00ed como una s\u00f3lida red de empleados cualificados y empresas asociadas garantizan la m\u00e1xima calidad en todo el mundo. Desde 2008 FILTRONtec cuenta con la certificaci\u00f3n DIN ISO 9001 y desde 2012 es miembro de la STUVA. <a href=\"https:\/\/www.stuva.de\/\" data-type=\"link\" data-id=\"https:\/\/www.stuva.de\/\">STUVA<\/a>.<\/p>\n\n\n\n<p>Con tecnolog\u00eda punta, experiencia internacional y un equipo dedicado, somos sin\u00f3nimo de m\u00e1xima calidad, soluciones sostenibles y asociaciones fiables. FILTRONtec: su especialista en sistemas innovadores de filtraci\u00f3n de aire en todo el mundo.<\/p>\n<\/div>\n\n\n\n<div class=\"gb-element-88e53c47\">\n<img loading=\"lazy\" decoding=\"async\" width=\"2560\" height=\"1022\" class=\"gb-media-3f65bb23\" alt=\"\" src=\"https:\/\/filtrontec.de\/wp-content\/uploads\/2025\/10\/filtrontec_Standorte-scaled.jpg\" title=\"filtrontec_localizaciones\" srcset=\"https:\/\/filtrontec.de\/wp-content\/uploads\/2025\/10\/filtrontec_Standorte-scaled.jpg 2560w, https:\/\/filtrontec.de\/wp-content\/uploads\/2025\/10\/filtrontec_Standorte-300x120.jpg 300w, https:\/\/filtrontec.de\/wp-content\/uploads\/2025\/10\/filtrontec_Standorte-768x307.jpg 768w, https:\/\/filtrontec.de\/wp-content\/uploads\/2025\/10\/filtrontec_Standorte-1024x409.jpg 1024w, https:\/\/filtrontec.de\/wp-content\/uploads\/2025\/10\/filtrontec_Standorte-1536x613.jpg 1536w, https:\/\/filtrontec.de\/wp-content\/uploads\/2025\/10\/filtrontec_Standorte-2048x818.jpg 2048w, https:\/\/filtrontec.de\/wp-content\/uploads\/2025\/10\/filtrontec_Standorte-18x7.jpg 18w, https:\/\/filtrontec.de\/wp-content\/uploads\/2025\/10\/filtrontec_Standorte-800x319.jpg 800w\" sizes=\"auto, (max-width: 2560px) 100vw, 2560px\" \/>\n\n\n\n<div class=\"padding-block gb-element-6b7e6c9c\">\n<h2 class=\"gb-text\">Nuestros productos implantados a nivel mundial<\/h2>\n\n\n\n<p>El aumento del volumen de tr\u00e1fico, la creciente conciencia medioambiental y la protecci\u00f3n responsable de la salud son algunas de las razones del creciente inter\u00e9s por nuestros sistemas de filtraci\u00f3n de aire para t\u00faneles de carretera y aparcamientos subterr\u00e1neos. En 2004, FILTRONtec fue seleccionada junto a dos competidores de entre 13 aspirantes en un concurso mundial de cualificaci\u00f3n t\u00e9cnica organizado por la Road and Traffic Authority (RTA) de Nueva Gales del Sur en Australia para la planificaci\u00f3n e instalaci\u00f3n de un sistema piloto de filtrado en un t\u00fanel de S\u00eddney. El contrato se adjudic\u00f3 a FILTRONtec en 2009 y el sistema de filtrado entr\u00f3 en funcionamiento en 2010.<\/p>\n\n\n\n<p>Entre 2007 a 2008, FILTRONtec instal\u00f3 varios sistemas de filtrado de aire en el t\u00fanel de la M-30 de Madrid.  De 2015 a 2019, FILTRONtec instal\u00f3 ocho sistemas de purificaci\u00f3n de aire en el t\u00fanel de Central Wan Chai Bypass en Hong Kong.<\/p>\n\n\n\n<p>En 2022, proyectamos e instalamos otro sistema para el t\u00fanel de la calle M30 de Madrid (emplazamiento del antiguo estadio Vicente Calder\u00f3n).<\/p>\n<\/div>\n<\/div>","protected":false},"excerpt":{"rendered":"<p>Gracias a la investigaci\u00f3n y el desarrollo continuos, FILTRONtec se ha convertido en un proveedor l\u00edder de modernos sistemas de filtraci\u00f3n para t\u00faneles e infraestructuras.<\/p>","protected":false},"author":3,"featured_media":1965,"parent":0,"menu_order":0,"comment_status":"closed","ping_status":"closed","template":"","meta":{"_acf_changed":false,"inline_featured_image":false,"footnotes":""},"class_list":["post-171","page","type-page","status-publish","has-post-thumbnail","hentry"],"acf":[],"_links":{"self":[{"href":"https:\/\/filtrontec.de\/es\/wp-json\/wp\/v2\/pages\/171","targetHints":{"allow":["GET"]}}],"collection":[{"href":"https:\/\/filtrontec.de\/es\/wp-json\/wp\/v2\/pages"}],"about":[{"href":"https:\/\/filtrontec.de\/es\/wp-json\/wp\/v2\/types\/page"}],"author":[{"embeddable":true,"href":"https:\/\/filtrontec.de\/es\/wp-json\/wp\/v2\/users\/3"}],"replies":[{"embeddable":true,"href":"https:\/\/filtrontec.de\/es\/wp-json\/wp\/v2\/comments?post=171"}],"version-history":[{"count":0,"href":"https:\/\/filtrontec.de\/es\/wp-json\/wp\/v2\/pages\/171\/revisions"}],"wp:featuredmedia":[{"embeddable":true,"href":"https:\/\/filtrontec.de\/es\/wp-json\/wp\/v2\/media\/1965"}],"wp:attachment":[{"href":"https:\/\/filtrontec.de\/es\/wp-json\/wp\/v2\/media?parent=171"}],"curies":[{"name":"wp","href":"https:\/\/api.w.org\/{rel}","templated":true}]}}