{"id":172,"date":"2025-09-08T21:59:50","date_gmt":"2025-09-08T19:59:50","guid":{"rendered":"https:\/\/staging.filtrontec.de\/?page_id=172"},"modified":"2026-02-25T13:25:17","modified_gmt":"2026-02-25T12:25:17","slug":"historia","status":"publish","type":"page","link":"https:\/\/filtrontec.de\/es\/historie\/","title":{"rendered":"Historia"},"content":{"rendered":"<div class=\"gb-element-4a154f1c alignfull hero-gradient\">\n<img loading=\"lazy\" decoding=\"async\" width=\"800\" height=\"494\" data-media-id=\"314\" class=\"gb-media-d5fd787a\" alt=\"\" src=\"https:\/\/filtrontec.de\/wp-content\/uploads\/2025\/09\/starnberg_am_see.jpg\" srcset=\"https:\/\/filtrontec.de\/wp-content\/uploads\/2025\/09\/starnberg_am_see.jpg 800w, https:\/\/filtrontec.de\/wp-content\/uploads\/2025\/09\/starnberg_am_see-300x185.jpg 300w, https:\/\/filtrontec.de\/wp-content\/uploads\/2025\/09\/starnberg_am_see-768x474.jpg 768w, https:\/\/filtrontec.de\/wp-content\/uploads\/2025\/09\/starnberg_am_see-18x12.jpg 18w\" sizes=\"auto, (max-width: 800px) 100vw, 800px\" \/>\n\n\n\n<div class=\"gb-element-36d737ce\">\n<h1 class=\"gb-text gb-text-93025f2c\">Historia<\/h1>\n\n\n\n<p class=\"gb-text gb-text-8cdf2734\">Hitos en la historia de la empresa<\/p>\n<\/div>\n<\/div>\n\n\n\n<div class=\"gb-element-df627e1a\">\n<div class=\"wp-block-group is-vertical is-content-justification-left is-layout-flex wp-container-core-group-is-layout-231d3342 wp-block-group-is-layout-flex\">\n<div class=\"info-box\">\n<p class=\"gb-text info-heading\">2026<\/p>\n\n\n\n<h3 class=\"gb-text\">Participaci\u00f3n en la feria ACREX India<\/h3>\n\n\n\n<p class=\"gb-text\">Junto con nuestro socio <a href=\"https:\/\/www.arklite.co.in\/\" data-type=\"link\" data-id=\"https:\/\/www.arklite.co.in\/\">Arklite.<\/a> FILTRONtec participa por primera vez en la feria <a href=\"https:\/\/acrex.in\/home\" data-type=\"link\" data-id=\"https:\/\/acrex.in\/home\">ACREX India<\/a> en Bombay. Del 12 al 14 de marzo presentaremos al p\u00fablico internacional especializado soluciones innovadoras para la purificaci\u00f3n del aire. Nuestra participaci\u00f3n subraya nuestro creciente compromiso con el mercado indio.<br>Nos encontrar\u00e1 en el pabell\u00f3n 6, stand A07.<\/p>\n<\/div>\n\n\n\n<div class=\"info-box\">\n<p class=\"gb-text info-heading\">2024<\/p>\n\n\n\n<h3 class=\"gb-text\">Asociaci\u00f3n en la India<\/h3>\n\n\n\n<p class=\"gb-text\">A trav\u00e9s de la mediaci\u00f3n de la ( <a href=\"https:\/\/indien.ahk.de\/en\" data-type=\"link\" data-id=\"https:\/\/indien.ahk.de\/en\">AHK<\/a> ), se ha conseguido en la India un socio para el desarrollo de nuevos dispositivos para la purificaci\u00f3n del aire: la empresa <a href=\"https:\/\/www.arklite.co.in\/\">Arklite.<\/a> Un socio para el desarrollo de nuevos dispositivos de control de la contaminaci\u00f3n atmosf\u00e9rica espec\u00edficos para el mercado indio. La adquisici\u00f3n y el desarrollo del producto se est\u00e1n llevando a cabo actualmente. Los numerosos y valiosos contactos y el desarrollo conjunto de productos nos permiten mirar al futuro con optimismo.<\/p>\n<\/div>\n\n\n\n<div class=\"info-box\">\n<p class=\"gb-text info-heading\">2023<\/p>\n\n\n\n<h3 class=\"gb-text\">Proyecto de investigaci\u00f3n<\/h3>\n\n\n\n<p class=\"gb-text\">Como parte de un proyecto de investigaci\u00f3n financiado por el <strong>Zentralen Innovationsprogramm Mittelstand (<\/strong><a href=\"https:\/\/www.zim.de\/ZIM\/Navigation\/DE\/Home\/home.html\" data-type=\"link\" data-id=\"https:\/\/www.zim.de\/ZIM\/Navigation\/DE\/Home\/home.html\">ZIM<\/a><strong>)<\/strong> FILTRONtec est\u00e1 desarrollando una innovadora estaci\u00f3n de filtrado para estaciones de metro. El objetivo es mejorar de forma sostenible la calidad del aire en zonas muy frecuentadas y establecer nuevos est\u00e1ndares en ventilaci\u00f3n de espacios y edificios.<\/p>\n<\/div>\n\n\n\n<div class=\"info-box\">\n<p class=\"gb-text info-heading\">2022<\/p>\n\n\n\n<h3 class=\"gb-text\">Ampliaci\u00f3n del t\u00fanel de la M-30, Madrid<\/h3>\n\n\n\n<p class=\"gb-text\">Instalaci\u00f3n de un filtro de aire en la ampliaci\u00f3n del t\u00fanel de la M-30, tramo Nuevo Mahou-Calder\u00f3n. Bas\u00e1ndose en el exitoso trabajo de la filial espa\u00f1ola, Madrid vuelve a confiar en FILTRONtec.<\/p>\n\n\n\n<figure>\n<img decoding=\"async\" class=\"gb-media-1dbc0013\" alt=\"\" src=\"https:\/\/filtrontec.de\/wp-content\/uploads\/2025\/09\/M30_new-800x527.jpeg\" title=\"Obras de cubrici\u00f3n de la M-30\"\/>\n\n\n\n<figcaption class=\"gb-text figcaption\">Obras Calle M-30<\/figcaption>\n<\/figure>\n<\/div>\n\n\n\n<div class=\"info-box\">\n<p class=\"gb-text info-heading\">2021<\/p>\n\n\n\n<h3 class=\"gb-text\">Proyecto en China<\/h3>\n\n\n\n<p class=\"gb-text\">Entrega de m\u00f3dulos ESP y suministro de alta tensi\u00f3n para dos sistemas de filtraci\u00f3n de aire  en el t\u00fanel de Guimiao Road, Shenzhen. La instalaci\u00f3n corre a cargo de un socio local.<\/p>\n<\/div>\n\n\n\n<div class=\"info-box\">\n<p class=\"gb-text info-heading\">2020<\/p>\n\n\n\n<h3 class=\"gb-text\">Purificador de aire amficab <\/h3>\n\n\n\n<p class=\"gb-text\">Desarrollo del purificador de aire amficab para la eliminaci\u00f3n virus, g\u00e9rmenes, polvo fino y contaminantes gaseosos en espacios cerrados.<\/p>\n\n\n\n<p class=\"gb-text\"><a href=\"http:\/\/www.amficab.de\/\">http:\/\/www.amficab.de\/<\/a><\/p>\n\n\n\n<figure>\n<img decoding=\"async\" class=\"gb-media-c7bee3a4\" alt=\"\" src=\"https:\/\/filtrontec.de\/wp-content\/uploads\/2025\/09\/amficab_Lobby_Spiegel_weiss-800x506.jpg\" title=\"amficab_lobby_espejo_blanco\"\/>\n<\/figure>\n<\/div>\n\n\n\n<div class=\"info-box\">\n<p class=\"gb-text info-heading\">2019<\/p>\n\n\n\n<h3 class=\"gb-text\">Central-Wan Chai By-pass, Hong Kong<\/h3>\n\n\n\n<p class=\"gb-text\">Inauguraci\u00f3n de la carretera de circunvalaci\u00f3n Central-Wan Chai con ocho sistemas de filtraci\u00f3n de aire de FILTRONtec, en funcionamiento desde entonces. En aquel momento, se trataba del mayor sistema de filtraci\u00f3n de aire en un t\u00fanel de carretera del mundo.<\/p>\n\n\n\n<figure>\n<img loading=\"lazy\" decoding=\"async\" width=\"800\" height=\"600\" class=\"gb-media-def5ef81\" alt=\"\" src=\"https:\/\/filtrontec.de\/wp-content\/uploads\/2025\/09\/Central-Wan_Chai_Bypass_Central_Entrance.jpg\" title=\"Central-Wan_Chai_Bypass_Central_Entrance\" srcset=\"https:\/\/filtrontec.de\/wp-content\/uploads\/2025\/09\/Central-Wan_Chai_Bypass_Central_Entrance.jpg 800w, https:\/\/filtrontec.de\/wp-content\/uploads\/2025\/09\/Central-Wan_Chai_Bypass_Central_Entrance-300x225.jpg 300w, https:\/\/filtrontec.de\/wp-content\/uploads\/2025\/09\/Central-Wan_Chai_Bypass_Central_Entrance-768x576.jpg 768w, https:\/\/filtrontec.de\/wp-content\/uploads\/2025\/09\/Central-Wan_Chai_Bypass_Central_Entrance-16x12.jpg 16w\" sizes=\"auto, (max-width: 800px) 100vw, 800px\" \/>\n\n\n\n<figcaption class=\"gb-text figcaption\">Central-Wan Chai, Hong Kong<\/figcaption>\n<\/figure>\n<\/div>\n\n\n\n<div class=\"info-box\">\n<p class=\"gb-text info-heading\">2015 \/ 2017<\/p>\n\n\n\n<h3 class=\"gb-text\">Proyectos internacionales<\/h3>\n\n\n\n<p class=\"gb-text\">Planificaci\u00f3n y gesti\u00f3n de proyectos de sistemas de filtraci\u00f3n de air de escape en Corea, China y Australia.<\/p>\n<\/div>\n\n\n\n<div class=\"info-box\">\n<p class=\"gb-text info-heading\">2014<\/p>\n\n\n\n<h3 class=\"gb-text\">Reforzando el mercado asi\u00e1tico<\/h3>\n\n\n\n<p class=\"gb-text\">Fundaci\u00f3n de la filial FILTRONtec Limited, ocho sistemas de filtraci\u00f3n de aire de escape para la circunvalaci\u00f3n Central-Wan Chai de Hong Kong.<\/p>\n<\/div>\n\n\n\n<div class=\"info-box\">\n<p class=\"gb-text info-heading\">2010<\/p>\n\n\n\n<h3 class=\"gb-text\">Finalizaci\u00f3n del t\u00fanel de la M5East<\/h3>\n\n\n\n<p class=\"gb-text\">El sistema de filtraci\u00f3n de aire del t\u00fanel de la M5 Este entra en servicio en la fecha prevista, tras menos de ocho meses de construcci\u00f3n, y se entrega al operador del t\u00fanel.<\/p>\n\n\n\n<figure>\n<img loading=\"lazy\" decoding=\"async\" width=\"800\" height=\"579\" class=\"gb-media-08c8363a\" alt=\"\" src=\"https:\/\/filtrontec.de\/wp-content\/uploads\/2025\/09\/m5_sydney.png\" title=\"m5_sydney\" srcset=\"https:\/\/filtrontec.de\/wp-content\/uploads\/2025\/09\/m5_sydney.png 800w, https:\/\/filtrontec.de\/wp-content\/uploads\/2025\/09\/m5_sydney-300x217.png 300w, https:\/\/filtrontec.de\/wp-content\/uploads\/2025\/09\/m5_sydney-768x556.png 768w, https:\/\/filtrontec.de\/wp-content\/uploads\/2025\/09\/m5_sydney-18x12.png 18w\" sizes=\"auto, (max-width: 800px) 100vw, 800px\" \/>\n\n\n\n<figcaption class=\"gb-text figcaption\">Sistema de filtrado de aire en el t\u00fanel M5East, S\u00eddney<\/figcaption>\n<\/figure>\n<\/div>\n\n\n\n<div class=\"info-box\">\n<p class=\"gb-text info-heading\">2009<\/p>\n\n\n\n<h3 class=\"gb-text\">Contrato para el t\u00fanel M5East y expansi\u00f3n hacia Australia<\/h3>\n\n\n\n<p class=\"gb-text\">Se adjudica el contrato para la instalaci\u00f3n de un sistema de filtraci\u00f3n de aire en el t\u00fanel M5East existente, en S\u00eddney. Fundaci\u00f3n de la filial FILTRONtec Pty Ltd en S\u00eddney.<\/p>\n<\/div>\n\n\n\n<div class=\"info-box\">\n<p class=\"gb-text info-heading\">2007 \/ 2008<\/p>\n\n\n\n<h3 class=\"gb-text\">T\u00fanel de la M-30 de Madrid<\/h3>\n\n\n\n<p class=\"gb-text\">Puesta en marcha de los tres sistemas de filtraci\u00f3n del aire de escape en el t\u00fanel de la M-30, en el marco de un proyecto de desarrollo urbano para reubicar el tr\u00e1fico por debajo del nivel del suelo y crear nuevos parques y zonas recreativas en las riberas del Manzanares.<\/p>\n\n\n\n<figure>\n<img loading=\"lazy\" decoding=\"async\" width=\"800\" height=\"600\" class=\"gb-media-3362ddbe\" alt=\"\" src=\"https:\/\/filtrontec.de\/wp-content\/uploads\/2025\/09\/Luft-Auslassoeffnung-M30-01.jpg\" title=\"Abertura de salida de aire-M30-01\" srcset=\"https:\/\/filtrontec.de\/wp-content\/uploads\/2025\/09\/Luft-Auslassoeffnung-M30-01.jpg 800w, https:\/\/filtrontec.de\/wp-content\/uploads\/2025\/09\/Luft-Auslassoeffnung-M30-01-300x225.jpg 300w, https:\/\/filtrontec.de\/wp-content\/uploads\/2025\/09\/Luft-Auslassoeffnung-M30-01-768x576.jpg 768w, https:\/\/filtrontec.de\/wp-content\/uploads\/2025\/09\/Luft-Auslassoeffnung-M30-01-16x12.jpg 16w\" sizes=\"auto, (max-width: 800px) 100vw, 800px\" \/>\n\n\n\n<figcaption class=\"gb-text figcaption\">Salida para el aire filtrado del t\u00fanel de la M-30 en Madrid R\u00edo, Madrid<\/figcaption>\n<\/figure>\n<\/div>\n\n\n\n<div class=\"info-box\">\n<p class=\"gb-text info-heading\">2006<\/p>\n\n\n\n<h3 class=\"gb-text\">Expansi\u00f3n en Europa<\/h3>\n\n\n\n<p class=\"gb-text\">Fundaci\u00f3n de una sucursal en Bitterfeld-Wolfen y de la filial FILTRONtec ESPA\u00d1A, S.L., con sede en Madrid. Adem\u00e1s, FILTRONtec GmbH recibe los encargos para el dise\u00f1o y la instalaci\u00f3n de tres sistemas de filtrado de aire de escape en el t\u00fanel Calle M30 R\u00edo, en Madrid.<\/p>\n<\/div>\n\n\n\n<div class=\"info-box\">\n<p class=\"gb-text info-heading\">2005<\/p>\n\n\n\n<h3 class=\"gb-text\">City-Tunnel Leiden, Pa\u00edses Bajos<\/h3>\n\n\n\n<p class=\"gb-text\">Planificaci\u00f3n del proyecto de un sistema de filtraci\u00f3n del aire de escape para el t\u00fanel de la ciudad de Leiden.<\/p>\n<\/div>\n\n\n\n<div class=\"info-box\">\n<p class=\"gb-text info-heading\">2004<\/p>\n\n\n\n<h3 class=\"gb-text\">T\u00fanel M5East, S\u00eddney<\/h3>\n\n\n\n<p class=\"gb-text\">La Autoridad de Carreteras y Tr\u00e1fico (RTA) de Nueva Gales del Sur (NSW) califica a FILTRONtec como uno de los tres proveedores para la planificaci\u00f3n e instalaci\u00f3n de un sistema piloto de filtraci\u00f3n en el T\u00fanel Este de la M5, Sydney, como parte de un concurso internacional.<\/p>\n<\/div>\n\n\n\n<div class=\"info-box\">\n<p class=\"gb-text info-heading\">2003<\/p>\n\n\n\n<h3 class=\"gb-text\">T\u00fanel del Mont Blanc<\/h3>\n\n\n\n<p class=\"gb-text\">Planificaci\u00f3n de un sistema de filtraci\u00f3n de aire para el t\u00fanel del Mont Blanc, de 11,4 kil\u00f3metros, junto con la empresa francesa de ingenier\u00eda SCETAUROUTE.<\/p>\n<\/div>\n\n\n\n<div class=\"info-box\">\n<p class=\"gb-text info-heading\">2001<\/p>\n\n\n\n<h3 class=\"gb-text\">T\u00fanel Tiergarten Berl\u00edn<\/h3>\n\n\n\n<p class=\"gb-text\">Planificaci\u00f3n del proyecto de un moderno sistema de filtraci\u00f3n de aire de escape para el Tiergartentunnel de Berl\u00edn como alternativa sostenible a una chimenea de aire de escape en la explanada de la estaci\u00f3n central de ferrocarril de Berl\u00edn.<\/p>\n<\/div>\n\n\n\n<div class=\"info-box\">\n<p class=\"gb-text info-heading\">2000<\/p>\n\n\n\n<h3 class=\"gb-text\">Fundaci\u00f3n de FILTRONtec GmbH<\/h3>\n\n\n\n<p>FILTRONtec GmbH se funda en Starnberg y se centra en sistemas de filtraci\u00f3n de aire para t\u00faneles de carretera y estructuras subterr\u00e1neas.<\/p>\n<\/div>\n\n\n\n<div class=\"info-box\">\n<p class=\"gb-text info-heading\">1994<\/p>\n\n\n\n<h3 class=\"gb-text\">Proyecto piloto del t\u00fanel del Elba en Hamburgo<\/h3>\n\n\n\n<p class=\"gb-text\">La Ciudad Libre y Hanse\u00e1tica de Hamburgo encarga a DR. DICKELS &amp; PARTNER el desarrollo de un sistema piloto de filtrado para la depuraci\u00f3n del aire de escape del t\u00fanel del Elba, financiado por el Ministerio Federal de Educaci\u00f3n, Investigaci\u00f3n y Tecnolog\u00eda (BMFT).<\/p>\n\n\n\n<figure>\n<img loading=\"lazy\" decoding=\"async\" width=\"800\" height=\"460\" class=\"gb-media-d580d1f0\" alt=\"\" src=\"https:\/\/filtrontec.de\/wp-content\/uploads\/2025\/09\/elbtunnel_hamburg.png\" title=\"elbtunnel_hamburg\" srcset=\"https:\/\/filtrontec.de\/wp-content\/uploads\/2025\/09\/elbtunnel_hamburg.png 800w, https:\/\/filtrontec.de\/wp-content\/uploads\/2025\/09\/elbtunnel_hamburg-300x173.png 300w, https:\/\/filtrontec.de\/wp-content\/uploads\/2025\/09\/elbtunnel_hamburg-768x442.png 768w, https:\/\/filtrontec.de\/wp-content\/uploads\/2025\/09\/elbtunnel_hamburg-18x10.png 18w\" sizes=\"auto, (max-width: 800px) 100vw, 800px\" \/>\n\n\n\n<figcaption class=\"gb-text figcaption\">Sistema piloto de filtrado en el t\u00fanel del Elba en Hamburgo<\/figcaption>\n<\/figure>\n<\/div>\n\n\n\n<div class=\"info-box\">\n<p class=\"gb-text info-heading\">1982<\/p>\n\n\n\n<h3 class=\"gb-text\">Fundaci\u00f3n de DR. DICKELS &amp; PARTNER<\/h3>\n\n\n\n<p class=\"gb-text\">Se funda en Starnberg la empresa de ingenier\u00eda DR. DICKELS &amp; PARTNER se funda en Starnberg. Inicialmente, se centra en la planificaci\u00f3n de plantas innovadoras de generaci\u00f3n de energ\u00eda. Poco despu\u00e9s, el campo de actividad se ampl\u00eda a los procesos de control de la contaminaci\u00f3n atmosf\u00e9rica.<\/p>\n<\/div>\n<\/div>\n<\/div>","protected":false},"excerpt":{"rendered":"<p>Hitos en la historia de la empresa<\/p>","protected":false},"author":3,"featured_media":314,"parent":0,"menu_order":0,"comment_status":"closed","ping_status":"closed","template":"","meta":{"_acf_changed":false,"inline_featured_image":false,"footnotes":""},"class_list":["post-172","page","type-page","status-publish","has-post-thumbnail","hentry"],"acf":[],"_links":{"self":[{"href":"https:\/\/filtrontec.de\/es\/wp-json\/wp\/v2\/pages\/172","targetHints":{"allow":["GET"]}}],"collection":[{"href":"https:\/\/filtrontec.de\/es\/wp-json\/wp\/v2\/pages"}],"about":[{"href":"https:\/\/filtrontec.de\/es\/wp-json\/wp\/v2\/types\/page"}],"author":[{"embeddable":true,"href":"https:\/\/filtrontec.de\/es\/wp-json\/wp\/v2\/users\/3"}],"replies":[{"embeddable":true,"href":"https:\/\/filtrontec.de\/es\/wp-json\/wp\/v2\/comments?post=172"}],"version-history":[{"count":5,"href":"https:\/\/filtrontec.de\/es\/wp-json\/wp\/v2\/pages\/172\/revisions"}],"predecessor-version":[{"id":2605,"href":"https:\/\/filtrontec.de\/es\/wp-json\/wp\/v2\/pages\/172\/revisions\/2605"}],"wp:featuredmedia":[{"embeddable":true,"href":"https:\/\/filtrontec.de\/es\/wp-json\/wp\/v2\/media\/314"}],"wp:attachment":[{"href":"https:\/\/filtrontec.de\/es\/wp-json\/wp\/v2\/media?parent=172"}],"curies":[{"name":"wp","href":"https:\/\/api.w.org\/{rel}","templated":true}]}}