{"id":184,"date":"2025-09-08T22:01:14","date_gmt":"2025-09-08T20:01:14","guid":{"rendered":"https:\/\/staging.filtrontec.de\/?page_id=184"},"modified":"2026-02-23T11:39:10","modified_gmt":"2026-02-23T10:39:10","slug":"desarrollo-de-la-investigacion","status":"publish","type":"page","link":"https:\/\/filtrontec.de\/es\/forschung-entwicklung\/","title":{"rendered":"Investigaci\u00f3n y Desarrollo"},"content":{"rendered":"<div class=\"gb-element-4a154f1c alignfull hero-gradient\">\n<img loading=\"lazy\" decoding=\"async\" width=\"2560\" height=\"1292\" data-media-id=\"1566\" class=\"gb-media-d5fd787a\" alt=\"\" src=\"https:\/\/filtrontec.de\/wp-content\/uploads\/2025\/10\/unsere_technologien-scaled.jpg\" srcset=\"https:\/\/filtrontec.de\/wp-content\/uploads\/2025\/10\/unsere_technologien-scaled.jpg 2560w, https:\/\/filtrontec.de\/wp-content\/uploads\/2025\/10\/unsere_technologien-2048x1033.jpg 2048w, https:\/\/filtrontec.de\/wp-content\/uploads\/2025\/10\/unsere_technologien-300x151.jpg 300w, https:\/\/filtrontec.de\/wp-content\/uploads\/2025\/10\/unsere_technologien-768x388.jpg 768w, https:\/\/filtrontec.de\/wp-content\/uploads\/2025\/10\/unsere_technologien-1024x517.jpg 1024w, https:\/\/filtrontec.de\/wp-content\/uploads\/2025\/10\/unsere_technologien-1536x775.jpg 1536w, https:\/\/filtrontec.de\/wp-content\/uploads\/2025\/10\/unsere_technologien-18x9.jpg 18w, https:\/\/filtrontec.de\/wp-content\/uploads\/2025\/10\/unsere_technologien-800x404.jpg 800w\" sizes=\"auto, (max-width: 2560px) 100vw, 2560px\" \/>\n\n\n\n<div class=\"gb-element-36d737ce\">\n<h1 class=\"gb-text gb-text-93025f2c\">Investigaci\u00f3n y Desarrollo<\/h1>\n\n\n\n<p class=\"gb-text gb-text-8cdf2734\"><\/p>\n<\/div>\n<\/div>\n\n\n\n<div class=\"padding-block gb-element-58a27697\">\n<h2 class=\"gb-text\">Innovadora soluci\u00f3n de fitraci\u00f3n para estaciones de metro<\/h2>\n\n\n\n<p>Desde mediados de 2023, FILTRONtec trabaja tambi\u00e9n en el desarrollo de un sistema de filtraci\u00f3n para estaciones de metro. Las mediciones realizadas a nivel mundial en dichas estaciones han demostrado que las concentraciones de contaminantes en ellas suelen estar muy por encima de los l\u00edmites permitidos en el aire ambiente. Con la ayuda de la financiaci\u00f3n del Programa Central de Innovaci\u00f3n para pymes (<a href=\"https:\/\/www.zim.de\/ZIM\/Navigation\/DE\/Meta\/Englisch\/englisch.html\" target=\"_blank\" rel=\"noreferrer noopener\">ZIM<\/a>), estamos desarrollando y sometiendo a pruebas un sistema que se caracterizar\u00e1 por su elevada eficiencia, su dise\u00f1o innovador y su sostenibilidad.<a href=\"https:\/\/www.zim.de\/ZIM\/Navigation\/DE\/Home\/home.html\" target=\"_blank\" rel=\"noreferrer noopener\">ZIM<\/a>) entwickeln und testen wir eine Anlage, die sich durch sehr gute Abscheideraten, innovatives Design und Nachhaltigkeit auszeichnen wird.<\/p>\n<\/div>\n\n\n\n<section class=\"padding-block gb-element-fc7da398\">\n<div>\n<h2 class=\"gb-text\"><strong>Innovaci\u00f3n en filtros de polvo fino y gases<\/strong><\/h2>\n\n\n\n<p class=\"gb-text\">Sometemos a nuestros filtros para part\u00edculas y gases contaminantes a un permanente proceso de mejora y optimizaci\u00f3n. Gracias a nuestros esfuerzos en I &amp; D, no solo hemos logrado aumentar la eficiencia del filtro para part\u00edculas para velocidades de aire m\u00e1s altas, sino que tambi\u00e9n hemos reducido el tama\u00f1o del mismo.<\/p>\n\n\n\n<p><\/p>\n\n\n\n<p>En el laboratorio, analizamos constantemente las propiedades mec\u00e1nicas y qu\u00edmicas de los distintos carbones activos disponibles en el mercado. En los ensayos, se eval\u00faan la p\u00e9rdida de carga, la eficiencia de filtrado y la vida \u00fatil estimada de los carbones filtrantes bajo diferentes condiciones y se analizan los factores que influyen en ellas.<\/p>\n<\/div>\n\n\n\n<div>\n<div class=\"wp-block-cloudcatch-splide-carousel wp-block-splide-carousel__container equal-height\"><figure class=\"wp-block-splide-carousel splide\" data-splide=\"{&quot;type&quot;:&quot;fade&quot;,&quot;perPage&quot;:1,&quot;speed&quot;:400,&quot;gap&quot;:&quot;0px&quot;,&quot;fixedWidth&quot;:&quot;&quot;,&quot;autoWidth&quot;:false,&quot;perMove&quot;:1,&quot;direction&quot;:&quot;ltr&quot;,&quot;fixedHeight&quot;:&quot;&quot;,&quot;height&quot;:&quot;&quot;,&quot;arrows&quot;:true,&quot;pagination&quot;:false,&quot;autoplay&quot;:false,&quot;interval&quot;:&quot;5000&quot;,&quot;pauseOnHover&quot;:true,&quot;mediaQuery&quot;:&quot;max&quot;,&quot;breakpoints&quot;:{}}\" data-splide-extensions=\"{&quot;autoScroll&quot;:false,&quot;urlHash&quot;:false,&quot;grid&quot;:false}\"><div class=\"wp-block-splide-carousel__track splide__track\"><div class=\"wp-block-splide-carousel__list splide__list\">\n<div class=\"wp-block-cloudcatch-splide-carousel-item wp-block-splide-carousel__slide splide__slide\">\n<div>\n<figure data-wp-context=\"{&quot;imageId&quot;:&quot;69deb8acdf5d6&quot;}\" data-wp-interactive=\"core\/image\" data-wp-key=\"69deb8acdf5d6\" class=\"wp-block-image size-full wp-lightbox-container\" style=\"margin-top:0;margin-bottom:0\"><img loading=\"lazy\" decoding=\"async\" width=\"800\" height=\"600\" data-wp-class--hide=\"state.isContentHidden\" data-wp-class--show=\"state.isContentVisible\" data-wp-init=\"callbacks.setButtonStyles\" data-wp-on--click=\"actions.showLightbox\" data-wp-on--load=\"callbacks.setButtonStyles\" data-wp-on-window--resize=\"callbacks.setButtonStyles\" src=\"https:\/\/filtrontec.de\/wp-content\/uploads\/2025\/10\/Pruefstand_5000.jpg\" alt=\"Banco de pruebas para evaluar m\u00f3dulos ESP de hasta 5.000 m\u00b3\/h\" class=\"wp-image-1771\" style=\"aspect-ratio:3\/2;object-fit:cover\" srcset=\"https:\/\/filtrontec.de\/wp-content\/uploads\/2025\/10\/Pruefstand_5000.jpg 800w, https:\/\/filtrontec.de\/wp-content\/uploads\/2025\/10\/Pruefstand_5000-300x225.jpg 300w, https:\/\/filtrontec.de\/wp-content\/uploads\/2025\/10\/Pruefstand_5000-768x576.jpg 768w, https:\/\/filtrontec.de\/wp-content\/uploads\/2025\/10\/Pruefstand_5000-16x12.jpg 16w\" sizes=\"auto, (max-width: 800px) 100vw, 800px\" \/><button\n\t\t\tclass=\"lightbox-trigger\"\n\t\t\ttype=\"button\"\n\t\t\taria-haspopup=\"dialog\"\n\t\t\taria-label=\"Agrandar\"\n\t\t\tdata-wp-init=\"callbacks.initTriggerButton\"\n\t\t\tdata-wp-on--click=\"actions.showLightbox\"\n\t\t\tdata-wp-style--right=\"state.imageButtonRight\"\n\t\t\tdata-wp-style--top=\"state.imageButtonTop\"\n\t\t>\n\t\t\t<svg xmlns=\"http:\/\/www.w3.org\/2000\/svg\" width=\"12\" height=\"12\" fill=\"none\" viewbox=\"0 0 12 12\">\n\t\t\t\t<path fill=\"#fff\" d=\"M2 0a2 2 0 0 0-2 2v2h1.5V2a.5.5 0 0 1 .5-.5h2V0H2Zm2 10.5H2a.5.5 0 0 1-.5-.5V8H0v2a2 2 0 0 0 2 2h2v-1.5ZM8 12v-1.5h2a.5.5 0 0 0 .5-.5V8H12v2a2 2 0 0 1-2 2H8Zm2-12a2 2 0 0 1 2 2v2h-1.5V2a.5.5 0 0 0-.5-.5H8V0h2Z\" \/>\n\t\t\t<\/svg>\n\t\t<\/button><\/figure>\n\n\n\n<p class=\"gb-text figcaption gb-text-747e70d1\">Banco de pruebas para evaluar m\u00f3dulos ESP de hasta 5.000 m\u00b3\/h<\/p>\n<\/div>\n<\/div>\n\n\n\n<div class=\"wp-block-cloudcatch-splide-carousel-item wp-block-splide-carousel__slide splide__slide\">\n<div>\n<figure data-wp-context=\"{&quot;imageId&quot;:&quot;69deb8ace0259&quot;}\" data-wp-interactive=\"core\/image\" data-wp-key=\"69deb8ace0259\" class=\"wp-block-image size-full wp-lightbox-container\" style=\"margin-top:0;margin-right:0;margin-bottom:0;margin-left:0\"><img loading=\"lazy\" decoding=\"async\" width=\"800\" height=\"600\" data-wp-class--hide=\"state.isContentHidden\" data-wp-class--show=\"state.isContentVisible\" data-wp-init=\"callbacks.setButtonStyles\" data-wp-on--click=\"actions.showLightbox\" data-wp-on--load=\"callbacks.setButtonStyles\" data-wp-on-window--resize=\"callbacks.setButtonStyles\" src=\"https:\/\/filtrontec.de\/wp-content\/uploads\/2025\/10\/Hochspannungsversorgung_ESP-Module.jpg\" alt=\"Alimentaci\u00f3n de alta tensi\u00f3n para m\u00f3dulos ESP\" class=\"wp-image-1770\" style=\"aspect-ratio:3\/2;object-fit:cover\" srcset=\"https:\/\/filtrontec.de\/wp-content\/uploads\/2025\/10\/Hochspannungsversorgung_ESP-Module.jpg 800w, https:\/\/filtrontec.de\/wp-content\/uploads\/2025\/10\/Hochspannungsversorgung_ESP-Module-300x225.jpg 300w, https:\/\/filtrontec.de\/wp-content\/uploads\/2025\/10\/Hochspannungsversorgung_ESP-Module-768x576.jpg 768w, https:\/\/filtrontec.de\/wp-content\/uploads\/2025\/10\/Hochspannungsversorgung_ESP-Module-16x12.jpg 16w\" sizes=\"auto, (max-width: 800px) 100vw, 800px\" \/><button\n\t\t\tclass=\"lightbox-trigger\"\n\t\t\ttype=\"button\"\n\t\t\taria-haspopup=\"dialog\"\n\t\t\taria-label=\"Agrandar\"\n\t\t\tdata-wp-init=\"callbacks.initTriggerButton\"\n\t\t\tdata-wp-on--click=\"actions.showLightbox\"\n\t\t\tdata-wp-style--right=\"state.imageButtonRight\"\n\t\t\tdata-wp-style--top=\"state.imageButtonTop\"\n\t\t>\n\t\t\t<svg xmlns=\"http:\/\/www.w3.org\/2000\/svg\" width=\"12\" height=\"12\" fill=\"none\" viewbox=\"0 0 12 12\">\n\t\t\t\t<path fill=\"#fff\" d=\"M2 0a2 2 0 0 0-2 2v2h1.5V2a.5.5 0 0 1 .5-.5h2V0H2Zm2 10.5H2a.5.5 0 0 1-.5-.5V8H0v2a2 2 0 0 0 2 2h2v-1.5ZM8 12v-1.5h2a.5.5 0 0 0 .5-.5V8H12v2a2 2 0 0 1-2 2H8Zm2-12a2 2 0 0 1 2 2v2h-1.5V2a.5.5 0 0 0-.5-.5H8V0h2Z\" \/>\n\t\t\t<\/svg>\n\t\t<\/button><\/figure>\n\n\n\n<p class=\"gb-text figcaption gb-text-f8b36dc6\">Alimentaci\u00f3n de alta tensi\u00f3n para m\u00f3dulos ESP<\/p>\n<\/div>\n<\/div>\n\n\n\n<div class=\"wp-block-cloudcatch-splide-carousel-item wp-block-splide-carousel__slide splide__slide\">\n<div>\n<figure data-wp-context=\"{&quot;imageId&quot;:&quot;69deb8ace0e9a&quot;}\" data-wp-interactive=\"core\/image\" data-wp-key=\"69deb8ace0e9a\" class=\"wp-block-image size-full wp-lightbox-container\" style=\"margin-top:0;margin-right:0;margin-bottom:0;margin-left:0\"><img loading=\"lazy\" decoding=\"async\" width=\"800\" height=\"450\" data-wp-class--hide=\"state.isContentHidden\" data-wp-class--show=\"state.isContentVisible\" data-wp-init=\"callbacks.setButtonStyles\" data-wp-on--click=\"actions.showLightbox\" data-wp-on--load=\"callbacks.setButtonStyles\" data-wp-on-window--resize=\"callbacks.setButtonStyles\" src=\"https:\/\/filtrontec.de\/wp-content\/uploads\/2025\/10\/Aktivkohle_Schuettbett.jpg\" alt=\"Ensayos a lecho de carb\u00f3n activo\" class=\"wp-image-1769\" style=\"aspect-ratio:3\/2;object-fit:cover\" srcset=\"https:\/\/filtrontec.de\/wp-content\/uploads\/2025\/10\/Aktivkohle_Schuettbett.jpg 800w, https:\/\/filtrontec.de\/wp-content\/uploads\/2025\/10\/Aktivkohle_Schuettbett-300x169.jpg 300w, https:\/\/filtrontec.de\/wp-content\/uploads\/2025\/10\/Aktivkohle_Schuettbett-768x432.jpg 768w, https:\/\/filtrontec.de\/wp-content\/uploads\/2025\/10\/Aktivkohle_Schuettbett-18x10.jpg 18w\" sizes=\"auto, (max-width: 800px) 100vw, 800px\" \/><button\n\t\t\tclass=\"lightbox-trigger\"\n\t\t\ttype=\"button\"\n\t\t\taria-haspopup=\"dialog\"\n\t\t\taria-label=\"Agrandar\"\n\t\t\tdata-wp-init=\"callbacks.initTriggerButton\"\n\t\t\tdata-wp-on--click=\"actions.showLightbox\"\n\t\t\tdata-wp-style--right=\"state.imageButtonRight\"\n\t\t\tdata-wp-style--top=\"state.imageButtonTop\"\n\t\t>\n\t\t\t<svg xmlns=\"http:\/\/www.w3.org\/2000\/svg\" width=\"12\" height=\"12\" fill=\"none\" viewbox=\"0 0 12 12\">\n\t\t\t\t<path fill=\"#fff\" d=\"M2 0a2 2 0 0 0-2 2v2h1.5V2a.5.5 0 0 1 .5-.5h2V0H2Zm2 10.5H2a.5.5 0 0 1-.5-.5V8H0v2a2 2 0 0 0 2 2h2v-1.5ZM8 12v-1.5h2a.5.5 0 0 0 .5-.5V8H12v2a2 2 0 0 1-2 2H8Zm2-12a2 2 0 0 1 2 2v2h-1.5V2a.5.5 0 0 0-.5-.5H8V0h2Z\" \/>\n\t\t\t<\/svg>\n\t\t<\/button><\/figure>\n\n\n\n<p class=\"gb-text figcaption gb-text-f37bf1f0\">Ensayos a lecho de carb\u00f3n activo<\/p>\n<\/div>\n<\/div>\n\n\n\n<div class=\"wp-block-cloudcatch-splide-carousel-item wp-block-splide-carousel__slide splide__slide\">\n<div>\n<figure data-wp-context=\"{&quot;imageId&quot;:&quot;69deb8ace19bf&quot;}\" data-wp-interactive=\"core\/image\" data-wp-key=\"69deb8ace19bf\" class=\"wp-block-image size-full wp-lightbox-container\" style=\"margin-top:0;margin-right:0;margin-bottom:0;margin-left:0\"><img loading=\"lazy\" decoding=\"async\" width=\"800\" height=\"600\" data-wp-class--hide=\"state.isContentHidden\" data-wp-class--show=\"state.isContentVisible\" data-wp-init=\"callbacks.setButtonStyles\" data-wp-on--click=\"actions.showLightbox\" data-wp-on--load=\"callbacks.setButtonStyles\" data-wp-on-window--resize=\"callbacks.setButtonStyles\" src=\"https:\/\/filtrontec.de\/wp-content\/uploads\/2025\/10\/Pruefstand_20000.jpg\" alt=\"Banco de pruebas para ensayos a m\u00f3dulos ESP de hasta 20.000 m\u00b3\/h con climatizaci\u00f3n para simular condiciones de uso subtropicales.\" class=\"wp-image-1772\" style=\"aspect-ratio:3\/2;object-fit:cover\" srcset=\"https:\/\/filtrontec.de\/wp-content\/uploads\/2025\/10\/Pruefstand_20000.jpg 800w, https:\/\/filtrontec.de\/wp-content\/uploads\/2025\/10\/Pruefstand_20000-300x225.jpg 300w, https:\/\/filtrontec.de\/wp-content\/uploads\/2025\/10\/Pruefstand_20000-768x576.jpg 768w, https:\/\/filtrontec.de\/wp-content\/uploads\/2025\/10\/Pruefstand_20000-16x12.jpg 16w\" sizes=\"auto, (max-width: 800px) 100vw, 800px\" \/><button\n\t\t\tclass=\"lightbox-trigger\"\n\t\t\ttype=\"button\"\n\t\t\taria-haspopup=\"dialog\"\n\t\t\taria-label=\"Agrandar\"\n\t\t\tdata-wp-init=\"callbacks.initTriggerButton\"\n\t\t\tdata-wp-on--click=\"actions.showLightbox\"\n\t\t\tdata-wp-style--right=\"state.imageButtonRight\"\n\t\t\tdata-wp-style--top=\"state.imageButtonTop\"\n\t\t>\n\t\t\t<svg xmlns=\"http:\/\/www.w3.org\/2000\/svg\" width=\"12\" height=\"12\" fill=\"none\" viewbox=\"0 0 12 12\">\n\t\t\t\t<path fill=\"#fff\" d=\"M2 0a2 2 0 0 0-2 2v2h1.5V2a.5.5 0 0 1 .5-.5h2V0H2Zm2 10.5H2a.5.5 0 0 1-.5-.5V8H0v2a2 2 0 0 0 2 2h2v-1.5ZM8 12v-1.5h2a.5.5 0 0 0 .5-.5V8H12v2a2 2 0 0 1-2 2H8Zm2-12a2 2 0 0 1 2 2v2h-1.5V2a.5.5 0 0 0-.5-.5H8V0h2Z\" \/>\n\t\t\t<\/svg>\n\t\t<\/button><\/figure>\n\n\n\n<p class=\"gb-text figcaption gb-text-9c20e844\">Banco de pruebas para ensayos a m\u00f3dulos ESP de hasta 20.000 m\u00b3\/h con climatizaci\u00f3n para simular condiciones de uso subtropicales.<\/p>\n<\/div>\n<\/div>\n<\/div><\/div><\/figure><\/div>\n<\/div>\n<\/section>\n\n\n\n<p><\/p>","protected":false},"excerpt":{"rendered":"","protected":false},"author":3,"featured_media":1566,"parent":0,"menu_order":0,"comment_status":"closed","ping_status":"closed","template":"","meta":{"_acf_changed":false,"inline_featured_image":false,"footnotes":""},"class_list":["post-184","page","type-page","status-publish","has-post-thumbnail","hentry"],"acf":[],"_links":{"self":[{"href":"https:\/\/filtrontec.de\/es\/wp-json\/wp\/v2\/pages\/184","targetHints":{"allow":["GET"]}}],"collection":[{"href":"https:\/\/filtrontec.de\/es\/wp-json\/wp\/v2\/pages"}],"about":[{"href":"https:\/\/filtrontec.de\/es\/wp-json\/wp\/v2\/types\/page"}],"author":[{"embeddable":true,"href":"https:\/\/filtrontec.de\/es\/wp-json\/wp\/v2\/users\/3"}],"replies":[{"embeddable":true,"href":"https:\/\/filtrontec.de\/es\/wp-json\/wp\/v2\/comments?post=184"}],"version-history":[{"count":2,"href":"https:\/\/filtrontec.de\/es\/wp-json\/wp\/v2\/pages\/184\/revisions"}],"predecessor-version":[{"id":2594,"href":"https:\/\/filtrontec.de\/es\/wp-json\/wp\/v2\/pages\/184\/revisions\/2594"}],"wp:featuredmedia":[{"embeddable":true,"href":"https:\/\/filtrontec.de\/es\/wp-json\/wp\/v2\/media\/1566"}],"wp:attachment":[{"href":"https:\/\/filtrontec.de\/es\/wp-json\/wp\/v2\/media?parent=184"}],"curies":[{"name":"wp","href":"https:\/\/api.w.org\/{rel}","templated":true}]}}