{"id":188,"date":"2025-09-08T22:01:48","date_gmt":"2025-09-08T20:01:48","guid":{"rendered":"https:\/\/staging.filtrontec.de\/?page_id=188"},"modified":"2026-01-08T11:08:53","modified_gmt":"2026-01-08T10:08:53","slug":"referencias","status":"publish","type":"page","link":"https:\/\/filtrontec.de\/es\/referenzen\/","title":{"rendered":"Nuestras Referencias"},"content":{"rendered":"<div class=\"gb-element-4a154f1c alignfull hero-gradient\">\n<img loading=\"lazy\" decoding=\"async\" width=\"2560\" height=\"1706\" data-media-id=\"1567\" class=\"gb-media-d5fd787a\" alt=\"\" src=\"https:\/\/filtrontec.de\/wp-content\/uploads\/2025\/10\/strasse_Referenzen-scaled.jpg\" srcset=\"https:\/\/filtrontec.de\/wp-content\/uploads\/2025\/10\/strasse_Referenzen-scaled.jpg 2560w, https:\/\/filtrontec.de\/wp-content\/uploads\/2025\/10\/strasse_Referenzen-1024x683.jpg 1024w, https:\/\/filtrontec.de\/wp-content\/uploads\/2025\/10\/strasse_Referenzen-300x200.jpg 300w, https:\/\/filtrontec.de\/wp-content\/uploads\/2025\/10\/strasse_Referenzen-768x512.jpg 768w, https:\/\/filtrontec.de\/wp-content\/uploads\/2025\/10\/strasse_Referenzen-1536x1024.jpg 1536w, https:\/\/filtrontec.de\/wp-content\/uploads\/2025\/10\/strasse_Referenzen-2048x1365.jpg 2048w, https:\/\/filtrontec.de\/wp-content\/uploads\/2025\/10\/strasse_Referenzen-18x12.jpg 18w, https:\/\/filtrontec.de\/wp-content\/uploads\/2025\/10\/strasse_Referenzen-800x533.jpg 800w\" sizes=\"auto, (max-width: 2560px) 100vw, 2560px\" \/>\n\n\n\n<div class=\"gb-element-36d737ce\">\n<h1 class=\"gb-text gb-text-93025f2c\">Nuestras Referencias<\/h1>\n\n\n\n<p class=\"gb-text gb-text-8cdf2734\">Hasta la fecha FILTRONtec est\u00e1 presente y activa en tres continentes con sus instalaciones de filtraci\u00f3n de part\u00edculas y gases contaminantes para t\u00faneles y parkings subterr\u00e1neos.<\/p>\n<\/div>\n<\/div>\n\n\n\n<div class=\"gb-element-8fb37864\">\n<div><div class=\"gb-looper-90d54135\">\n<div class=\"gb-loop-item post-538 projekt type-projekt status-publish has-post-thumbnail hentry\">\n<div class=\"gb-element-f2eff865\">\n<img loading=\"lazy\" decoding=\"async\" width=\"768\" height=\"506\" data-media-id=\"1120\" class=\"gb-media-bc9dc029\" alt=\"\" src=\"https:\/\/filtrontec.de\/wp-content\/uploads\/2025\/09\/M30_new-768x506.jpeg\" srcset=\"https:\/\/filtrontec.de\/wp-content\/uploads\/2025\/09\/M30_new-768x506.jpeg 768w, https:\/\/filtrontec.de\/wp-content\/uploads\/2025\/09\/M30_new-300x198.jpeg 300w, https:\/\/filtrontec.de\/wp-content\/uploads\/2025\/09\/M30_new-1024x675.jpeg 1024w, https:\/\/filtrontec.de\/wp-content\/uploads\/2025\/09\/M30_new-1536x1012.jpeg 1536w, https:\/\/filtrontec.de\/wp-content\/uploads\/2025\/09\/M30_new-2048x1350.jpeg 2048w, https:\/\/filtrontec.de\/wp-content\/uploads\/2025\/09\/M30_new-18x12.jpeg 18w, https:\/\/filtrontec.de\/wp-content\/uploads\/2025\/09\/M30_new-800x527.jpeg 800w\" sizes=\"auto, (max-width: 768px) 100vw, 768px\" \/>\n\n\n\n<div class=\"gb-element-7da82064\">\n<div class=\"gb-element-a22212e6\">\n<h2 class=\"gb-text gb-text-3868d91d\"><a href=\"https:\/\/filtrontec.de\/es\/projekt\/luftfilteranlage-im-tunnel-calle-m30\/\">T\u00fanel M-30, Nuevo Mahou Calder\u00f3n<\/a><\/h2>\n\n\n\n<a class=\"button-primary gb-text-a54ad131\" href=\"https:\/\/filtrontec.de\/es\/projekt\/luftfilteranlage-im-tunnel-calle-m30\/\"><span class=\"gb-shape\"><svg aria-hidden=\"true\" role=\"img\" height=\"1em\" width=\"1em\" viewbox=\"0 0 256 512\" xmlns=\"http:\/\/www.w3.org\/2000\/svg\"><path fill=\"currentColor\" d=\"M224.3 273l-136 136c-9.4 9.4-24.6 9.4-33.9 0l-22.6-22.6c-9.4-9.4-9.4-24.6 0-33.9l96.4-96.4-96.4-96.4c-9.4-9.4-9.4-24.6 0-33.9L54.3 103c9.4-9.4 24.6-9.4 33.9 0l136 136c9.5 9.4 9.5 24.6.1 34z\"><\/path><\/svg><\/span><\/a>\n<\/div>\n\n\n\n\n\n<div>\n<p class=\"gb-text info-heading\">Licitador\/Contratista:<\/p>\n\n\n<\/div>\n\n\n\n<div class=\"gb-element-90271cbf\">\n<div>\n<p class=\"gb-text info-heading\">Adjudicaci\u00f3n de contrato<\/p>\n\n\n<\/div>\n\n\n\n<div>\n<p class=\"gb-text info-heading\">Caudal de aire<\/p>\n\n\n<\/div>\n<\/div>\n<\/div>\n<\/div>\n<\/div>\n\n<div class=\"gb-loop-item post-248 projekt type-projekt status-publish has-post-thumbnail hentry\">\n<div class=\"gb-element-f2eff865\">\n<img loading=\"lazy\" decoding=\"async\" width=\"768\" height=\"512\" data-media-id=\"2175\" class=\"gb-media-bc9dc029\" alt=\"\" src=\"https:\/\/filtrontec.de\/wp-content\/uploads\/2025\/09\/shenzhen-2653665_1920-768x512.jpg\" srcset=\"https:\/\/filtrontec.de\/wp-content\/uploads\/2025\/09\/shenzhen-2653665_1920-768x512.jpg 768w, https:\/\/filtrontec.de\/wp-content\/uploads\/2025\/09\/shenzhen-2653665_1920-300x200.jpg 300w, https:\/\/filtrontec.de\/wp-content\/uploads\/2025\/09\/shenzhen-2653665_1920-1024x683.jpg 1024w, https:\/\/filtrontec.de\/wp-content\/uploads\/2025\/09\/shenzhen-2653665_1920-1536x1024.jpg 1536w, https:\/\/filtrontec.de\/wp-content\/uploads\/2025\/09\/shenzhen-2653665_1920-18x12.jpg 18w, https:\/\/filtrontec.de\/wp-content\/uploads\/2025\/09\/shenzhen-2653665_1920-800x533.jpg 800w, https:\/\/filtrontec.de\/wp-content\/uploads\/2025\/09\/shenzhen-2653665_1920.jpg 1920w\" sizes=\"auto, (max-width: 768px) 100vw, 768px\" \/>\n\n\n\n<div class=\"gb-element-7da82064\">\n<div class=\"gb-element-a22212e6\">\n<h2 class=\"gb-text gb-text-3868d91d\"><a href=\"https:\/\/filtrontec.de\/es\/projekt\/luftfilteranlagen-im-guimiao-road-tunnel\/\">Sistemas de filtraci\u00f3n en t\u00fanel Guimiao Road<\/a><\/h2>\n\n\n\n<a class=\"button-primary gb-text-a54ad131\" href=\"https:\/\/filtrontec.de\/es\/projekt\/luftfilteranlagen-im-guimiao-road-tunnel\/\"><span class=\"gb-shape\"><svg aria-hidden=\"true\" role=\"img\" height=\"1em\" width=\"1em\" viewbox=\"0 0 256 512\" xmlns=\"http:\/\/www.w3.org\/2000\/svg\"><path fill=\"currentColor\" d=\"M224.3 273l-136 136c-9.4 9.4-24.6 9.4-33.9 0l-22.6-22.6c-9.4-9.4-9.4-24.6 0-33.9l96.4-96.4-96.4-96.4c-9.4-9.4-9.4-24.6 0-33.9L54.3 103c9.4-9.4 24.6-9.4 33.9 0l136 136c9.5 9.4 9.5 24.6.1 34z\"><\/path><\/svg><\/span><\/a>\n<\/div>\n\n\n\n\n\n<div>\n<p class=\"gb-text info-heading\">Licitador\/Contratista:<\/p>\n\n\n<\/div>\n\n\n\n<div class=\"gb-element-90271cbf\">\n<div>\n<p class=\"gb-text info-heading\">Adjudicaci\u00f3n de contrato<\/p>\n\n\n<\/div>\n\n\n\n<div>\n<p class=\"gb-text info-heading\">Caudal de aire<\/p>\n\n\n<\/div>\n<\/div>\n<\/div>\n<\/div>\n<\/div>\n\n<div class=\"gb-loop-item post-741 projekt type-projekt status-publish has-post-thumbnail hentry\">\n<div class=\"gb-element-f2eff865\">\n<img loading=\"lazy\" decoding=\"async\" width=\"768\" height=\"576\" data-media-id=\"742\" class=\"gb-media-bc9dc029\" alt=\"\" src=\"https:\/\/filtrontec.de\/wp-content\/uploads\/2025\/09\/Central-Wan_Chai_Bypass_Central_Entrance-768x576.jpg\" srcset=\"https:\/\/filtrontec.de\/wp-content\/uploads\/2025\/09\/Central-Wan_Chai_Bypass_Central_Entrance-768x576.jpg 768w, https:\/\/filtrontec.de\/wp-content\/uploads\/2025\/09\/Central-Wan_Chai_Bypass_Central_Entrance-300x225.jpg 300w, https:\/\/filtrontec.de\/wp-content\/uploads\/2025\/09\/Central-Wan_Chai_Bypass_Central_Entrance-16x12.jpg 16w, https:\/\/filtrontec.de\/wp-content\/uploads\/2025\/09\/Central-Wan_Chai_Bypass_Central_Entrance.jpg 800w\" sizes=\"auto, (max-width: 768px) 100vw, 768px\" \/>\n\n\n\n<div class=\"gb-element-7da82064\">\n<div class=\"gb-element-a22212e6\">\n<h2 class=\"gb-text gb-text-3868d91d\"><a href=\"https:\/\/filtrontec.de\/es\/projekt\/acht-luftfilter-im-tunnel-central-wan-chai-bypass\/\">Ocho sistemas de filtraci\u00f3n en el t\u00fanel Central - Wan Chai Bypass<\/a><\/h2>\n\n\n\n<a class=\"button-primary gb-text-a54ad131\" href=\"https:\/\/filtrontec.de\/es\/projekt\/acht-luftfilter-im-tunnel-central-wan-chai-bypass\/\"><span class=\"gb-shape\"><svg aria-hidden=\"true\" role=\"img\" height=\"1em\" width=\"1em\" viewbox=\"0 0 256 512\" xmlns=\"http:\/\/www.w3.org\/2000\/svg\"><path fill=\"currentColor\" d=\"M224.3 273l-136 136c-9.4 9.4-24.6 9.4-33.9 0l-22.6-22.6c-9.4-9.4-9.4-24.6 0-33.9l96.4-96.4-96.4-96.4c-9.4-9.4-9.4-24.6 0-33.9L54.3 103c9.4-9.4 24.6-9.4 33.9 0l136 136c9.5 9.4 9.5 24.6.1 34z\"><\/path><\/svg><\/span><\/a>\n<\/div>\n\n\n\n\n\n<div>\n<p class=\"gb-text info-heading\">Licitador\/Contratista:<\/p>\n\n\n<\/div>\n\n\n\n<div class=\"gb-element-90271cbf\">\n<div>\n<p class=\"gb-text info-heading\">Adjudicaci\u00f3n de contrato<\/p>\n\n\n<\/div>\n\n\n\n<div>\n<p class=\"gb-text info-heading\">Caudal de aire<\/p>\n\n\n<\/div>\n<\/div>\n<\/div>\n<\/div>\n<\/div>\n\n<div class=\"gb-loop-item post-743 projekt type-projekt status-publish has-post-thumbnail hentry\">\n<div class=\"gb-element-f2eff865\">\n<img loading=\"lazy\" decoding=\"async\" width=\"768\" height=\"498\" data-media-id=\"747\" class=\"gb-media-bc9dc029\" alt=\"\" src=\"https:\/\/filtrontec.de\/wp-content\/uploads\/2025\/09\/Tunneleinfahrt_Sydney-768x498.jpg\" srcset=\"https:\/\/filtrontec.de\/wp-content\/uploads\/2025\/09\/Tunneleinfahrt_Sydney-768x498.jpg 768w, https:\/\/filtrontec.de\/wp-content\/uploads\/2025\/09\/Tunneleinfahrt_Sydney-300x195.jpg 300w, https:\/\/filtrontec.de\/wp-content\/uploads\/2025\/09\/Tunneleinfahrt_Sydney-18x12.jpg 18w, https:\/\/filtrontec.de\/wp-content\/uploads\/2025\/09\/Tunneleinfahrt_Sydney.jpg 800w\" sizes=\"auto, (max-width: 768px) 100vw, 768px\" \/>\n\n\n\n<div class=\"gb-element-7da82064\">\n<div class=\"gb-element-a22212e6\">\n<h2 class=\"gb-text gb-text-3868d91d\"><a href=\"https:\/\/filtrontec.de\/es\/projekt\/luftfilteranlage-im-tunnel-m5east\/\">Sistema de filtraci\u00f3n de aire en el t\u00fanel M5East<\/a><\/h2>\n\n\n\n<a class=\"button-primary gb-text-a54ad131\" href=\"https:\/\/filtrontec.de\/es\/projekt\/luftfilteranlage-im-tunnel-m5east\/\"><span class=\"gb-shape\"><svg aria-hidden=\"true\" role=\"img\" height=\"1em\" width=\"1em\" viewbox=\"0 0 256 512\" xmlns=\"http:\/\/www.w3.org\/2000\/svg\"><path fill=\"currentColor\" d=\"M224.3 273l-136 136c-9.4 9.4-24.6 9.4-33.9 0l-22.6-22.6c-9.4-9.4-9.4-24.6 0-33.9l96.4-96.4-96.4-96.4c-9.4-9.4-9.4-24.6 0-33.9L54.3 103c9.4-9.4 24.6-9.4 33.9 0l136 136c9.5 9.4 9.5 24.6.1 34z\"><\/path><\/svg><\/span><\/a>\n<\/div>\n\n\n\n\n\n<div>\n<p class=\"gb-text info-heading\">Licitador\/Contratista:<\/p>\n\n\n<\/div>\n\n\n\n<div class=\"gb-element-90271cbf\">\n<div>\n<p class=\"gb-text info-heading\">Adjudicaci\u00f3n de contrato<\/p>\n\n\n<\/div>\n\n\n\n<div>\n<p class=\"gb-text info-heading\">Caudal de aire<\/p>\n\n\n<\/div>\n<\/div>\n<\/div>\n<\/div>\n<\/div>\n\n<div class=\"gb-loop-item post-1561 projekt type-projekt status-publish has-post-thumbnail hentry\">\n<div class=\"gb-element-f2eff865\">\n<img loading=\"lazy\" decoding=\"async\" width=\"768\" height=\"451\" data-media-id=\"1562\" class=\"gb-media-bc9dc029\" alt=\"El aire de escape filtrado del t\u00fanel se expulsa al medio ambiente a trav\u00e9s de conductos de aire de escape bajos a una velocidad del aire de s\u00f3lo 5 m\/s.\" src=\"https:\/\/filtrontec.de\/wp-content\/uploads\/2025\/10\/niedriger_Abluftschacht_anstelle_eines_Kamins-768x451.jpg\" srcset=\"https:\/\/filtrontec.de\/wp-content\/uploads\/2025\/10\/niedriger_Abluftschacht_anstelle_eines_Kamins-768x451.jpg 768w, https:\/\/filtrontec.de\/wp-content\/uploads\/2025\/10\/niedriger_Abluftschacht_anstelle_eines_Kamins-300x176.jpg 300w, https:\/\/filtrontec.de\/wp-content\/uploads\/2025\/10\/niedriger_Abluftschacht_anstelle_eines_Kamins-18x12.jpg 18w, https:\/\/filtrontec.de\/wp-content\/uploads\/2025\/10\/niedriger_Abluftschacht_anstelle_eines_Kamins.jpg 800w\" sizes=\"auto, (max-width: 768px) 100vw, 768px\" \/>\n\n\n\n<div class=\"gb-element-7da82064\">\n<div class=\"gb-element-a22212e6\">\n<h2 class=\"gb-text gb-text-3868d91d\"><a href=\"https:\/\/filtrontec.de\/es\/projekt\/luftfilteranlagen-im-tunnel-calle-m30-rio\/\">Sistemas de filtraci\u00f3n de aire en el t\u00fanel de la calle M30 Madrid R\u00edo<\/a><\/h2>\n\n\n\n<a class=\"button-primary gb-text-a54ad131\" href=\"https:\/\/filtrontec.de\/es\/projekt\/luftfilteranlagen-im-tunnel-calle-m30-rio\/\"><span class=\"gb-shape\"><svg aria-hidden=\"true\" role=\"img\" height=\"1em\" width=\"1em\" viewbox=\"0 0 256 512\" xmlns=\"http:\/\/www.w3.org\/2000\/svg\"><path fill=\"currentColor\" d=\"M224.3 273l-136 136c-9.4 9.4-24.6 9.4-33.9 0l-22.6-22.6c-9.4-9.4-9.4-24.6 0-33.9l96.4-96.4-96.4-96.4c-9.4-9.4-9.4-24.6 0-33.9L54.3 103c9.4-9.4 24.6-9.4 33.9 0l136 136c9.5 9.4 9.5 24.6.1 34z\"><\/path><\/svg><\/span><\/a>\n<\/div>\n\n\n\n\n\n<div>\n<p class=\"gb-text info-heading\">Licitador\/Contratista:<\/p>\n\n\n<\/div>\n\n\n\n<div class=\"gb-element-90271cbf\">\n<div>\n<p class=\"gb-text info-heading\">Adjudicaci\u00f3n de contrato<\/p>\n\n\n<\/div>\n\n\n\n<div>\n<p class=\"gb-text info-heading\">Caudal de aire<\/p>\n\n\n<\/div>\n<\/div>\n<\/div>\n<\/div>\n<\/div>\n\n<div class=\"gb-loop-item post-2224 projekt type-projekt status-publish has-post-thumbnail hentry\">\n<div class=\"gb-element-f2eff865\">\n<img loading=\"lazy\" decoding=\"async\" width=\"768\" height=\"576\" data-media-id=\"2516\" class=\"gb-media-bc9dc029\" alt=\"\" src=\"https:\/\/filtrontec.de\/wp-content\/uploads\/2026\/01\/20120910_MM30_Aussenanlagen_03-768x576.jpg\" srcset=\"https:\/\/filtrontec.de\/wp-content\/uploads\/2026\/01\/20120910_MM30_Aussenanlagen_03-768x576.jpg 768w, https:\/\/filtrontec.de\/wp-content\/uploads\/2026\/01\/20120910_MM30_Aussenanlagen_03-300x225.jpg 300w, https:\/\/filtrontec.de\/wp-content\/uploads\/2026\/01\/20120910_MM30_Aussenanlagen_03-1024x768.jpg 1024w, https:\/\/filtrontec.de\/wp-content\/uploads\/2026\/01\/20120910_MM30_Aussenanlagen_03-1536x1152.jpg 1536w, https:\/\/filtrontec.de\/wp-content\/uploads\/2026\/01\/20120910_MM30_Aussenanlagen_03-2048x1536.jpg 2048w, https:\/\/filtrontec.de\/wp-content\/uploads\/2026\/01\/20120910_MM30_Aussenanlagen_03-16x12.jpg 16w, https:\/\/filtrontec.de\/wp-content\/uploads\/2026\/01\/20120910_MM30_Aussenanlagen_03-800x600.jpg 800w\" sizes=\"auto, (max-width: 768px) 100vw, 768px\" \/>\n\n\n\n<div class=\"gb-element-7da82064\">\n<div class=\"gb-element-a22212e6\">\n<h2 class=\"gb-text gb-text-3868d91d\"><a href=\"https:\/\/filtrontec.de\/es\/projekt\/bitte-passenden-titel-einfuegen\/\">Sistemas de filtraci\u00f3n de aire en el t\u00fanel de la calle M30 Madrid R\u00edo<\/a><\/h2>\n\n\n\n<a class=\"button-primary gb-text-a54ad131\" href=\"https:\/\/filtrontec.de\/es\/projekt\/bitte-passenden-titel-einfuegen\/\"><span class=\"gb-shape\"><svg aria-hidden=\"true\" role=\"img\" height=\"1em\" width=\"1em\" viewbox=\"0 0 256 512\" xmlns=\"http:\/\/www.w3.org\/2000\/svg\"><path fill=\"currentColor\" d=\"M224.3 273l-136 136c-9.4 9.4-24.6 9.4-33.9 0l-22.6-22.6c-9.4-9.4-9.4-24.6 0-33.9l96.4-96.4-96.4-96.4c-9.4-9.4-9.4-24.6 0-33.9L54.3 103c9.4-9.4 24.6-9.4 33.9 0l136 136c9.5 9.4 9.5 24.6.1 34z\"><\/path><\/svg><\/span><\/a>\n<\/div>\n\n\n\n\n\n<div>\n<p class=\"gb-text info-heading\">Licitador\/Contratista:<\/p>\n\n\n<\/div>\n\n\n\n<div class=\"gb-element-90271cbf\">\n<div>\n<p class=\"gb-text info-heading\">Adjudicaci\u00f3n de contrato<\/p>\n\n\n<\/div>\n\n\n\n<div>\n<p class=\"gb-text info-heading\">Caudal de aire<\/p>\n\n\n<\/div>\n<\/div>\n<\/div>\n<\/div>\n<\/div>\n\n<div class=\"gb-loop-item post-1063 projekt type-projekt status-publish has-post-thumbnail hentry\">\n<div class=\"gb-element-f2eff865\">\n<img loading=\"lazy\" decoding=\"async\" width=\"768\" height=\"442\" data-media-id=\"1064\" class=\"gb-media-bc9dc029\" alt=\"\" src=\"https:\/\/filtrontec.de\/wp-content\/uploads\/2025\/09\/elbtunnel_hamburg-768x442.png\" srcset=\"https:\/\/filtrontec.de\/wp-content\/uploads\/2025\/09\/elbtunnel_hamburg-768x442.png 768w, https:\/\/filtrontec.de\/wp-content\/uploads\/2025\/09\/elbtunnel_hamburg-300x173.png 300w, https:\/\/filtrontec.de\/wp-content\/uploads\/2025\/09\/elbtunnel_hamburg-18x10.png 18w, https:\/\/filtrontec.de\/wp-content\/uploads\/2025\/09\/elbtunnel_hamburg.png 800w\" sizes=\"auto, (max-width: 768px) 100vw, 768px\" \/>\n\n\n\n<div class=\"gb-element-7da82064\">\n<div class=\"gb-element-a22212e6\">\n<h2 class=\"gb-text gb-text-3868d91d\"><a href=\"https:\/\/filtrontec.de\/es\/projekt\/pilotfilteranlage-am-elbtunnel\/\">Planta piloto en el t\u00fanel del Elba<\/a><\/h2>\n\n\n\n<a class=\"button-primary gb-text-a54ad131\" href=\"https:\/\/filtrontec.de\/es\/projekt\/pilotfilteranlage-am-elbtunnel\/\"><span class=\"gb-shape\"><svg aria-hidden=\"true\" role=\"img\" height=\"1em\" width=\"1em\" viewbox=\"0 0 256 512\" xmlns=\"http:\/\/www.w3.org\/2000\/svg\"><path fill=\"currentColor\" d=\"M224.3 273l-136 136c-9.4 9.4-24.6 9.4-33.9 0l-22.6-22.6c-9.4-9.4-9.4-24.6 0-33.9l96.4-96.4-96.4-96.4c-9.4-9.4-9.4-24.6 0-33.9L54.3 103c9.4-9.4 24.6-9.4 33.9 0l136 136c9.5 9.4 9.5 24.6.1 34z\"><\/path><\/svg><\/span><\/a>\n<\/div>\n\n\n\n\n\n<div>\n<p class=\"gb-text info-heading\">Licitador\/Contratista:<\/p>\n\n\n<\/div>\n\n\n\n<div class=\"gb-element-90271cbf\">\n<div>\n<p class=\"gb-text info-heading\">Adjudicaci\u00f3n de contrato<\/p>\n\n\n<\/div>\n\n\n\n<div>\n<p class=\"gb-text info-heading\">Caudal de aire<\/p>\n\n\n<\/div>\n<\/div>\n<\/div>\n<\/div>\n<\/div>\n<\/div><\/div>\n<\/div>","protected":false},"excerpt":{"rendered":"<p>Hasta la fecha FILTRONtec est\u00e1 presente y activa en tres continentes con sus instalaciones de filtraci\u00f3n de part\u00edculas y gases contaminantes para t\u00faneles y parkings subterr\u00e1neos.<\/p>","protected":false},"author":3,"featured_media":1567,"parent":0,"menu_order":0,"comment_status":"closed","ping_status":"closed","template":"","meta":{"_acf_changed":false,"inline_featured_image":false,"footnotes":""},"class_list":["post-188","page","type-page","status-publish","has-post-thumbnail","hentry"],"acf":[],"_links":{"self":[{"href":"https:\/\/filtrontec.de\/es\/wp-json\/wp\/v2\/pages\/188","targetHints":{"allow":["GET"]}}],"collection":[{"href":"https:\/\/filtrontec.de\/es\/wp-json\/wp\/v2\/pages"}],"about":[{"href":"https:\/\/filtrontec.de\/es\/wp-json\/wp\/v2\/types\/page"}],"author":[{"embeddable":true,"href":"https:\/\/filtrontec.de\/es\/wp-json\/wp\/v2\/users\/3"}],"replies":[{"embeddable":true,"href":"https:\/\/filtrontec.de\/es\/wp-json\/wp\/v2\/comments?post=188"}],"version-history":[{"count":0,"href":"https:\/\/filtrontec.de\/es\/wp-json\/wp\/v2\/pages\/188\/revisions"}],"wp:featuredmedia":[{"embeddable":true,"href":"https:\/\/filtrontec.de\/es\/wp-json\/wp\/v2\/media\/1567"}],"wp:attachment":[{"href":"https:\/\/filtrontec.de\/es\/wp-json\/wp\/v2\/media?parent=188"}],"curies":[{"name":"wp","href":"https:\/\/api.w.org\/{rel}","templated":true}]}}