{"id":192,"date":"2025-09-08T22:02:05","date_gmt":"2025-09-08T20:02:05","guid":{"rendered":"https:\/\/staging.filtrontec.de\/?page_id=192"},"modified":"2026-01-19T13:50:06","modified_gmt":"2026-01-19T12:50:06","slug":"aviso-legal","status":"publish","type":"page","link":"https:\/\/filtrontec.de\/es\/impressum\/","title":{"rendered":"Aviso Legal"},"content":{"rendered":"<div class=\"padding-block gb-element-f3e3d853\">\n<div class=\"wp-block-group has-global-padding is-layout-constrained wp-block-group-is-layout-constrained\" style=\"padding-top:var(--wp--preset--spacing--40);padding-bottom:var(--wp--preset--spacing--40)\">\n<h1 class=\"gb-text gb-text-8fc6afb5\">Aviso Legal<\/h1>\n\n\n\n<h2 class=\"wp-block-heading has-lead-font-size\">Direcci\u00f3n<\/h2>\n\n\n\n<p>FILTRONtec GmbH<br>Andresenstrasse 1a<br>06766 Bitterfeld-Wolfen<br>Alemania<\/p>\n\n\n\n<p>Representado por<br>Dra. Elke Deux<br>Tel\u00e9fono +49(0) 3494 6579132<br>E-Mail\u00a0elke.deux@filtrontec.de<\/p>\n\n\n\n<p>Responsable del contenido seg\u00fan \u00a7 55 Abs. 2 RStV: Dr.-Ing. Elke Deux<\/p>\n\n\n\n<h2 class=\"wp-block-heading has-lead-font-size\">Afiliaciones<\/h2>\n\n\n\n<p>Miembro de la IHK Halle-Dessau<br>Miembro del STUVA<\/p>\n\n\n\n<h2 class=\"wp-block-heading has-lead-font-size\">N\u00famero de identificaci\u00f3n fiscal<\/h2>\n\n\n\n<p>N\u00famero de identificaci\u00f3n a efectos del IVA con arreglo al art\u00edculo 27a de la Ley del Impuesto sobre el Valor A\u00f1adido: DE211598524<\/p>\n\n\n\n<h2 class=\"wp-block-heading has-lead-font-size\">N\u00famero de registro RAEE<\/h2>\n\n\n\n<p>WEEE-Reg-No. seg\u00fan \u00a76 p\u00e1rrafo 1 frase 1 ElektroG: DE41032476<\/p>\n\n\n\n<h2 class=\"wp-block-heading has-lead-font-size\">Inscripci\u00f3n en el registro mercantil<\/h2>\n\n\n\n<p>HRB 34617, Tribunal Local de Stendal<\/p>\n\n\n\n<h2 class=\"wp-block-heading has-lead-font-size\">Dise\u00f1o y realizaci\u00f3n<\/h2>\n\n\n\n<p>Agencia web CUCOM - Christian Unverricht<br><a href=\"https:\/\/cucom.de\">https:\/\/cucom.de<\/a><\/p>\n\n\n\n<h2 class=\"wp-block-heading has-lead-font-size\">Cr\u00e9ditos de las im\u00e1genes<\/h2>\n\n\n\n<p>P\u00e1gina \"Sistemas de filtrado de aire para t\u00faneles de carretera\": <a href=\"https:\/\/stock.adobe.com\/de\/images\/car-driving-through-tunnel\/109157253\" target=\"_blank\" rel=\"noreferrer noopener nofollow\">Adobe Stock<\/a><\/p>\n\n\n\n<p>P\u00e1gina \"Referencias\": <a href=\"https:\/\/de.freepik.com\/fotos-kostenlos\/road_1243187.htm\" target=\"_blank\" rel=\"noreferrer noopener nofollow\">Freepik<\/a><\/p>\n\n\n\n<p>P\u00e1gina de inicio: <a href=\"https:\/\/en.m.wikipedia.org\/wiki\/File:Central%E2%80%93Wan_Chai_Bypass_Tunnel_western_portal_2019-01-26_(11).jpg\" target=\"_blank\" rel=\"noreferrer noopener nofollow\">Wikipedia<\/a><\/p>\n<\/div>\n<\/div>","protected":false},"excerpt":{"rendered":"","protected":false},"author":3,"featured_media":0,"parent":0,"menu_order":0,"comment_status":"closed","ping_status":"closed","template":"","meta":{"_acf_changed":false,"inline_featured_image":false,"footnotes":""},"class_list":["post-192","page","type-page","status-publish","hentry"],"acf":[],"_links":{"self":[{"href":"https:\/\/filtrontec.de\/es\/wp-json\/wp\/v2\/pages\/192","targetHints":{"allow":["GET"]}}],"collection":[{"href":"https:\/\/filtrontec.de\/es\/wp-json\/wp\/v2\/pages"}],"about":[{"href":"https:\/\/filtrontec.de\/es\/wp-json\/wp\/v2\/types\/page"}],"author":[{"embeddable":true,"href":"https:\/\/filtrontec.de\/es\/wp-json\/wp\/v2\/users\/3"}],"replies":[{"embeddable":true,"href":"https:\/\/filtrontec.de\/es\/wp-json\/wp\/v2\/comments?post=192"}],"version-history":[{"count":0,"href":"https:\/\/filtrontec.de\/es\/wp-json\/wp\/v2\/pages\/192\/revisions"}],"wp:attachment":[{"href":"https:\/\/filtrontec.de\/es\/wp-json\/wp\/v2\/media?parent=192"}],"curies":[{"name":"wp","href":"https:\/\/api.w.org\/{rel}","templated":true}]}}