{"id":2026,"date":"2025-10-21T11:21:50","date_gmt":"2025-10-21T09:21:50","guid":{"rendered":"https:\/\/staging.filtrontec.de\/?page_id=2026"},"modified":"2026-03-02T13:58:06","modified_gmt":"2026-03-02T12:58:06","slug":"amfitech","status":"publish","type":"page","link":"https:\/\/filtrontec.de\/es\/amfitech\/","title":{"rendered":"amfitech"},"content":{"rendered":"<div class=\"gb-element-4a154f1c alignfull hero-gradient\">\n<img loading=\"lazy\" decoding=\"async\" width=\"1653\" height=\"1181\" data-media-id=\"1000\" class=\"gb-media-d5fd787a\" alt=\"\" src=\"https:\/\/filtrontec.de\/wp-content\/uploads\/2025\/09\/amficab_Smart_G7MT_Visual_Hotel.jpg\" srcset=\"https:\/\/filtrontec.de\/wp-content\/uploads\/2025\/09\/amficab_Smart_G7MT_Visual_Hotel.jpg 1653w, https:\/\/filtrontec.de\/wp-content\/uploads\/2025\/09\/amficab_Smart_G7MT_Visual_Hotel-300x214.jpg 300w, https:\/\/filtrontec.de\/wp-content\/uploads\/2025\/09\/amficab_Smart_G7MT_Visual_Hotel-768x549.jpg 768w, https:\/\/filtrontec.de\/wp-content\/uploads\/2025\/09\/amficab_Smart_G7MT_Visual_Hotel-1024x732.jpg 1024w, https:\/\/filtrontec.de\/wp-content\/uploads\/2025\/09\/amficab_Smart_G7MT_Visual_Hotel-1536x1097.jpg 1536w, https:\/\/filtrontec.de\/wp-content\/uploads\/2025\/09\/amficab_Smart_G7MT_Visual_Hotel-18x12.jpg 18w, https:\/\/filtrontec.de\/wp-content\/uploads\/2025\/09\/amficab_Smart_G7MT_Visual_Hotel-800x572.jpg 800w\" sizes=\"auto, (max-width: 1653px) 100vw, 1653px\" \/>\n\n\n\n<div class=\"gb-element-36d737ce\">\n<h1 class=\"gb-text gb-text-93025f2c\">amfitech<\/h1>\n\n\n\n<p class=\"gb-text gb-text-8cdf2734\">Soluciones de filtrado innovadoras para un aire limpio<\/p>\n<\/div>\n<\/div>\n\n\n\n<div class=\"gb-element-09b1d42d\">\n<div class=\"gb-element-24462bfb\">\n<figure class=\"wp-block-image size-full\" style=\"margin-top:0;margin-bottom:var(--wp--preset--spacing--20)\"><img loading=\"lazy\" decoding=\"async\" width=\"500\" height=\"96\" src=\"https:\/\/filtrontec.de\/wp-content\/uploads\/2025\/12\/amfitech_logo.jpg\" alt=\"\" class=\"wp-image-2270\" style=\"object-fit:contain\" srcset=\"https:\/\/filtrontec.de\/wp-content\/uploads\/2025\/12\/amfitech_logo.jpg 500w, https:\/\/filtrontec.de\/wp-content\/uploads\/2025\/12\/amfitech_logo-300x58.jpg 300w, https:\/\/filtrontec.de\/wp-content\/uploads\/2025\/12\/amfitech_logo-18x3.jpg 18w\" sizes=\"auto, (max-width: 500px) 100vw, 500px\" \/><\/figure>\n\n\n\n<div class=\"wp-block-group is-layout-flow wp-block-group-is-layout-flow\">\n<p class=\"gb-text gb-text-37a0b159\">Esta familia de productos de la empresa FILTRONtec ofrece soluciones especializadas que convierten el aire de todos los \u00e1mbitos de la vida en oasis saludables. Ya sea en estaciones de metro, patios escolares o restaurantes, ofrecemos soluciones a medida para cada reto.<\/p>\n\n\n\n<a class=\"gb-text button-primary gb-text-52147806\" href=\"http:\/\/www.amfitech.de\/\" target=\"_blank\" rel=\"noopener\">M\u00e1s informaci\u00f3n en amfitech.de<\/a>\n<\/div>\n<\/div>\n<\/div>\n\n\n\n<div class=\"wp-block-group has-global-padding is-layout-constrained wp-block-group-is-layout-constrained\" style=\"padding-bottom:var(--wp--preset--spacing--50)\">\n<div class=\"gb-element-e78865bc\">\n<div class=\"info-box gb-element-63230dfe\">\n<div class=\"wp-block-group is-layout-flow wp-container-core-group-is-layout-81d5c4b5 wp-block-group-is-layout-flow\">\n<div class=\"gb-element-a2e4fccb\">\n<figure class=\"wp-block-image size-full\" style=\"margin-top:0;margin-bottom:0\"><img loading=\"lazy\" decoding=\"async\" width=\"500\" height=\"138\" src=\"https:\/\/filtrontec.de\/wp-content\/uploads\/2025\/12\/amficab_logo.jpg\" alt=\"\" class=\"wp-image-2268\" srcset=\"https:\/\/filtrontec.de\/wp-content\/uploads\/2025\/12\/amficab_logo.jpg 500w, https:\/\/filtrontec.de\/wp-content\/uploads\/2025\/12\/amficab_logo-300x83.jpg 300w, https:\/\/filtrontec.de\/wp-content\/uploads\/2025\/12\/amficab_logo-18x5.jpg 18w\" sizes=\"auto, (max-width: 500px) 100vw, 500px\" \/><\/figure>\n\n\n\n<a class=\"button-primary gb-text-a54ad131\" href=\"#amficab\"><span class=\"gb-shape\"><svg aria-hidden=\"true\" role=\"img\" height=\"1em\" width=\"1em\" viewbox=\"0 0 256 512\" xmlns=\"http:\/\/www.w3.org\/2000\/svg\"><path fill=\"currentColor\" d=\"M224.3 273l-136 136c-9.4 9.4-24.6 9.4-33.9 0l-22.6-22.6c-9.4-9.4-9.4-24.6 0-33.9l96.4-96.4-96.4-96.4c-9.4-9.4-9.4-24.6 0-33.9L54.3 103c9.4-9.4 24.6-9.4 33.9 0l136 136c9.5 9.4 9.5 24.6.1 34z\"><\/path><\/svg><\/span><\/a>\n<\/div>\n\n\n\n<h3 class=\"wp-block-heading\">Purificador de aire de alta eficiencia \u201eMade in Germany\u201c<\/h3>\n\n\n\n<p>Un sistema de purificaci\u00f3n del aire innovador, compacto y aut\u00f3nomo para combatir eficazmente virus, g\u00e9rmenes y bacterias en espacios cerrados.<\/p>\n<\/div>\n<\/div>\n\n\n\n<div class=\"info-box gb-element-fea49eaf\">\n<div class=\"wp-block-group is-layout-flow wp-container-core-group-is-layout-81d5c4b5 wp-block-group-is-layout-flow\">\n<div class=\"gb-element-2e0cdc92\">\n<figure class=\"wp-block-image size-full\" style=\"margin-top:0;margin-bottom:0\"><img loading=\"lazy\" decoding=\"async\" width=\"500\" height=\"138\" src=\"https:\/\/filtrontec.de\/wp-content\/uploads\/2025\/12\/amficon_Logo.jpg\" alt=\"\" class=\"wp-image-2269\" srcset=\"https:\/\/filtrontec.de\/wp-content\/uploads\/2025\/12\/amficon_Logo.jpg 500w, https:\/\/filtrontec.de\/wp-content\/uploads\/2025\/12\/amficon_Logo-300x83.jpg 300w, https:\/\/filtrontec.de\/wp-content\/uploads\/2025\/12\/amficon_Logo-18x5.jpg 18w\" sizes=\"auto, (max-width: 500px) 100vw, 500px\" \/><\/figure>\n\n\n\n<a class=\"button-primary gb-text-13ca3bd2\" href=\"#amficon\"><span class=\"gb-shape\"><svg aria-hidden=\"true\" role=\"img\" height=\"1em\" width=\"1em\" viewbox=\"0 0 256 512\" xmlns=\"http:\/\/www.w3.org\/2000\/svg\"><path fill=\"currentColor\" d=\"M224.3 273l-136 136c-9.4 9.4-24.6 9.4-33.9 0l-22.6-22.6c-9.4-9.4-9.4-24.6 0-33.9l96.4-96.4-96.4-96.4c-9.4-9.4-9.4-24.6 0-33.9L54.3 103c9.4-9.4 24.6-9.4 33.9 0l136 136c9.5 9.4 9.5 24.6.1 34z\"><\/path><\/svg><\/span><\/a>\n<\/div>\n\n\n\n<h3 class=\"wp-block-heading\">Aire limpio para ciudades y parques<\/h3>\n\n\n\n<p>La tecnolog\u00eda de filtrado m\u00e1s moderna elimina de forma eficaz las part\u00edculas nocivas del aire, mejora la calidad de vida de los residentes y contribuye a la protecci\u00f3n de la salud p\u00fablica.<\/p>\n<\/div>\n<\/div>\n\n\n\n<div class=\"info-box gb-element-e9a9c23c\">\n<div class=\"wp-block-group is-layout-flow wp-container-core-group-is-layout-81d5c4b5 wp-block-group-is-layout-flow\">\n<div class=\"gb-element-3ee126ce\">\n<figure class=\"wp-block-image size-full\" style=\"margin-top:0;margin-bottom:0\"><img loading=\"lazy\" decoding=\"async\" width=\"2560\" height=\"558\" src=\"https:\/\/filtrontec.de\/wp-content\/uploads\/2026\/03\/amfistar-Kopie-1-scaled.jpg\" alt=\"\" class=\"wp-image-2620\" style=\"aspect-ratio:4.129310344827586;object-fit:contain\" srcset=\"https:\/\/filtrontec.de\/wp-content\/uploads\/2026\/03\/amfistar-Kopie-1-scaled.jpg 2560w, https:\/\/filtrontec.de\/wp-content\/uploads\/2026\/03\/amfistar-Kopie-1-300x65.jpg 300w, https:\/\/filtrontec.de\/wp-content\/uploads\/2026\/03\/amfistar-Kopie-1-1024x223.jpg 1024w, https:\/\/filtrontec.de\/wp-content\/uploads\/2026\/03\/amfistar-Kopie-1-768x167.jpg 768w, https:\/\/filtrontec.de\/wp-content\/uploads\/2026\/03\/amfistar-Kopie-1-1536x335.jpg 1536w, https:\/\/filtrontec.de\/wp-content\/uploads\/2026\/03\/amfistar-Kopie-1-2048x447.jpg 2048w, https:\/\/filtrontec.de\/wp-content\/uploads\/2026\/03\/amfistar-Kopie-1-18x4.jpg 18w, https:\/\/filtrontec.de\/wp-content\/uploads\/2026\/03\/amfistar-Kopie-1-800x174.jpg 800w\" sizes=\"auto, (max-width: 2560px) 100vw, 2560px\" \/><\/figure>\n\n\n\n<a class=\"button-primary gb-text-0cbe64da\" href=\"#amfista\"><span class=\"gb-shape\"><svg aria-hidden=\"true\" role=\"img\" height=\"1em\" width=\"1em\" viewbox=\"0 0 256 512\" xmlns=\"http:\/\/www.w3.org\/2000\/svg\"><path fill=\"currentColor\" d=\"M224.3 273l-136 136c-9.4 9.4-24.6 9.4-33.9 0l-22.6-22.6c-9.4-9.4-9.4-24.6 0-33.9l96.4-96.4-96.4-96.4c-9.4-9.4-9.4-24.6 0-33.9L54.3 103c9.4-9.4 24.6-9.4 33.9 0l136 136c9.5 9.4 9.5 24.6.1 34z\"><\/path><\/svg><\/span><\/a>\n<\/div>\n\n\n\n<h3 class=\"wp-block-heading\">Aire limpio en las estaciones de metro<\/h3>\n\n\n\n<p>Potente tecnolog\u00eda de filtrado con un dise\u00f1o robusto y eficiente que se integra a la perfecci\u00f3n en la arquitectura y funcionalidad de las estaciones de metro y los espacios p\u00fablicos.<\/p>\n<\/div>\n<\/div>\n<\/div>\n<\/div>\n\n\n\n<div class=\"padding-block gb-element-e6031ce7\">\n<div class=\"wp-block-cloudcatch-splide-carousel wp-block-splide-carousel__container visible-slides\"><figure class=\"wp-block-splide-carousel splide\" data-splide=\"{&quot;type&quot;:&quot;slide&quot;,&quot;perPage&quot;:1,&quot;speed&quot;:400,&quot;gap&quot;:&quot;0px&quot;,&quot;fixedWidth&quot;:&quot;&quot;,&quot;autoWidth&quot;:false,&quot;perMove&quot;:1,&quot;direction&quot;:&quot;ltr&quot;,&quot;fixedHeight&quot;:&quot;&quot;,&quot;height&quot;:&quot;&quot;,&quot;arrows&quot;:true,&quot;pagination&quot;:true,&quot;autoplay&quot;:false,&quot;interval&quot;:&quot;5000&quot;,&quot;pauseOnHover&quot;:true,&quot;mediaQuery&quot;:&quot;max&quot;,&quot;breakpoints&quot;:{}}\" data-splide-extensions=\"{&quot;autoScroll&quot;:false,&quot;urlHash&quot;:false,&quot;grid&quot;:false}\"><div class=\"wp-block-splide-carousel__track splide__track\"><div class=\"wp-block-splide-carousel__list splide__list\">\n<div class=\"wp-block-cloudcatch-splide-carousel-item wp-block-splide-carousel__slide splide__slide\">\n<div class=\"info-box gb-element-3c32f9aa\">\n<img loading=\"lazy\" decoding=\"async\" width=\"768\" height=\"768\" class=\"gb-media-228fa90e\" alt=\"\" src=\"https:\/\/filtrontec.de\/wp-content\/uploads\/2025\/09\/amficab_Lobby_Spiegel1-1-1-768x768.jpg\" title=\"amficab_Lobby_Spiegel1-1\" srcset=\"https:\/\/filtrontec.de\/wp-content\/uploads\/2025\/09\/amficab_Lobby_Spiegel1-1-1-768x768.jpg 768w, https:\/\/filtrontec.de\/wp-content\/uploads\/2025\/09\/amficab_Lobby_Spiegel1-1-1-150x150.jpg 150w, https:\/\/filtrontec.de\/wp-content\/uploads\/2025\/09\/amficab_Lobby_Spiegel1-1-1-300x300.jpg 300w, https:\/\/filtrontec.de\/wp-content\/uploads\/2025\/09\/amficab_Lobby_Spiegel1-1-1-12x12.jpg 12w, https:\/\/filtrontec.de\/wp-content\/uploads\/2025\/09\/amficab_Lobby_Spiegel1-1-1-600x600.jpg 600w, https:\/\/filtrontec.de\/wp-content\/uploads\/2025\/09\/amficab_Lobby_Spiegel1-1-1.jpg 800w\" sizes=\"auto, (max-width: 768px) 100vw, 768px\" \/>\n\n\n\n<div class=\"wp-block-group has-global-padding is-content-justification-left is-layout-constrained wp-container-core-group-is-layout-0b710646 wp-block-group-is-layout-constrained\">\n<h3 class=\"wp-block-heading has-xxx-large-font-size\"><strong>amficab FV20<\/strong><\/h3>\n\n\n\n<h3 class=\"wp-block-heading has-xx-large-font-size\">Purificador de aire de alta eficiencia \u201eMade in Germany\u201c<\/h3>\n\n\n\n<p class=\"has-lead-font-size\">El amficab FV20 es un sistema de purificaci\u00f3n de aire innovador, compacto y autosuficiente para combatir eficazmente virus, g\u00e9rmenes y bacterias en espacios cerrados.<\/p>\n\n\n\n<a class=\"gb-text button-primary gb-text-175a38e1\">M\u00e1s informaci\u00f3n<\/a>\n<\/div>\n<\/div>\n<\/div>\n\n\n\n<div class=\"wp-block-cloudcatch-splide-carousel-item wp-block-splide-carousel__slide splide__slide\">\n<div class=\"info-box gb-element-446e3642\">\n<img loading=\"lazy\" decoding=\"async\" width=\"768\" height=\"768\" class=\"gb-media-02ec654a\" alt=\"\" src=\"https:\/\/filtrontec.de\/wp-content\/uploads\/2025\/09\/amficab_Lobby_Spiegel1-1-1-768x768.jpg\" title=\"amficab_Lobby_Spiegel1-1\" srcset=\"https:\/\/filtrontec.de\/wp-content\/uploads\/2025\/09\/amficab_Lobby_Spiegel1-1-1-768x768.jpg 768w, https:\/\/filtrontec.de\/wp-content\/uploads\/2025\/09\/amficab_Lobby_Spiegel1-1-1-150x150.jpg 150w, https:\/\/filtrontec.de\/wp-content\/uploads\/2025\/09\/amficab_Lobby_Spiegel1-1-1-300x300.jpg 300w, https:\/\/filtrontec.de\/wp-content\/uploads\/2025\/09\/amficab_Lobby_Spiegel1-1-1-12x12.jpg 12w, https:\/\/filtrontec.de\/wp-content\/uploads\/2025\/09\/amficab_Lobby_Spiegel1-1-1-600x600.jpg 600w, https:\/\/filtrontec.de\/wp-content\/uploads\/2025\/09\/amficab_Lobby_Spiegel1-1-1.jpg 800w\" sizes=\"auto, (max-width: 768px) 100vw, 768px\" \/>\n\n\n\n<div class=\"wp-block-group has-global-padding is-layout-constrained wp-container-core-group-is-layout-e0082cf6 wp-block-group-is-layout-constrained\">\n<h3 class=\"wp-block-heading has-xx-large-font-size\"><strong>amficon<\/strong><\/h3>\n\n\n\n<h3 class=\"wp-block-heading\">Aire limpio para ciudades y parques<\/h3>\n\n\n\n<p>amficon utiliza tecnolog\u00eda punta para filtrar de forma fiable las part\u00edculas nocivas del aire<\/p>\n<\/div>\n<\/div>\n<\/div>\n\n\n\n<div class=\"wp-block-cloudcatch-splide-carousel-item wp-block-splide-carousel__slide splide__slide\">\n<div class=\"info-box gb-element-b5110e18\">\n<img loading=\"lazy\" decoding=\"async\" width=\"768\" height=\"768\" class=\"gb-media-29e0a40f\" alt=\"\" src=\"https:\/\/filtrontec.de\/wp-content\/uploads\/2025\/09\/amficab_Lobby_Spiegel1-1-1-768x768.jpg\" title=\"amficab_Lobby_Spiegel1-1\" srcset=\"https:\/\/filtrontec.de\/wp-content\/uploads\/2025\/09\/amficab_Lobby_Spiegel1-1-1-768x768.jpg 768w, https:\/\/filtrontec.de\/wp-content\/uploads\/2025\/09\/amficab_Lobby_Spiegel1-1-1-150x150.jpg 150w, https:\/\/filtrontec.de\/wp-content\/uploads\/2025\/09\/amficab_Lobby_Spiegel1-1-1-300x300.jpg 300w, https:\/\/filtrontec.de\/wp-content\/uploads\/2025\/09\/amficab_Lobby_Spiegel1-1-1-12x12.jpg 12w, https:\/\/filtrontec.de\/wp-content\/uploads\/2025\/09\/amficab_Lobby_Spiegel1-1-1-600x600.jpg 600w, https:\/\/filtrontec.de\/wp-content\/uploads\/2025\/09\/amficab_Lobby_Spiegel1-1-1.jpg 800w\" sizes=\"auto, (max-width: 768px) 100vw, 768px\" \/>\n\n\n\n<div class=\"wp-block-group has-global-padding is-layout-constrained wp-container-core-group-is-layout-e0082cf6 wp-block-group-is-layout-constrained\">\n<h3 class=\"wp-block-heading has-xx-large-font-size\"><strong>amfista<\/strong><\/h3>\n\n\n\n<h3 class=\"wp-block-heading\">Aire limpio en las estaciones de metro<\/h3>\n\n\n\n<p>Especialmente desarrollado para estaciones de metro y subterr\u00e1neas, nuestro sistema combina una tecnolog\u00eda de filtrado de alto rendimiento con un dise\u00f1o robusto y eficiente que se integra perfectamente en la arquitectura y funcionalidad de sus estaciones.<\/p>\n<\/div>\n<\/div>\n<\/div>\n<\/div><\/div><\/figure><\/div>\n<\/div>\n\n\n\n<section class=\"gb-element-b7ece8e1\" id=\"amficab\">\n<div class=\"gb-element-55c7605b\">\n<h2 class=\"wp-block-heading\"><strong>amficab \u2013 Purificador de aire de alta eficiencia \u201eMade in Germany\u201c<\/strong><\/h2>\n\n\n\n<p>El amficab es un sistema de purificaci\u00f3n de aire innovador, compacto y aut\u00f3nomo para combatir eficazmente virus, g\u00e9rmenes y bacterias en espacios cerrados. Al mismo tiempo, el dispositivo reduce notablemente la contaminaci\u00f3n por polvo fino y contribuye as\u00ed a mejorar significativamente la calidad del aire que respiramos.<\/p>\n\n\n\n<h3 class=\"wp-block-heading\">Premio a la innovaci\u00f3n<\/h3>\n\n\n\n<p>El producto fue galardonado con el Premio a la Innovaci\u00f3n Reiner Lemoine del distrito de Anhalt-Bitterfeld por su extraordinario rendimiento. <\/p>\n\n\n\n<h3 class=\"wp-block-heading\">Higiene del aire interior: m\u00e1s que aire limpio para respirar<\/h3>\n\n\n\n<p>En espacios interiores muy frecuentados, aumenta el riesgo de propagaci\u00f3n de agentes pat\u00f3genos a trav\u00e9s del aire. En particular, los virus y los g\u00e9rmenes transportados a trav\u00e9s de aerosoles pueden propagarse r\u00e1pidamente y de forma inadvertida por todo el espacio, lo que supone un grave peligro, como ha puesto en evidencia la pandemia del SARS-CoV-2.<\/p>\n\n\n\n<p>La higiene espec\u00edfica del aire interior contrarresta este riesgo y, al mismo tiempo, garantiza un clima interior m\u00e1s saludable:<\/p>\n\n\n\n<ul class=\"wp-block-list\">\n<li>-\tReducci\u00f3n de los pat\u00f3genos transportados por el aire mediante una eficaz desinfecci\u00f3n con rayos UV-C<\/li>\n\n\n\n<li>Reducci\u00f3n significativa de la contaminaci\u00f3n por polvo fino: un alivio notable para las personas al\u00e9rgicas.<\/li>\n\n\n\n<li>Adsorci\u00f3n de contaminantes gaseosos del aire exterior e interior<\/li>\n\n\n\n<li>Compacto pero potente: amficab <\/li>\n<\/ul>\n\n\n\n<p>A pesar de sus dimensiones compactas, el amficab es capaz de tratar grandes vol\u00famenes de aire de forma efectiva. De este modo, cumple los requisitos recomendados para una filtraci\u00f3n higi\u00e9nica eficaz en espacios interiores como oficinas, escuelas, consultas m\u00e9dicas o instituciones p\u00fablicas.<\/p>\n\n\n\n<p>El coraz\u00f3n del sistema es la radiaci\u00f3n UV-C integrada con una longitud de onda de 254 nm. Esta tecnolog\u00eda permite eliminar de forma fiable el 99,9 % de los virus y bacterias presentes en el aire, sin productos qu\u00edmicos, residuos ni olores.<\/p>\n\n\n\n<figure class=\"wp-block-image size-full is-resized\"><img loading=\"lazy\" decoding=\"async\" width=\"2560\" height=\"704\" src=\"https:\/\/filtrontec.de\/wp-content\/uploads\/2026\/03\/amficab_logo_final-scaled.png\" alt=\"\" class=\"wp-image-2611\" style=\"aspect-ratio:3.6234289779464075;width:341px;height:auto\" srcset=\"https:\/\/filtrontec.de\/wp-content\/uploads\/2026\/03\/amficab_logo_final-scaled.png 2560w, https:\/\/filtrontec.de\/wp-content\/uploads\/2026\/03\/amficab_logo_final-300x83.png 300w, https:\/\/filtrontec.de\/wp-content\/uploads\/2026\/03\/amficab_logo_final-1024x282.png 1024w, https:\/\/filtrontec.de\/wp-content\/uploads\/2026\/03\/amficab_logo_final-768x211.png 768w, https:\/\/filtrontec.de\/wp-content\/uploads\/2026\/03\/amficab_logo_final-1536x422.png 1536w, https:\/\/filtrontec.de\/wp-content\/uploads\/2026\/03\/amficab_logo_final-2048x563.png 2048w, https:\/\/filtrontec.de\/wp-content\/uploads\/2026\/03\/amficab_logo_final-18x5.png 18w, https:\/\/filtrontec.de\/wp-content\/uploads\/2026\/03\/amficab_logo_final-800x220.png 800w\" sizes=\"auto, (max-width: 2560px) 100vw, 2560px\" \/><\/figure>\n<\/div>\n<\/section>\n\n\n\n<div class=\"gb-element-7c3758f5\" id=\"amficon\">\n<div class=\"gb-element-915e153b\">\n<h2 class=\"wp-block-heading\"><strong>El amficon - Aire limpio para ciudades y parques<\/strong><\/h2>\n\n\n\n<p>En una \u00e9poca en la que el aire limpio es un bien muy preciado, nuestro innovador filtro de aire exterior amficon establece nuevos est\u00e1ndares.<\/p>\n\n\n\n<p>amficon utiliza la tecnolog\u00eda m\u00e1s avanzada para filtrar de forma fiable las part\u00edculas nocivas del aire. Adem\u00e1s, la instalaci\u00f3n de la innovadora tecnolog\u00eda UV-C tambi\u00e9n elimina virus y bacterias. Esto no s\u00f3lo mejora la calidad de vida de los residentes locales, sino que tambi\u00e9n contribuye activamente a la protecci\u00f3n de la salud.<\/p>\n\n\n\n<p>Gracias a sus sofisticados filtros electrost\u00e1ticos y a su dise\u00f1o de bajo mantenimiento, nuestro sistema ofrece una soluci\u00f3n eficaz para ciudades especialmente contaminadas. El contenedor compacto combina funcionalidad, eficiencia y sostenibilidad.<\/p>\n\n\n\n<figure class=\"wp-block-image size-full is-resized\"><img loading=\"lazy\" decoding=\"async\" width=\"500\" height=\"138\" src=\"https:\/\/filtrontec.de\/wp-content\/uploads\/2025\/12\/amficon_Logo.jpg\" alt=\"\" class=\"wp-image-2269\" style=\"width:333px;height:auto\" srcset=\"https:\/\/filtrontec.de\/wp-content\/uploads\/2025\/12\/amficon_Logo.jpg 500w, https:\/\/filtrontec.de\/wp-content\/uploads\/2025\/12\/amficon_Logo-300x83.jpg 300w, https:\/\/filtrontec.de\/wp-content\/uploads\/2025\/12\/amficon_Logo-18x5.jpg 18w\" sizes=\"auto, (max-width: 500px) 100vw, 500px\" \/><\/figure>\n<\/div>\n\n\n\n<div class=\"gb-element-0759b1b7\">\n<img loading=\"lazy\" decoding=\"async\" width=\"683\" height=\"1024\" class=\"gb-media-7ecf0abd\" alt=\"\" src=\"https:\/\/filtrontec.de\/wp-content\/uploads\/2025\/11\/amficon.jpg\" title=\"amficon\" srcset=\"https:\/\/filtrontec.de\/wp-content\/uploads\/2025\/11\/amficon.jpg 683w, https:\/\/filtrontec.de\/wp-content\/uploads\/2025\/11\/amficon-200x300.jpg 200w, https:\/\/filtrontec.de\/wp-content\/uploads\/2025\/11\/amficon-8x12.jpg 8w, https:\/\/filtrontec.de\/wp-content\/uploads\/2025\/11\/amficon-400x600.jpg 400w\" sizes=\"auto, (max-width: 683px) 100vw, 683px\" \/>\n<\/div>\n<\/div>\n\n\n\n<div class=\"gb-element-f60a0e05\" id=\"amfista\">\n<div class=\"gb-element-2868d84e\">\n<h2 class=\"wp-block-heading\"><strong><strong>Der amfista <strong>\u2013<\/strong><\/strong> <strong>Aire limpio en las estaciones de metro<\/strong><\/strong><\/h2>\n\n\n\n<p>Dise\u00f1ado espec\u00edficamente para estaciones de metro y otros espacios p\u00fablicos, nuestro sistema combina una potente tecnolog\u00eda de filtrado con un dise\u00f1o robusto y eficiente que se integra perfectamente en la arquitectura y funcionalidad de sus estaciones. Elimina de forma fiable el polvo, las part\u00edculas ultrafina y otros contaminantes, incluso en entornos muy frecuentados y exigentes.<\/p>\n\n\n\n<p>Con nuestra innovadora soluci\u00f3n de purificaci\u00f3n del aire, crear\u00e1 un ambiente m\u00e1s agradable y saludable, tanto para los pasajeros como para los empleados.<\/p>\n\n\n\n<figure class=\"wp-block-image size-large is-resized\"><img loading=\"lazy\" decoding=\"async\" width=\"1024\" height=\"223\" src=\"https:\/\/filtrontec.de\/wp-content\/uploads\/2026\/03\/amfistar-Kopie-1-1024x223.jpg\" alt=\"\" class=\"wp-image-2620\" style=\"aspect-ratio:4.591938883034773;width:373px;height:auto\" srcset=\"https:\/\/filtrontec.de\/wp-content\/uploads\/2026\/03\/amfistar-Kopie-1-1024x223.jpg 1024w, https:\/\/filtrontec.de\/wp-content\/uploads\/2026\/03\/amfistar-Kopie-1-300x65.jpg 300w, https:\/\/filtrontec.de\/wp-content\/uploads\/2026\/03\/amfistar-Kopie-1-768x167.jpg 768w, https:\/\/filtrontec.de\/wp-content\/uploads\/2026\/03\/amfistar-Kopie-1-1536x335.jpg 1536w, https:\/\/filtrontec.de\/wp-content\/uploads\/2026\/03\/amfistar-Kopie-1-2048x447.jpg 2048w, https:\/\/filtrontec.de\/wp-content\/uploads\/2026\/03\/amfistar-Kopie-1-18x4.jpg 18w, https:\/\/filtrontec.de\/wp-content\/uploads\/2026\/03\/amfistar-Kopie-1-800x174.jpg 800w\" sizes=\"auto, (max-width: 1024px) 100vw, 1024px\" \/><\/figure>\n<\/div>\n\n\n\n<div class=\"gb-element-0c3d375f\">\n<img loading=\"lazy\" decoding=\"async\" width=\"1024\" height=\"768\" class=\"gb-media-9dbdc576\" alt=\"\" src=\"https:\/\/filtrontec.de\/wp-content\/uploads\/2025\/11\/amfista.jpg\" title=\"amfista\" srcset=\"https:\/\/filtrontec.de\/wp-content\/uploads\/2025\/11\/amfista.jpg 1024w, https:\/\/filtrontec.de\/wp-content\/uploads\/2025\/11\/amfista-300x225.jpg 300w, https:\/\/filtrontec.de\/wp-content\/uploads\/2025\/11\/amfista-768x576.jpg 768w, https:\/\/filtrontec.de\/wp-content\/uploads\/2025\/11\/amfista-16x12.jpg 16w, https:\/\/filtrontec.de\/wp-content\/uploads\/2025\/11\/amfista-800x600.jpg 800w\" sizes=\"auto, (max-width: 1024px) 100vw, 1024px\" \/>\n<\/div>\n<\/div>","protected":false},"excerpt":{"rendered":"<p>Soluciones de filtrado innovadoras para un aire limpio<\/p>","protected":false},"author":3,"featured_media":1000,"parent":0,"menu_order":0,"comment_status":"closed","ping_status":"closed","template":"","meta":{"_acf_changed":false,"inline_featured_image":false,"footnotes":"[]"},"class_list":["post-2026","page","type-page","status-publish","has-post-thumbnail","hentry"],"acf":[],"_links":{"self":[{"href":"https:\/\/filtrontec.de\/es\/wp-json\/wp\/v2\/pages\/2026","targetHints":{"allow":["GET"]}}],"collection":[{"href":"https:\/\/filtrontec.de\/es\/wp-json\/wp\/v2\/pages"}],"about":[{"href":"https:\/\/filtrontec.de\/es\/wp-json\/wp\/v2\/types\/page"}],"author":[{"embeddable":true,"href":"https:\/\/filtrontec.de\/es\/wp-json\/wp\/v2\/users\/3"}],"replies":[{"embeddable":true,"href":"https:\/\/filtrontec.de\/es\/wp-json\/wp\/v2\/comments?post=2026"}],"version-history":[{"count":10,"href":"https:\/\/filtrontec.de\/es\/wp-json\/wp\/v2\/pages\/2026\/revisions"}],"predecessor-version":[{"id":2625,"href":"https:\/\/filtrontec.de\/es\/wp-json\/wp\/v2\/pages\/2026\/revisions\/2625"}],"wp:featuredmedia":[{"embeddable":true,"href":"https:\/\/filtrontec.de\/es\/wp-json\/wp\/v2\/media\/1000"}],"wp:attachment":[{"href":"https:\/\/filtrontec.de\/es\/wp-json\/wp\/v2\/media?parent=2026"}],"curies":[{"name":"wp","href":"https:\/\/api.w.org\/{rel}","templated":true}]}}