{"id":2285,"date":"2025-12-18T10:48:39","date_gmt":"2025-12-18T09:48:39","guid":{"rendered":"https:\/\/staging.filtrontec.de\/?page_id=2285"},"modified":"2026-04-02T11:54:50","modified_gmt":"2026-04-02T09:54:50","slug":"costes-de-explotacion","status":"publish","type":"page","link":"https:\/\/filtrontec.de\/es\/betriebskosten\/","title":{"rendered":"Costes de explotaci\u00f3n"},"content":{"rendered":"<div class=\"gb-element-4a154f1c alignfull hero-gradient\">\n<img loading=\"lazy\" decoding=\"async\" width=\"2528\" height=\"1524\" data-media-id=\"2631\" class=\"gb-media-d5fd787a\" alt=\"\" src=\"https:\/\/filtrontec.de\/wp-content\/uploads\/2026\/03\/48a45abc-42c8-4a96-aa07-7c067e3ddc84.png\" srcset=\"https:\/\/filtrontec.de\/wp-content\/uploads\/2026\/03\/48a45abc-42c8-4a96-aa07-7c067e3ddc84.png 2528w, https:\/\/filtrontec.de\/wp-content\/uploads\/2026\/03\/48a45abc-42c8-4a96-aa07-7c067e3ddc84-300x181.png 300w, https:\/\/filtrontec.de\/wp-content\/uploads\/2026\/03\/48a45abc-42c8-4a96-aa07-7c067e3ddc84-1024x617.png 1024w, https:\/\/filtrontec.de\/wp-content\/uploads\/2026\/03\/48a45abc-42c8-4a96-aa07-7c067e3ddc84-768x463.png 768w, https:\/\/filtrontec.de\/wp-content\/uploads\/2026\/03\/48a45abc-42c8-4a96-aa07-7c067e3ddc84-1536x926.png 1536w, https:\/\/filtrontec.de\/wp-content\/uploads\/2026\/03\/48a45abc-42c8-4a96-aa07-7c067e3ddc84-2048x1235.png 2048w, https:\/\/filtrontec.de\/wp-content\/uploads\/2026\/03\/48a45abc-42c8-4a96-aa07-7c067e3ddc84-18x12.png 18w, https:\/\/filtrontec.de\/wp-content\/uploads\/2026\/03\/48a45abc-42c8-4a96-aa07-7c067e3ddc84-800x482.png 800w\" sizes=\"auto, (max-width: 2528px) 100vw, 2528px\" \/>\n\n\n\n<div class=\"gb-element-36d737ce\">\n<h1 class=\"gb-text gb-text-93025f2c\">Costes de explotaci\u00f3n<\/h1>\n\n\n\n<p class=\"gb-text gb-text-8cdf2734\"><\/p>\n<\/div>\n<\/div>\n\n\n\n<div class=\"wp-block-group has-global-padding is-layout-constrained wp-block-group-is-layout-constrained\">\n<div class=\"gb-element-bf149795\">\n<div class=\"wp-block-columns alignfull is-layout-flex wp-container-core-columns-is-layout-4568b588 wp-block-columns-is-layout-flex\" style=\"padding-top:var(--wp--preset--spacing--60);padding-bottom:var(--wp--preset--spacing--60)\">\n<div class=\"wp-block-column is-layout-flow wp-block-column-is-layout-flow\" style=\"flex-basis:66.66%\">\n<div class=\"info-box gb-element-26140b0f\" id=\"betriebskosten\">\n<div class=\"wp-block-group is-layout-flow wp-block-group-is-layout-flow\">\n<div class=\"wp-block-group is-vertical is-layout-flex wp-container-core-group-is-layout-fb90766e wp-block-group-is-layout-flex\" style=\"margin-bottom:var(--wp--preset--spacing--20)\">\n<div class=\"gb-element-a3ceddc8\">\n<p class=\"gb-text\"><a href=\"https:\/\/filtrontec.de\/es\/sistemas-de-filtrado-de-aire-para-tuneles-de-carretera\/\" data-type=\"page\" data-id=\"180\">Filtro de aire para t\u00faneles de carretera<\/a><\/p>\n\n\n\n<span class=\"gb-shape gb-shape-b5919c23\"><svg xmlns=\"http:\/\/www.w3.org\/2000\/svg\" viewbox=\"0 0 256 512\" width=\"1em\" height=\"1em\" aria-hidden=\"true\"><path d=\"M224.3 273l-136 136c-9.4 9.4-24.6 9.4-33.9 0l-22.6-22.6c-9.4-9.4-9.4-24.6 0-33.9l96.4-96.4-96.4-96.4c-9.4-9.4-9.4-24.6 0-33.9L54.3 103c9.4-9.4 24.6-9.4 33.9 0l136 136c9.5 9.4 9.5 24.6.1 34z\" fill=\"currentColor\"><\/path><\/svg><\/span>\n\n\n\n<p class=\"gb-text\">Costes de explotaci\u00f3n <\/p>\n<\/div>\n\n\n\n<h1 class=\"wp-block-heading has-text-align-left has-xx-large-font-size\" style=\"margin-top:0;margin-bottom:0\">Costes de explotaci\u00f3n<\/h1>\n<\/div>\n\n\n\n<p class=\"has-text-align-left has-lead-font-size\">Los sistemas de filtraci\u00f3n de polvo fino y gases de FILTRONtec se caracterizan por un consumo de energ\u00eda y agua especialmente bajo. Su eficiente dise\u00f1o garantiza que tanto el funcionamiento como el mantenimiento resulten extremadamente econ\u00f3micos.<\/p>\n<\/div>\n\n\n\n<div>\n<p class=\"has-lead-font-size\" style=\"padding-top:0;padding-bottom:0\"><strong>Las razones m\u00e1s relevantes de su alta eficiencia:<\/strong><\/p>\n\n\n\n<div class=\"wp-block-group is-layout-flow wp-block-group-is-layout-flow\">\n<img decoding=\"async\" class=\"gb-media-2cf152e2\" alt=\"\" title=\"4e5ed22e-4535-4f7b-bcb4-e3dcd7895a30\" src=\"https:\/\/filtrontec.de\/wp-content\/uploads\/2026\/04\/4e5ed22e-4535-4f7b-bcb4-e3dcd7895a30-300x300.jpg\"\/>\n\n\n\n<h3 class=\"wp-block-heading\">Bajo consumo de energ\u00eda<\/h3>\n\n\n\n<p>Las part\u00edculas de polvo son retenidas mediante un campo electrost\u00e1tico. Para ello solo es necesario una corriente el\u00e9ctrica m\u00ednima de unos pocos miliamperios.<\/p>\n\n\n\n<img loading=\"lazy\" decoding=\"async\" width=\"2560\" height=\"2560\" class=\"gb-media-1a2ab4da\" alt=\"\" title=\"cb97bbf4-29d2-4174-be85-fa7cf67f3cd3\" src=\"https:\/\/filtrontec.de\/wp-content\/uploads\/2026\/04\/cb97bbf4-29d2-4174-be85-fa7cf67f3cd3-scaled.jpg\" srcset=\"https:\/\/filtrontec.de\/wp-content\/uploads\/2026\/04\/cb97bbf4-29d2-4174-be85-fa7cf67f3cd3-scaled.jpg 2560w, https:\/\/filtrontec.de\/wp-content\/uploads\/2026\/04\/cb97bbf4-29d2-4174-be85-fa7cf67f3cd3-300x300.jpg 300w, https:\/\/filtrontec.de\/wp-content\/uploads\/2026\/04\/cb97bbf4-29d2-4174-be85-fa7cf67f3cd3-1024x1024.jpg 1024w, https:\/\/filtrontec.de\/wp-content\/uploads\/2026\/04\/cb97bbf4-29d2-4174-be85-fa7cf67f3cd3-150x150.jpg 150w, https:\/\/filtrontec.de\/wp-content\/uploads\/2026\/04\/cb97bbf4-29d2-4174-be85-fa7cf67f3cd3-768x768.jpg 768w, https:\/\/filtrontec.de\/wp-content\/uploads\/2026\/04\/cb97bbf4-29d2-4174-be85-fa7cf67f3cd3-1536x1536.jpg 1536w, https:\/\/filtrontec.de\/wp-content\/uploads\/2026\/04\/cb97bbf4-29d2-4174-be85-fa7cf67f3cd3-2048x2048.jpg 2048w, https:\/\/filtrontec.de\/wp-content\/uploads\/2026\/04\/cb97bbf4-29d2-4174-be85-fa7cf67f3cd3-12x12.jpg 12w, https:\/\/filtrontec.de\/wp-content\/uploads\/2026\/04\/cb97bbf4-29d2-4174-be85-fa7cf67f3cd3-600x600.jpg 600w\" sizes=\"auto, (max-width: 2560px) 100vw, 2560px\" \/>\n\n\n\n<h3 class=\"wp-block-heading\">Cortos tiempos de funcionamiento de los equipos auxiliares<\/h3>\n\n\n\n<p>Componentes como las bombas, las v\u00e1lvulas o el compresor de aire s\u00f3lo est\u00e1n activos durante breves periodos al d\u00eda.<\/p>\n\n\n\n<img loading=\"lazy\" decoding=\"async\" width=\"2560\" height=\"2560\" class=\"gb-media-88812dd1\" alt=\"\" title=\"3e298e52-48d1-4834-9baf-02456d7fac41\" src=\"https:\/\/filtrontec.de\/wp-content\/uploads\/2026\/04\/3e298e52-48d1-4834-9baf-02456d7fac41-scaled.jpg\" srcset=\"https:\/\/filtrontec.de\/wp-content\/uploads\/2026\/04\/3e298e52-48d1-4834-9baf-02456d7fac41-scaled.jpg 2560w, https:\/\/filtrontec.de\/wp-content\/uploads\/2026\/04\/3e298e52-48d1-4834-9baf-02456d7fac41-300x300.jpg 300w, https:\/\/filtrontec.de\/wp-content\/uploads\/2026\/04\/3e298e52-48d1-4834-9baf-02456d7fac41-1024x1024.jpg 1024w, https:\/\/filtrontec.de\/wp-content\/uploads\/2026\/04\/3e298e52-48d1-4834-9baf-02456d7fac41-150x150.jpg 150w, https:\/\/filtrontec.de\/wp-content\/uploads\/2026\/04\/3e298e52-48d1-4834-9baf-02456d7fac41-768x768.jpg 768w, https:\/\/filtrontec.de\/wp-content\/uploads\/2026\/04\/3e298e52-48d1-4834-9baf-02456d7fac41-1536x1536.jpg 1536w, https:\/\/filtrontec.de\/wp-content\/uploads\/2026\/04\/3e298e52-48d1-4834-9baf-02456d7fac41-2048x2048.jpg 2048w, https:\/\/filtrontec.de\/wp-content\/uploads\/2026\/04\/3e298e52-48d1-4834-9baf-02456d7fac41-12x12.jpg 12w, https:\/\/filtrontec.de\/wp-content\/uploads\/2026\/04\/3e298e52-48d1-4834-9baf-02456d7fac41-600x600.jpg 600w\" sizes=\"auto, (max-width: 2560px) 100vw, 2560px\" \/>\n\n\n\n<h3 class=\"wp-block-heading\">Tratamiento y reutilizaci\u00f3n del agua:<\/h3>\n\n\n\n<p>El agua utilizada para limpiar el precipitador electrost\u00e1tico se trata despu\u00e9s del proceso de lavado y se reutiliza al 90 %. S\u00f3lo es necesario compensar las peque\u00f1as p\u00e9rdidas debidas a la evaporaci\u00f3n o a la humedad residual en el filtrado.<\/p>\n\n\n\n<img loading=\"lazy\" decoding=\"async\" width=\"2560\" height=\"2560\" class=\"gb-media-1f3ebe1c\" alt=\"\" title=\"36bb4523-e7df-48c8-9b42-4d8f4f7c4a25\" src=\"https:\/\/filtrontec.de\/wp-content\/uploads\/2026\/04\/36bb4523-e7df-48c8-9b42-4d8f4f7c4a25-scaled.jpg\" srcset=\"https:\/\/filtrontec.de\/wp-content\/uploads\/2026\/04\/36bb4523-e7df-48c8-9b42-4d8f4f7c4a25-scaled.jpg 2560w, https:\/\/filtrontec.de\/wp-content\/uploads\/2026\/04\/36bb4523-e7df-48c8-9b42-4d8f4f7c4a25-300x300.jpg 300w, https:\/\/filtrontec.de\/wp-content\/uploads\/2026\/04\/36bb4523-e7df-48c8-9b42-4d8f4f7c4a25-1024x1024.jpg 1024w, https:\/\/filtrontec.de\/wp-content\/uploads\/2026\/04\/36bb4523-e7df-48c8-9b42-4d8f4f7c4a25-150x150.jpg 150w, https:\/\/filtrontec.de\/wp-content\/uploads\/2026\/04\/36bb4523-e7df-48c8-9b42-4d8f4f7c4a25-768x768.jpg 768w, https:\/\/filtrontec.de\/wp-content\/uploads\/2026\/04\/36bb4523-e7df-48c8-9b42-4d8f4f7c4a25-1536x1536.jpg 1536w, https:\/\/filtrontec.de\/wp-content\/uploads\/2026\/04\/36bb4523-e7df-48c8-9b42-4d8f4f7c4a25-2048x2048.jpg 2048w, https:\/\/filtrontec.de\/wp-content\/uploads\/2026\/04\/36bb4523-e7df-48c8-9b42-4d8f4f7c4a25-12x12.jpg 12w, https:\/\/filtrontec.de\/wp-content\/uploads\/2026\/04\/36bb4523-e7df-48c8-9b42-4d8f4f7c4a25-600x600.jpg 600w\" sizes=\"auto, (max-width: 2560px) 100vw, 2560px\" \/>\n\n\n\n<h3 class=\"wp-block-heading\">Baja p\u00e9rdida de presi\u00f3n<\/h3>\n\n\n\n<p>La p\u00e9rdida de presi\u00f3n del filtro para part\u00edculas de FILTRONtec es de s\u00f3lo unos 50 Pa, la del filtro de carb\u00f3n activo de unos 400 Pa, un factor decisivo para un funcionamiento energ\u00e9ticamente eficiente. A diferencia de los filtros textiles, las p\u00e9rdidas de presi\u00f3n no var\u00edan a lo largo del tiempo de funcionamiento.<\/p>\n\n\n\n<img loading=\"lazy\" decoding=\"async\" width=\"2560\" height=\"1440\" class=\"gb-media-e3c8e198\" alt=\"\" title=\"Gemini_Generated_Image_oml377oml377oml3\" src=\"https:\/\/filtrontec.de\/wp-content\/uploads\/2026\/04\/Gemini_Generated_Image_oml377oml377oml3-scaled.png\" srcset=\"https:\/\/filtrontec.de\/wp-content\/uploads\/2026\/04\/Gemini_Generated_Image_oml377oml377oml3-scaled.png 2560w, https:\/\/filtrontec.de\/wp-content\/uploads\/2026\/04\/Gemini_Generated_Image_oml377oml377oml3-300x169.png 300w, https:\/\/filtrontec.de\/wp-content\/uploads\/2026\/04\/Gemini_Generated_Image_oml377oml377oml3-1024x576.png 1024w, https:\/\/filtrontec.de\/wp-content\/uploads\/2026\/04\/Gemini_Generated_Image_oml377oml377oml3-768x432.png 768w, https:\/\/filtrontec.de\/wp-content\/uploads\/2026\/04\/Gemini_Generated_Image_oml377oml377oml3-1536x864.png 1536w, https:\/\/filtrontec.de\/wp-content\/uploads\/2026\/04\/Gemini_Generated_Image_oml377oml377oml3-2048x1152.png 2048w, https:\/\/filtrontec.de\/wp-content\/uploads\/2026\/04\/Gemini_Generated_Image_oml377oml377oml3-18x10.png 18w, https:\/\/filtrontec.de\/wp-content\/uploads\/2026\/04\/Gemini_Generated_Image_oml377oml377oml3-800x450.png 800w\" sizes=\"auto, (max-width: 2560px) 100vw, 2560px\" \/>\n\n\n\n<h3 class=\"wp-block-heading\">Baja velocidad del aire de escape<\/h3>\n\n\n\n<p>El aire limpio es expulsado a baja velocidad de s\u00f3lo unos 5 m\/s. En comparaci\u00f3n, el aire de los sistemas sin filtraci\u00f3n debe expulsarse hasta a 20 m\/s, lo que requiere mucha m\u00e1s energ\u00eda para el funcionamiento de los ventiladores.<\/p>\n\n\n\n<p>Gracias a estas caracter\u00edsticas, los sistemas de filtraci\u00f3n de FILTRONtec no solo funcionan de manera eficaz, sino que tambi\u00e9n ahorran recursos y son especialmente rentables.<\/p>\n<\/div>\n<\/div>\n<\/div>\n<\/div>\n\n\n\n<div class=\"wp-block-column is-layout-flow wp-block-column-is-layout-flow\" style=\"flex-basis:33.33%\">\n<div class=\"gb-element-d9360347 alignfull\">\n<div class=\"gb-element-97c70616\">\n<h3 class=\"gb-text gb-text-f87a34f4\"><strong>Funciones y configuraci\u00f3n<\/strong><\/h3>\n\n\n\n<a class=\"button-primary gb-text-e706fe10\" href=\"https:\/\/filtrontec.de\/es\/instalacion-del-filtro-de-aire-ambiente\/\"><span class=\"gb-shape\"><svg aria-hidden=\"true\" role=\"img\" height=\"1em\" width=\"1em\" viewbox=\"0 0 256 512\" xmlns=\"http:\/\/www.w3.org\/2000\/svg\"><path fill=\"currentColor\" d=\"M224.3 273l-136 136c-9.4 9.4-24.6 9.4-33.9 0l-22.6-22.6c-9.4-9.4-9.4-24.6 0-33.9l96.4-96.4-96.4-96.4c-9.4-9.4-9.4-24.6 0-33.9L54.3 103c9.4-9.4 24.6-9.4 33.9 0l136 136c9.5 9.4 9.5 24.6.1 34z\"><\/path><\/svg><\/span><\/a>\n<\/div>\n\n\n\n<div class=\"gb-element-4df433fe\">\n<h3 class=\"gb-text gb-text-9c77daed\"><strong><strong>Operaci\u00f3n, mantenimiento y conservaci\u00f3n<\/strong><\/strong><\/h3>\n\n\n\n<a class=\"button-primary gb-text-5ad97684\" href=\"https:\/\/filtrontec.de\/es\/funcionamiento-mantenimiento-mantenimiento\/\"><span class=\"gb-shape\"><svg aria-hidden=\"true\" role=\"img\" height=\"1em\" width=\"1em\" viewbox=\"0 0 256 512\" xmlns=\"http:\/\/www.w3.org\/2000\/svg\"><path fill=\"currentColor\" d=\"M224.3 273l-136 136c-9.4 9.4-24.6 9.4-33.9 0l-22.6-22.6c-9.4-9.4-9.4-24.6 0-33.9l96.4-96.4-96.4-96.4c-9.4-9.4-9.4-24.6 0-33.9L54.3 103c9.4-9.4 24.6-9.4 33.9 0l136 136c9.5 9.4 9.5 24.6.1 34z\"><\/path><\/svg><\/span><\/a>\n<\/div>\n\n\n\n<div class=\"gb-element-f3cc054f\">\n<h3 class=\"gb-text gb-text-ca7651f8\"><strong><strong>Ejemplos de instalaci\u00f3n<\/strong><\/strong><\/h3>\n\n\n\n<a class=\"button-primary gb-text-49cb75f2\" href=\"https:\/\/filtrontec.de\/es\/ejemplos-de-instalacion\/\"><span class=\"gb-shape\"><svg aria-hidden=\"true\" role=\"img\" height=\"1em\" width=\"1em\" viewbox=\"0 0 256 512\" xmlns=\"http:\/\/www.w3.org\/2000\/svg\"><path fill=\"currentColor\" d=\"M224.3 273l-136 136c-9.4 9.4-24.6 9.4-33.9 0l-22.6-22.6c-9.4-9.4-9.4-24.6 0-33.9l96.4-96.4-96.4-96.4c-9.4-9.4-9.4-24.6 0-33.9L54.3 103c9.4-9.4 24.6-9.4 33.9 0l136 136c9.5 9.4 9.5 24.6.1 34z\"><\/path><\/svg><\/span><\/a>\n<\/div>\n<\/div>\n<\/div>\n<\/div>\n<\/div>\n<\/div>","protected":false},"excerpt":{"rendered":"","protected":false},"author":3,"featured_media":2631,"parent":0,"menu_order":0,"comment_status":"closed","ping_status":"closed","template":"","meta":{"_acf_changed":false,"inline_featured_image":false,"footnotes":""},"class_list":["post-2285","page","type-page","status-publish","has-post-thumbnail","hentry"],"acf":[],"_links":{"self":[{"href":"https:\/\/filtrontec.de\/es\/wp-json\/wp\/v2\/pages\/2285","targetHints":{"allow":["GET"]}}],"collection":[{"href":"https:\/\/filtrontec.de\/es\/wp-json\/wp\/v2\/pages"}],"about":[{"href":"https:\/\/filtrontec.de\/es\/wp-json\/wp\/v2\/types\/page"}],"author":[{"embeddable":true,"href":"https:\/\/filtrontec.de\/es\/wp-json\/wp\/v2\/users\/3"}],"replies":[{"embeddable":true,"href":"https:\/\/filtrontec.de\/es\/wp-json\/wp\/v2\/comments?post=2285"}],"version-history":[{"count":2,"href":"https:\/\/filtrontec.de\/es\/wp-json\/wp\/v2\/pages\/2285\/revisions"}],"predecessor-version":[{"id":2654,"href":"https:\/\/filtrontec.de\/es\/wp-json\/wp\/v2\/pages\/2285\/revisions\/2654"}],"wp:featuredmedia":[{"embeddable":true,"href":"https:\/\/filtrontec.de\/es\/wp-json\/wp\/v2\/media\/2631"}],"wp:attachment":[{"href":"https:\/\/filtrontec.de\/es\/wp-json\/wp\/v2\/media?parent=2285"}],"curies":[{"name":"wp","href":"https:\/\/api.w.org\/{rel}","templated":true}]}}