{"id":2287,"date":"2025-12-18T10:49:18","date_gmt":"2025-12-18T09:49:18","guid":{"rendered":"https:\/\/staging.filtrontec.de\/?page_id=2287"},"modified":"2026-03-17T13:48:08","modified_gmt":"2026-03-17T12:48:08","slug":"funcionamiento-mantenimiento-mantenimiento","status":"publish","type":"page","link":"https:\/\/filtrontec.de\/es\/betrieb-wartung-instandhaltung\/","title":{"rendered":"Operaci\u00f3n, mantenimiento y conservaci\u00f3n"},"content":{"rendered":"<div class=\"gb-element-4a154f1c alignfull hero-gradient\">\n<img loading=\"lazy\" decoding=\"async\" width=\"768\" height=\"831\" data-media-id=\"2627\" class=\"gb-media-d5fd787a\" alt=\"\" src=\"https:\/\/filtrontec.de\/wp-content\/uploads\/2026\/03\/80ddd4c2-274b-41b7-8f35-ad5631c82d3a.jpg\" srcset=\"https:\/\/filtrontec.de\/wp-content\/uploads\/2026\/03\/80ddd4c2-274b-41b7-8f35-ad5631c82d3a.jpg 768w, https:\/\/filtrontec.de\/wp-content\/uploads\/2026\/03\/80ddd4c2-274b-41b7-8f35-ad5631c82d3a-277x300.jpg 277w, https:\/\/filtrontec.de\/wp-content\/uploads\/2026\/03\/80ddd4c2-274b-41b7-8f35-ad5631c82d3a-11x12.jpg 11w, https:\/\/filtrontec.de\/wp-content\/uploads\/2026\/03\/80ddd4c2-274b-41b7-8f35-ad5631c82d3a-555x600.jpg 555w\" sizes=\"auto, (max-width: 768px) 100vw, 768px\" \/>\n\n\n\n<div class=\"gb-element-36d737ce\">\n<h1 class=\"gb-text gb-text-93025f2c\">Operaci\u00f3n, mantenimiento y conservaci\u00f3n<\/h1>\n\n\n\n<p class=\"gb-text gb-text-8cdf2734\"><\/p>\n<\/div>\n<\/div>\n\n\n\n<div class=\"wp-block-group has-global-padding is-layout-constrained wp-block-group-is-layout-constrained\">\n<div class=\"gb-element-bf149795\">\n<div class=\"wp-block-columns alignfull is-layout-flex wp-container-core-columns-is-layout-4568b588 wp-block-columns-is-layout-flex\" style=\"padding-top:var(--wp--preset--spacing--60);padding-bottom:var(--wp--preset--spacing--60)\">\n<div class=\"wp-block-column is-layout-flow wp-block-column-is-layout-flow\" style=\"flex-basis:66.66%\">\n<div class=\"info-box gb-element-b44b659b\" id=\"betrieb-wartung-instandhaltung\">\n<div class=\"gb-element-a3ceddc8\">\n<p class=\"gb-text\"><a href=\"https:\/\/filtrontec.de\/es\/sistemas-de-filtrado-de-aire-para-tuneles-de-carretera\/\" data-type=\"page\" data-id=\"180\">Filtro de aire para t\u00faneles de carretera<\/a><\/p>\n\n\n\n<span class=\"gb-shape gb-shape-b5919c23\"><svg xmlns=\"http:\/\/www.w3.org\/2000\/svg\" viewbox=\"0 0 256 512\" width=\"1em\" height=\"1em\" aria-hidden=\"true\"><path d=\"M224.3 273l-136 136c-9.4 9.4-24.6 9.4-33.9 0l-22.6-22.6c-9.4-9.4-9.4-24.6 0-33.9l96.4-96.4-96.4-96.4c-9.4-9.4-9.4-24.6 0-33.9L54.3 103c9.4-9.4 24.6-9.4 33.9 0l136 136c9.5 9.4 9.5 24.6.1 34z\" fill=\"currentColor\"><\/path><\/svg><\/span>\n\n\n\n<p class=\"gb-text\">Operaci\u00f3n, mantenimiento y conservaci\u00f3n <\/p>\n<\/div>\n\n\n\n<div class=\"wp-block-group is-vertical is-layout-flex wp-container-core-group-is-layout-98bb686d wp-block-group-is-layout-flex\">\n<h1 class=\"wp-block-heading alignfull has-text-align-left has-xx-large-font-size\" style=\"margin-top:0;margin-right:0;margin-bottom:0;margin-left:0\">Operaci\u00f3n, mantenimiento y conservaci\u00f3n<\/h1>\n\n\n\n<div class=\"gb-element-0a0d18d6\">\n<div>\n<p>FILTRONtec apuesta por tiempos de parada cortos, un mantenimiento sencillo y costes de mantenimiento reducidos. Por este motivo, nuestros sistemas de filtraci\u00f3n de aire est\u00e1n dise\u00f1ados para funcionar sin supervisi\u00f3n constante: funcionan de forma totalmente autom\u00e1tica y pueden supervisarse c\u00f3modamente desde el centro de control<\/p>\n<\/div>\n\n\n\n<figure class=\"gb-element-06366b4b\">\n<figure data-wp-context=\"{&quot;imageId&quot;:&quot;69d4dfe26168a&quot;}\" data-wp-interactive=\"core\/image\" data-wp-key=\"69d4dfe26168a\" class=\"wp-block-image size-full wp-lightbox-container\" style=\"margin-top:0;margin-right:0;margin-bottom:0;margin-left:0\"><img decoding=\"async\" data-wp-class--hide=\"state.isContentHidden\" data-wp-class--show=\"state.isContentVisible\" data-wp-init=\"callbacks.setButtonStyles\" data-wp-on--click=\"actions.showLightbox\" data-wp-on--load=\"callbacks.setButtonStyles\" data-wp-on-window--resize=\"callbacks.setButtonStyles\" src=\"https:\/\/filtrontec.de\/wp-content\/uploads\/2025\/10\/Tunnelbetriebszentrale.jpg\" alt=\"Centro de control y operaciones de t\u00fanel\" class=\"wp-image-1461\"\/><button\n\t\t\tclass=\"lightbox-trigger\"\n\t\t\ttype=\"button\"\n\t\t\taria-haspopup=\"dialog\"\n\t\t\taria-label=\"Agrandar\"\n\t\t\tdata-wp-init=\"callbacks.initTriggerButton\"\n\t\t\tdata-wp-on--click=\"actions.showLightbox\"\n\t\t\tdata-wp-style--right=\"state.imageButtonRight\"\n\t\t\tdata-wp-style--top=\"state.imageButtonTop\"\n\t\t>\n\t\t\t<svg xmlns=\"http:\/\/www.w3.org\/2000\/svg\" width=\"12\" height=\"12\" fill=\"none\" viewbox=\"0 0 12 12\">\n\t\t\t\t<path fill=\"#fff\" d=\"M2 0a2 2 0 0 0-2 2v2h1.5V2a.5.5 0 0 1 .5-.5h2V0H2Zm2 10.5H2a.5.5 0 0 1-.5-.5V8H0v2a2 2 0 0 0 2 2h2v-1.5ZM8 12v-1.5h2a.5.5 0 0 0 .5-.5V8H12v2a2 2 0 0 1-2 2H8Zm2-12a2 2 0 0 1 2 2v2h-1.5V2a.5.5 0 0 0-.5-.5H8V0h2Z\" \/>\n\t\t\t<\/svg>\n\t\t<\/button><\/figure>\n\n\n\n<figcaption class=\"gb-text figcaption gb-text-47635ed0\">Centro de control y operaciones de t\u00fanel<\/figcaption>\n<\/figure>\n<\/div>\n<\/div>\n\n\n\n<div class=\"gb-element-0438b311\">\n<div class=\"wp-block-group has-global-padding is-content-justification-left is-layout-constrained wp-container-core-group-is-layout-12dd3699 wp-block-group-is-layout-constrained\">\n<p>El sistema cuenta con pocos componentes m\u00f3viles, como bombas y v\u00e1lvulas convencionales y un compresor de aire opcional. \u00c9stos se someten a mantenimiento seg\u00fan las especificaciones del fabricante. El manual de mantenimiento proporciona informaci\u00f3n precisa sobre:<\/p>\n\n\n\n<ul class=\"wp-block-list\">\n<li>Intervalos de inspecci\u00f3n de los dispositivos de seguridad<\/li>\n\n\n\n<li>Procedimientos de limpieza<\/li>\n\n\n\n<li>Otras tareas de mantenimiento y sus respectivos calendarios<\/li>\n<\/ul>\n\n\n\n<p>No se necesita personal especializado para manejar el sistema de filtraci\u00f3n, lo que reduce significativamente los costes operativos y el esfuerzo.<\/p>\n\n\n\n<p>El filtro para gases de FILTRONtec consta exclusivamente de componentes est\u00e1ticos y, por tanto, no requiere mantenimiento: una soluci\u00f3n fiable para un funcionamiento continuo y seguro.<\/p>\n\n\n\n<p>Estaremos encantados de hacernos cargo del mantenimiento de su sistema de filtraci\u00f3n, s\u00f3lo tiene que ponerse en contacto con nosotros.<\/p>\n\n\n\n<a class=\"gb-text button-primary gb-text-52147806\" target=\"_blank\" rel=\"noopener\" href=\"https:\/\/filtrontec.de\/es\/mantenimiento\/\">Formulario de contacto<\/a>\n<\/div>\n\n\n\n<figure class=\"gb-element-a35182d6\">\n<figure data-wp-context=\"{&quot;imageId&quot;:&quot;69d4dfe262e7b&quot;}\" data-wp-interactive=\"core\/image\" data-wp-key=\"69d4dfe262e7b\" class=\"wp-block-image size-full wp-lightbox-container\" style=\"margin-top:0;margin-right:0;margin-bottom:0;margin-left:0\"><img loading=\"lazy\" decoding=\"async\" width=\"800\" height=\"600\" data-wp-class--hide=\"state.isContentHidden\" data-wp-class--show=\"state.isContentVisible\" data-wp-init=\"callbacks.setButtonStyles\" data-wp-on--click=\"actions.showLightbox\" data-wp-on--load=\"callbacks.setButtonStyles\" data-wp-on-window--resize=\"callbacks.setButtonStyles\" src=\"https:\/\/filtrontec.de\/wp-content\/uploads\/2025\/10\/Technikraum_mit_Ultrafiltrationstank.jpg\" alt=\"Sala t\u00e9cnica: los principales equipos auxiliares, como bombas, tanques, cuadros de control y planta de tratamiento de agua, se instalan juntos en una sala de m\u00e1quinas accesible y de f\u00e1cil mantenimiento.\" class=\"wp-image-1462\" srcset=\"https:\/\/filtrontec.de\/wp-content\/uploads\/2025\/10\/Technikraum_mit_Ultrafiltrationstank.jpg 800w, https:\/\/filtrontec.de\/wp-content\/uploads\/2025\/10\/Technikraum_mit_Ultrafiltrationstank-300x225.jpg 300w, https:\/\/filtrontec.de\/wp-content\/uploads\/2025\/10\/Technikraum_mit_Ultrafiltrationstank-768x576.jpg 768w, https:\/\/filtrontec.de\/wp-content\/uploads\/2025\/10\/Technikraum_mit_Ultrafiltrationstank-16x12.jpg 16w\" sizes=\"auto, (max-width: 800px) 100vw, 800px\" \/><button\n\t\t\tclass=\"lightbox-trigger\"\n\t\t\ttype=\"button\"\n\t\t\taria-haspopup=\"dialog\"\n\t\t\taria-label=\"Agrandar\"\n\t\t\tdata-wp-init=\"callbacks.initTriggerButton\"\n\t\t\tdata-wp-on--click=\"actions.showLightbox\"\n\t\t\tdata-wp-style--right=\"state.imageButtonRight\"\n\t\t\tdata-wp-style--top=\"state.imageButtonTop\"\n\t\t>\n\t\t\t<svg xmlns=\"http:\/\/www.w3.org\/2000\/svg\" width=\"12\" height=\"12\" fill=\"none\" viewbox=\"0 0 12 12\">\n\t\t\t\t<path fill=\"#fff\" d=\"M2 0a2 2 0 0 0-2 2v2h1.5V2a.5.5 0 0 1 .5-.5h2V0H2Zm2 10.5H2a.5.5 0 0 1-.5-.5V8H0v2a2 2 0 0 0 2 2h2v-1.5ZM8 12v-1.5h2a.5.5 0 0 0 .5-.5V8H12v2a2 2 0 0 1-2 2H8Zm2-12a2 2 0 0 1 2 2v2h-1.5V2a.5.5 0 0 0-.5-.5H8V0h2Z\" \/>\n\t\t\t<\/svg>\n\t\t<\/button><\/figure>\n\n\n\n<figcaption class=\"gb-text figcaption gb-text-3f1585be\">Sala t\u00e9cnica: los principales equipos auxiliares, como bombas, tanques, cuadros de control y planta de tratamiento de agua, se instalan juntos en una sala de m\u00e1quinas accesible y de f\u00e1cil mantenimiento.<\/figcaption>\n<\/figure>\n<\/div>\n<\/div>\n<\/div>\n\n\n\n<div class=\"wp-block-column is-layout-flow wp-block-column-is-layout-flow\" style=\"flex-basis:33.33%\">\n<div class=\"gb-element-d9360347 alignfull\">\n<div class=\"gb-element-97c70616\">\n<h3 class=\"gb-text gb-text-f87a34f4\"><strong>Funciones y configuraci\u00f3n<\/strong><\/h3>\n\n\n\n<a class=\"button-primary gb-text-e706fe10\" href=\"https:\/\/filtrontec.de\/es\/instalacion-del-filtro-de-aire-ambiente\/\"><span class=\"gb-shape\"><svg aria-hidden=\"true\" role=\"img\" height=\"1em\" width=\"1em\" viewbox=\"0 0 256 512\" xmlns=\"http:\/\/www.w3.org\/2000\/svg\"><path fill=\"currentColor\" d=\"M224.3 273l-136 136c-9.4 9.4-24.6 9.4-33.9 0l-22.6-22.6c-9.4-9.4-9.4-24.6 0-33.9l96.4-96.4-96.4-96.4c-9.4-9.4-9.4-24.6 0-33.9L54.3 103c9.4-9.4 24.6-9.4 33.9 0l136 136c9.5 9.4 9.5 24.6.1 34z\"><\/path><\/svg><\/span><\/a>\n<\/div>\n\n\n\n<div class=\"gb-element-a2e4fccb\">\n<h3 class=\"gb-text gb-text-a7dc3afc\"><strong>Costes de explotaci\u00f3n<\/strong><\/h3>\n\n\n\n<a class=\"button-primary gb-text-a54ad131\" href=\"https:\/\/filtrontec.de\/es\/costes-de-explotacion\/\"><span class=\"gb-shape\"><svg aria-hidden=\"true\" role=\"img\" height=\"1em\" width=\"1em\" viewbox=\"0 0 256 512\" xmlns=\"http:\/\/www.w3.org\/2000\/svg\"><path fill=\"currentColor\" d=\"M224.3 273l-136 136c-9.4 9.4-24.6 9.4-33.9 0l-22.6-22.6c-9.4-9.4-9.4-24.6 0-33.9l96.4-96.4-96.4-96.4c-9.4-9.4-9.4-24.6 0-33.9L54.3 103c9.4-9.4 24.6-9.4 33.9 0l136 136c9.5 9.4 9.5 24.6.1 34z\"><\/path><\/svg><\/span><\/a>\n<\/div>\n\n\n\n<div class=\"gb-element-f3cc054f\">\n<h3 class=\"gb-text gb-text-ca7651f8\"><strong><strong>Ejemplos de instalaci\u00f3n<\/strong><\/strong><\/h3>\n\n\n\n<a class=\"button-primary gb-text-49cb75f2\" href=\"https:\/\/filtrontec.de\/es\/ejemplos-de-instalacion\/\"><span class=\"gb-shape\"><svg aria-hidden=\"true\" role=\"img\" height=\"1em\" width=\"1em\" viewbox=\"0 0 256 512\" xmlns=\"http:\/\/www.w3.org\/2000\/svg\"><path fill=\"currentColor\" d=\"M224.3 273l-136 136c-9.4 9.4-24.6 9.4-33.9 0l-22.6-22.6c-9.4-9.4-9.4-24.6 0-33.9l96.4-96.4-96.4-96.4c-9.4-9.4-9.4-24.6 0-33.9L54.3 103c9.4-9.4 24.6-9.4 33.9 0l136 136c9.5 9.4 9.5 24.6.1 34z\"><\/path><\/svg><\/span><\/a>\n<\/div>\n<\/div>\n<\/div>\n<\/div>\n<\/div>\n<\/div>","protected":false},"excerpt":{"rendered":"","protected":false},"author":3,"featured_media":2627,"parent":0,"menu_order":0,"comment_status":"closed","ping_status":"closed","template":"","meta":{"_acf_changed":false,"inline_featured_image":false,"footnotes":""},"class_list":["post-2287","page","type-page","status-publish","has-post-thumbnail","hentry"],"acf":[],"_links":{"self":[{"href":"https:\/\/filtrontec.de\/es\/wp-json\/wp\/v2\/pages\/2287","targetHints":{"allow":["GET"]}}],"collection":[{"href":"https:\/\/filtrontec.de\/es\/wp-json\/wp\/v2\/pages"}],"about":[{"href":"https:\/\/filtrontec.de\/es\/wp-json\/wp\/v2\/types\/page"}],"author":[{"embeddable":true,"href":"https:\/\/filtrontec.de\/es\/wp-json\/wp\/v2\/users\/3"}],"replies":[{"embeddable":true,"href":"https:\/\/filtrontec.de\/es\/wp-json\/wp\/v2\/comments?post=2287"}],"version-history":[{"count":3,"href":"https:\/\/filtrontec.de\/es\/wp-json\/wp\/v2\/pages\/2287\/revisions"}],"predecessor-version":[{"id":2641,"href":"https:\/\/filtrontec.de\/es\/wp-json\/wp\/v2\/pages\/2287\/revisions\/2641"}],"wp:featuredmedia":[{"embeddable":true,"href":"https:\/\/filtrontec.de\/es\/wp-json\/wp\/v2\/media\/2627"}],"wp:attachment":[{"href":"https:\/\/filtrontec.de\/es\/wp-json\/wp\/v2\/media?parent=2287"}],"curies":[{"name":"wp","href":"https:\/\/api.w.org\/{rel}","templated":true}]}}