{"id":2289,"date":"2025-12-18T10:49:50","date_gmt":"2025-12-18T09:49:50","guid":{"rendered":"https:\/\/staging.filtrontec.de\/?page_id=2289"},"modified":"2026-03-17T13:49:11","modified_gmt":"2026-03-17T12:49:11","slug":"ejemplos-de-instalacion","status":"publish","type":"page","link":"https:\/\/filtrontec.de\/es\/einbaubeispiele\/","title":{"rendered":"Ejemplos de instalaci\u00f3n"},"content":{"rendered":"<div class=\"gb-element-4a154f1c alignfull hero-gradient\">\n<img loading=\"lazy\" decoding=\"async\" width=\"2048\" height=\"1532\" data-media-id=\"2304\" class=\"gb-media-d5fd787a\" alt=\"\" src=\"https:\/\/filtrontec.de\/wp-content\/uploads\/2025\/12\/20230414_MNMC_01.jpg\" srcset=\"https:\/\/filtrontec.de\/wp-content\/uploads\/2025\/12\/20230414_MNMC_01.jpg 2048w, https:\/\/filtrontec.de\/wp-content\/uploads\/2025\/12\/20230414_MNMC_01-300x224.jpg 300w, https:\/\/filtrontec.de\/wp-content\/uploads\/2025\/12\/20230414_MNMC_01-1024x766.jpg 1024w, https:\/\/filtrontec.de\/wp-content\/uploads\/2025\/12\/20230414_MNMC_01-768x575.jpg 768w, https:\/\/filtrontec.de\/wp-content\/uploads\/2025\/12\/20230414_MNMC_01-1536x1149.jpg 1536w, https:\/\/filtrontec.de\/wp-content\/uploads\/2025\/12\/20230414_MNMC_01-16x12.jpg 16w, https:\/\/filtrontec.de\/wp-content\/uploads\/2025\/12\/20230414_MNMC_01-800x598.jpg 800w\" sizes=\"auto, (max-width: 2048px) 100vw, 2048px\" \/>\n\n\n\n<div class=\"gb-element-36d737ce\">\n<h1 class=\"gb-text gb-text-93025f2c\">Ejemplos de instalaci\u00f3n<\/h1>\n\n\n\n<p class=\"gb-text gb-text-8cdf2734\"><\/p>\n<\/div>\n<\/div>\n\n\n\n<div class=\"wp-block-group has-global-padding is-layout-constrained wp-block-group-is-layout-constrained\">\n<div class=\"gb-element-bf149795\">\n<div class=\"wp-block-columns alignfull is-layout-flex wp-container-core-columns-is-layout-4568b588 wp-block-columns-is-layout-flex\" style=\"padding-top:var(--wp--preset--spacing--60);padding-bottom:var(--wp--preset--spacing--60)\">\n<div class=\"wp-block-column is-layout-flow wp-block-column-is-layout-flow\" style=\"flex-basis:66.66%\">\n<div class=\"info-box gb-element-afbf76d5\" id=\"einbaubeispiele\">\n<div class=\"wp-block-group is-layout-flow wp-block-group-is-layout-flow\">\n<div class=\"wp-block-group alignwide is-vertical is-layout-flex wp-container-core-group-is-layout-c35747d5 wp-block-group-is-layout-flex\">\n<div class=\"gb-element-a3ceddc8\">\n<p class=\"gb-text\"><a href=\"https:\/\/filtrontec.de\/es\/sistemas-de-filtrado-de-aire-para-tuneles-de-carretera\/\" data-type=\"page\" data-id=\"180\">Filtro de aire para t\u00faneles de carretera<\/a><\/p>\n\n\n\n<span class=\"gb-shape gb-shape-b5919c23\"><svg aria-hidden=\"true\" height=\"1em\" width=\"1em\" viewbox=\"0 0 256 512\" xmlns=\"http:\/\/www.w3.org\/2000\/svg\"><path fill=\"currentColor\" d=\"M224.3 273l-136 136c-9.4 9.4-24.6 9.4-33.9 0l-22.6-22.6c-9.4-9.4-9.4-24.6 0-33.9l96.4-96.4-96.4-96.4c-9.4-9.4-9.4-24.6 0-33.9L54.3 103c9.4-9.4 24.6-9.4 33.9 0l136 136c9.5 9.4 9.5 24.6.1 34z\"><\/path><\/svg><\/span>\n\n\n\n<p class=\"gb-text\">Ejemplos de instalaci\u00f3n <\/p>\n<\/div>\n\n\n\n<h1 class=\"wp-block-heading alignwide has-text-align-left has-xx-large-font-size\" style=\"padding-bottom:var(--wp--preset--spacing--20)\">Ejemplos constructivos de filtros de aire en t\u00faneles urbanos<\/h1>\n<\/div>\n\n\n\n<p class=\"has-text-align-left has-lead-font-size\">La instalaci\u00f3n de filtros de aire en t\u00faneles de carretera depende en gran medida de las condiciones locales. Ya sea como bypass en una sala contigua al t\u00fanel, en el techo del mismol, en el techo del t\u00fanel o en un edificio independiente, FILTRONtec est\u00e1 a su lado durante la fase de planificaci\u00f3n para ontrar la mejor soluci\u00f3n para su proyecto, tanto desde el punto de vista t\u00e9cnico como econ\u00f3mico.<\/p>\n<\/div>\n\n\n\n<div class=\"gb-element-8c4d7bc6\">\n<div>\n<h3 class=\"wp-block-heading\">Instalaci\u00f3n en Bypass<\/h3>\n\n\n\n<p>En esta variante, el sistema de filtraci\u00f3n se instala en una sala situada junto a la calzada. El aire contaminado del t\u00fanel se extrae a trav\u00e9s de unas aberturas laterales ubicadas en la pared del t\u00fanel, que est\u00e1n protegidas con rejillas. Una vez filtrado, el aire purificado se devuelve a la zona de la calzada o se expulsa al exterior.<\/p>\n<\/div>\n\n\n\n<figure class=\"gb-element-622656ab\">\n<figure data-wp-context=\"{&quot;imageId&quot;:&quot;69d24ac7c9e06&quot;}\" data-wp-interactive=\"core\/image\" data-wp-key=\"69d24ac7c9e06\" class=\"wp-block-image size-full wp-lightbox-container\" style=\"margin-top:0;margin-right:0;margin-bottom:0;margin-left:0\"><img loading=\"lazy\" decoding=\"async\" width=\"726\" height=\"430\" data-wp-class--hide=\"state.isContentHidden\" data-wp-class--show=\"state.isContentVisible\" data-wp-init=\"callbacks.setButtonStyles\" data-wp-on--click=\"actions.showLightbox\" data-wp-on--load=\"callbacks.setButtonStyles\" data-wp-on-window--resize=\"callbacks.setButtonStyles\" src=\"https:\/\/filtrontec.de\/wp-content\/uploads\/2025\/10\/bypass.png\" alt=\"\" class=\"wp-image-1464\" srcset=\"https:\/\/filtrontec.de\/wp-content\/uploads\/2025\/10\/bypass.png 726w, https:\/\/filtrontec.de\/wp-content\/uploads\/2025\/10\/bypass-300x178.png 300w, https:\/\/filtrontec.de\/wp-content\/uploads\/2025\/10\/bypass-18x12.png 18w\" sizes=\"auto, (max-width: 726px) 100vw, 726px\" \/><button\n\t\t\tclass=\"lightbox-trigger\"\n\t\t\ttype=\"button\"\n\t\t\taria-haspopup=\"dialog\"\n\t\t\taria-label=\"Agrandar\"\n\t\t\tdata-wp-init=\"callbacks.initTriggerButton\"\n\t\t\tdata-wp-on--click=\"actions.showLightbox\"\n\t\t\tdata-wp-style--right=\"state.imageButtonRight\"\n\t\t\tdata-wp-style--top=\"state.imageButtonTop\"\n\t\t>\n\t\t\t<svg xmlns=\"http:\/\/www.w3.org\/2000\/svg\" width=\"12\" height=\"12\" fill=\"none\" viewbox=\"0 0 12 12\">\n\t\t\t\t<path fill=\"#fff\" d=\"M2 0a2 2 0 0 0-2 2v2h1.5V2a.5.5 0 0 1 .5-.5h2V0H2Zm2 10.5H2a.5.5 0 0 1-.5-.5V8H0v2a2 2 0 0 0 2 2h2v-1.5ZM8 12v-1.5h2a.5.5 0 0 0 .5-.5V8H12v2a2 2 0 0 1-2 2H8Zm2-12a2 2 0 0 1 2 2v2h-1.5V2a.5.5 0 0 0-.5-.5H8V0h2Z\" \/>\n\t\t\t<\/svg>\n\t\t<\/button><\/figure>\n\n\n\n<figcaption class=\"gb-text figcaption gb-text-2be85531\">Instalaci\u00f3n en Bypass<\/figcaption>\n<\/figure>\n<\/div>\n\n\n\n<div class=\"gb-element-3b7cb2e4\">\n<div>\n<h3 class=\"wp-block-heading\">Instalaci\u00f3n en techo o cubierta<\/h3>\n\n\n\n<p>En el caso de la instalaci\u00f3n en el techo, los filtros est\u00e1n situados en un falso techo en la secci\u00f3n superior del tubo del t\u00fanel. El aire contaminado se extrae hacia arriba, se filtra y, a continuaci\u00f3n, se devuelve a la zona de la calzada oo se expulsa al  exterior.  Esta variante es especialmente adecuada para t\u00faneles de secci\u00f3n circular u ovalada.<\/p>\n<\/div>\n\n\n\n<figure class=\"gb-element-f060e232\">\n<figure data-wp-context=\"{&quot;imageId&quot;:&quot;69d24ac7caeff&quot;}\" data-wp-interactive=\"core\/image\" data-wp-key=\"69d24ac7caeff\" class=\"wp-block-image size-full wp-lightbox-container\" style=\"margin-top:0;margin-right:0;margin-bottom:0;margin-left:0\"><img loading=\"lazy\" decoding=\"async\" width=\"726\" height=\"430\" data-wp-class--hide=\"state.isContentHidden\" data-wp-class--show=\"state.isContentVisible\" data-wp-init=\"callbacks.setButtonStyles\" data-wp-on--click=\"actions.showLightbox\" data-wp-on--load=\"callbacks.setButtonStyles\" data-wp-on-window--resize=\"callbacks.setButtonStyles\" src=\"https:\/\/filtrontec.de\/wp-content\/uploads\/2025\/10\/deckeneinbau.png\" alt=\"\" class=\"wp-image-1465\" srcset=\"https:\/\/filtrontec.de\/wp-content\/uploads\/2025\/10\/deckeneinbau.png 726w, https:\/\/filtrontec.de\/wp-content\/uploads\/2025\/10\/deckeneinbau-300x178.png 300w, https:\/\/filtrontec.de\/wp-content\/uploads\/2025\/10\/deckeneinbau-18x12.png 18w\" sizes=\"auto, (max-width: 726px) 100vw, 726px\" \/><button\n\t\t\tclass=\"lightbox-trigger\"\n\t\t\ttype=\"button\"\n\t\t\taria-haspopup=\"dialog\"\n\t\t\taria-label=\"Agrandar\"\n\t\t\tdata-wp-init=\"callbacks.initTriggerButton\"\n\t\t\tdata-wp-on--click=\"actions.showLightbox\"\n\t\t\tdata-wp-style--right=\"state.imageButtonRight\"\n\t\t\tdata-wp-style--top=\"state.imageButtonTop\"\n\t\t>\n\t\t\t<svg xmlns=\"http:\/\/www.w3.org\/2000\/svg\" width=\"12\" height=\"12\" fill=\"none\" viewbox=\"0 0 12 12\">\n\t\t\t\t<path fill=\"#fff\" d=\"M2 0a2 2 0 0 0-2 2v2h1.5V2a.5.5 0 0 1 .5-.5h2V0H2Zm2 10.5H2a.5.5 0 0 1-.5-.5V8H0v2a2 2 0 0 0 2 2h2v-1.5ZM8 12v-1.5h2a.5.5 0 0 0 .5-.5V8H12v2a2 2 0 0 1-2 2H8Zm2-12a2 2 0 0 1 2 2v2h-1.5V2a.5.5 0 0 0-.5-.5H8V0h2Z\" \/>\n\t\t\t<\/svg>\n\t\t<\/button><\/figure>\n\n\n\n<figcaption class=\"gb-text figcaption gb-text-b2444ba3\">Instalaci\u00f3n en techo o cubierta<\/figcaption>\n<\/figure>\n<\/div>\n\n\n\n<div class=\"gb-element-ce6e7d61\">\n<div>\n<h3 class=\"wp-block-heading\">Instalaci\u00f3n en edificio independiente<\/h3>\n\n\n\n<p>Si no es posible instalar el sistema directamente en el t\u00fanel, el sistema de filtraci\u00f3n puede instalarse en un edificio separado cercano al t\u00fanel. El aire del t\u00fanel se conduce a trav\u00e9s de un conducto hasta el edificio del filtro. Tras la purificaci\u00f3n, el aire puede volver al t\u00fanel o expulsarse al exterior. Un ejemplo pr\u00e1ctico de ello es el sistema de filtraci\u00f3n de FILTRONtec instalado en el t\u00fanel M5East de S\u00eddney.<\/p>\n<\/div>\n\n\n\n<figure class=\"gb-element-eebf2b97\">\n<figure data-wp-context=\"{&quot;imageId&quot;:&quot;69d24ac7cbf58&quot;}\" data-wp-interactive=\"core\/image\" data-wp-key=\"69d24ac7cbf58\" class=\"wp-block-image size-full wp-lightbox-container\" style=\"margin-top:0;margin-right:0;margin-bottom:0;margin-left:0\"><img loading=\"lazy\" decoding=\"async\" width=\"800\" height=\"600\" data-wp-class--hide=\"state.isContentHidden\" data-wp-class--show=\"state.isContentVisible\" data-wp-init=\"callbacks.setButtonStyles\" data-wp-on--click=\"actions.showLightbox\" data-wp-on--load=\"callbacks.setButtonStyles\" data-wp-on-window--resize=\"callbacks.setButtonStyles\" src=\"https:\/\/filtrontec.de\/wp-content\/uploads\/2025\/10\/m5_sydney_filter_building.jpg\" alt=\"Instalaci\u00f3n en edificio independiente\" class=\"wp-image-1466\" srcset=\"https:\/\/filtrontec.de\/wp-content\/uploads\/2025\/10\/m5_sydney_filter_building.jpg 800w, https:\/\/filtrontec.de\/wp-content\/uploads\/2025\/10\/m5_sydney_filter_building-300x225.jpg 300w, https:\/\/filtrontec.de\/wp-content\/uploads\/2025\/10\/m5_sydney_filter_building-768x576.jpg 768w, https:\/\/filtrontec.de\/wp-content\/uploads\/2025\/10\/m5_sydney_filter_building-16x12.jpg 16w\" sizes=\"auto, (max-width: 800px) 100vw, 800px\" \/><button\n\t\t\tclass=\"lightbox-trigger\"\n\t\t\ttype=\"button\"\n\t\t\taria-haspopup=\"dialog\"\n\t\t\taria-label=\"Agrandar\"\n\t\t\tdata-wp-init=\"callbacks.initTriggerButton\"\n\t\t\tdata-wp-on--click=\"actions.showLightbox\"\n\t\t\tdata-wp-style--right=\"state.imageButtonRight\"\n\t\t\tdata-wp-style--top=\"state.imageButtonTop\"\n\t\t>\n\t\t\t<svg xmlns=\"http:\/\/www.w3.org\/2000\/svg\" width=\"12\" height=\"12\" fill=\"none\" viewbox=\"0 0 12 12\">\n\t\t\t\t<path fill=\"#fff\" d=\"M2 0a2 2 0 0 0-2 2v2h1.5V2a.5.5 0 0 1 .5-.5h2V0H2Zm2 10.5H2a.5.5 0 0 1-.5-.5V8H0v2a2 2 0 0 0 2 2h2v-1.5ZM8 12v-1.5h2a.5.5 0 0 0 .5-.5V8H12v2a2 2 0 0 1-2 2H8Zm2-12a2 2 0 0 1 2 2v2h-1.5V2a.5.5 0 0 0-.5-.5H8V0h2Z\" \/>\n\t\t\t<\/svg>\n\t\t<\/button><\/figure>\n\n\n\n<figcaption class=\"gb-text figcaption gb-text-a667882c\">Instalaci\u00f3n en edificio independiente<\/figcaption>\n<\/figure>\n<\/div>\n\n\n\n<div class=\"gb-element-15136059\">\n<div>\n<h3 class=\"wp-block-heading\">Filtraci\u00f3n de aire con filtro de carb\u00f3n activo conectable<\/h3>\n\n\n\n<p>Las concentraciones de part\u00edculas y di\u00f3xido de nitr\u00f3geno en el aire pueden variar considerablemente a lo largo del d\u00eda. Por ello, FILTRONtec ha desarrollado un sistema en el que el filtro para gases se puede activar o desactivar en funci\u00f3n de la concentraci\u00f3n de nitr\u00f3geno mientras el filtro para part\u00edculas est\u00e1 en funcionamiento.<\/p>\n<\/div>\n\n\n\n<figure class=\"gb-element-32f32425\">\n<figure data-wp-context=\"{&quot;imageId&quot;:&quot;69d24ac7cce06&quot;}\" data-wp-interactive=\"core\/image\" data-wp-key=\"69d24ac7cce06\" class=\"wp-block-image size-full wp-lightbox-container\" style=\"margin-top:0;margin-right:0;margin-bottom:0;margin-left:0\"><img loading=\"lazy\" decoding=\"async\" width=\"726\" height=\"430\" data-wp-class--hide=\"state.isContentHidden\" data-wp-class--show=\"state.isContentVisible\" data-wp-init=\"callbacks.setButtonStyles\" data-wp-on--click=\"actions.showLightbox\" data-wp-on--load=\"callbacks.setButtonStyles\" data-wp-on-window--resize=\"callbacks.setButtonStyles\" src=\"https:\/\/filtrontec.de\/wp-content\/uploads\/2025\/10\/funktion3d_es.jpg\" alt=\"Estructura esquem\u00e1tica de un sistema de filtro de aire con filtro de gas integrado\" class=\"wp-image-1467\" srcset=\"https:\/\/filtrontec.de\/wp-content\/uploads\/2025\/10\/funktion3d_es.jpg 1000w, https:\/\/filtrontec.de\/wp-content\/uploads\/2025\/10\/funktion3d_es-300x134.jpg 300w, https:\/\/filtrontec.de\/wp-content\/uploads\/2025\/10\/funktion3d_es-768x344.jpg 768w, https:\/\/filtrontec.de\/wp-content\/uploads\/2025\/10\/funktion3d_es-18x8.jpg 18w, https:\/\/filtrontec.de\/wp-content\/uploads\/2025\/10\/funktion3d_es-800x358.jpg 800w\" sizes=\"auto, (max-width: 726px) 100vw, 726px\" \/><button\n\t\t\tclass=\"lightbox-trigger\"\n\t\t\ttype=\"button\"\n\t\t\taria-haspopup=\"dialog\"\n\t\t\taria-label=\"Agrandar\"\n\t\t\tdata-wp-init=\"callbacks.initTriggerButton\"\n\t\t\tdata-wp-on--click=\"actions.showLightbox\"\n\t\t\tdata-wp-style--right=\"state.imageButtonRight\"\n\t\t\tdata-wp-style--top=\"state.imageButtonTop\"\n\t\t>\n\t\t\t<svg xmlns=\"http:\/\/www.w3.org\/2000\/svg\" width=\"12\" height=\"12\" fill=\"none\" viewbox=\"0 0 12 12\">\n\t\t\t\t<path fill=\"#fff\" d=\"M2 0a2 2 0 0 0-2 2v2h1.5V2a.5.5 0 0 1 .5-.5h2V0H2Zm2 10.5H2a.5.5 0 0 1-.5-.5V8H0v2a2 2 0 0 0 2 2h2v-1.5ZM8 12v-1.5h2a.5.5 0 0 0 .5-.5V8H12v2a2 2 0 0 1-2 2H8Zm2-12a2 2 0 0 1 2 2v2h-1.5V2a.5.5 0 0 0-.5-.5H8V0h2Z\" \/>\n\t\t\t<\/svg>\n\t\t<\/button><\/figure>\n\n\n\n<figcaption class=\"gb-text figcaption gb-text-9ab4dcb6\">Estructura esquem\u00e1tica de un sistema de filtro de aire con filtro de gas integrado<\/figcaption>\n<\/figure>\n<\/div>\n\n\n\n<div>\n<h3 class=\"wp-block-heading\">Adaptaci\u00f3n de t\u00faneles existentes<\/h3>\n\n\n\n<p>Los filtros para part\u00edculas  tambi\u00e9n pueden adaptarse a t\u00faneles ya existentes. Con un espesor de solo 1,60 m y un dise\u00f1o modular, los filtros pueden adaptarse a cualquier secci\u00f3n transversal. Gracias a la baja p\u00e9rdida de presi\u00f3n de solo 50 Pa, no es necesario realizar modificaciones en los ventiladores de extracci\u00f3n.<\/p>\n<\/div>\n<\/div>\n<\/div>\n\n\n\n<div class=\"wp-block-column is-layout-flow wp-block-column-is-layout-flow\" style=\"flex-basis:33.33%\">\n<div class=\"gb-element-d9360347 alignfull\">\n<div class=\"gb-element-97c70616\">\n<h3 class=\"gb-text gb-text-f87a34f4\"><strong>Funciones y configuraci\u00f3n<\/strong><\/h3>\n\n\n\n<a class=\"button-primary gb-text-e706fe10\" href=\"https:\/\/filtrontec.de\/es\/instalacion-del-filtro-de-aire-ambiente\/\"><span class=\"gb-shape\"><svg aria-hidden=\"true\" role=\"img\" height=\"1em\" width=\"1em\" viewbox=\"0 0 256 512\" xmlns=\"http:\/\/www.w3.org\/2000\/svg\"><path fill=\"currentColor\" d=\"M224.3 273l-136 136c-9.4 9.4-24.6 9.4-33.9 0l-22.6-22.6c-9.4-9.4-9.4-24.6 0-33.9l96.4-96.4-96.4-96.4c-9.4-9.4-9.4-24.6 0-33.9L54.3 103c9.4-9.4 24.6-9.4 33.9 0l136 136c9.5 9.4 9.5 24.6.1 34z\"><\/path><\/svg><\/span><\/a>\n<\/div>\n\n\n\n<div class=\"gb-element-a2e4fccb\">\n<h3 class=\"gb-text gb-text-a7dc3afc\"><strong>Costes de explotaci\u00f3n<\/strong><\/h3>\n\n\n\n<a class=\"button-primary gb-text-a54ad131\" href=\"https:\/\/filtrontec.de\/es\/costes-de-explotacion\/\"><span class=\"gb-shape\"><svg aria-hidden=\"true\" role=\"img\" height=\"1em\" width=\"1em\" viewbox=\"0 0 256 512\" xmlns=\"http:\/\/www.w3.org\/2000\/svg\"><path fill=\"currentColor\" d=\"M224.3 273l-136 136c-9.4 9.4-24.6 9.4-33.9 0l-22.6-22.6c-9.4-9.4-9.4-24.6 0-33.9l96.4-96.4-96.4-96.4c-9.4-9.4-9.4-24.6 0-33.9L54.3 103c9.4-9.4 24.6-9.4 33.9 0l136 136c9.5 9.4 9.5 24.6.1 34z\"><\/path><\/svg><\/span><\/a>\n<\/div>\n\n\n\n<div class=\"gb-element-4df433fe\">\n<h3 class=\"gb-text gb-text-9c77daed\"><strong><strong>Operaci\u00f3n, mantenimiento y conservaci\u00f3n<\/strong><\/strong><\/h3>\n\n\n\n<a class=\"button-primary gb-text-5ad97684\" href=\"https:\/\/filtrontec.de\/es\/funcionamiento-mantenimiento-mantenimiento\/\"><span class=\"gb-shape\"><svg aria-hidden=\"true\" role=\"img\" height=\"1em\" width=\"1em\" viewbox=\"0 0 256 512\" xmlns=\"http:\/\/www.w3.org\/2000\/svg\"><path fill=\"currentColor\" d=\"M224.3 273l-136 136c-9.4 9.4-24.6 9.4-33.9 0l-22.6-22.6c-9.4-9.4-9.4-24.6 0-33.9l96.4-96.4-96.4-96.4c-9.4-9.4-9.4-24.6 0-33.9L54.3 103c9.4-9.4 24.6-9.4 33.9 0l136 136c9.5 9.4 9.5 24.6.1 34z\"><\/path><\/svg><\/span><\/a>\n<\/div>\n<\/div>\n<\/div>\n<\/div>\n<\/div>\n<\/div>","protected":false},"excerpt":{"rendered":"","protected":false},"author":3,"featured_media":2304,"parent":0,"menu_order":0,"comment_status":"closed","ping_status":"closed","template":"","meta":{"_acf_changed":false,"inline_featured_image":false,"footnotes":""},"class_list":["post-2289","page","type-page","status-publish","has-post-thumbnail","hentry"],"acf":[],"_links":{"self":[{"href":"https:\/\/filtrontec.de\/es\/wp-json\/wp\/v2\/pages\/2289","targetHints":{"allow":["GET"]}}],"collection":[{"href":"https:\/\/filtrontec.de\/es\/wp-json\/wp\/v2\/pages"}],"about":[{"href":"https:\/\/filtrontec.de\/es\/wp-json\/wp\/v2\/types\/page"}],"author":[{"embeddable":true,"href":"https:\/\/filtrontec.de\/es\/wp-json\/wp\/v2\/users\/3"}],"replies":[{"embeddable":true,"href":"https:\/\/filtrontec.de\/es\/wp-json\/wp\/v2\/comments?post=2289"}],"version-history":[{"count":1,"href":"https:\/\/filtrontec.de\/es\/wp-json\/wp\/v2\/pages\/2289\/revisions"}],"predecessor-version":[{"id":2642,"href":"https:\/\/filtrontec.de\/es\/wp-json\/wp\/v2\/pages\/2289\/revisions\/2642"}],"wp:featuredmedia":[{"embeddable":true,"href":"https:\/\/filtrontec.de\/es\/wp-json\/wp\/v2\/media\/2304"}],"wp:attachment":[{"href":"https:\/\/filtrontec.de\/es\/wp-json\/wp\/v2\/media?parent=2289"}],"curies":[{"name":"wp","href":"https:\/\/api.w.org\/{rel}","templated":true}]}}