{"id":171,"date":"2025-09-08T22:03:24","date_gmt":"2025-09-08T20:03:24","guid":{"rendered":"https:\/\/staging.filtrontec.de\/?page_id=171"},"modified":"2026-01-19T09:54:07","modified_gmt":"2026-01-19T08:54:07","slug":"entreprise","status":"publish","type":"page","link":"https:\/\/filtrontec.de\/fr\/unternehmen\/","title":{"rendered":"L\u2019Entreprise"},"content":{"rendered":"<div class=\"gb-element-4a154f1c alignfull hero-gradient\">\n<img loading=\"lazy\" decoding=\"async\" width=\"2560\" height=\"1707\" data-media-id=\"1965\" class=\"gb-media-d5fd787a\" alt=\"\" src=\"https:\/\/filtrontec.de\/wp-content\/uploads\/2025\/10\/engin-akyurt-iNlNrMjdI_Q-unsplash_bearbeitet-scaled.jpg\" srcset=\"https:\/\/filtrontec.de\/wp-content\/uploads\/2025\/10\/engin-akyurt-iNlNrMjdI_Q-unsplash_bearbeitet-scaled.jpg 2560w, https:\/\/filtrontec.de\/wp-content\/uploads\/2025\/10\/engin-akyurt-iNlNrMjdI_Q-unsplash_bearbeitet-2048x1365.jpg 2048w, https:\/\/filtrontec.de\/wp-content\/uploads\/2025\/10\/engin-akyurt-iNlNrMjdI_Q-unsplash_bearbeitet-300x200.jpg 300w, https:\/\/filtrontec.de\/wp-content\/uploads\/2025\/10\/engin-akyurt-iNlNrMjdI_Q-unsplash_bearbeitet-768x512.jpg 768w, https:\/\/filtrontec.de\/wp-content\/uploads\/2025\/10\/engin-akyurt-iNlNrMjdI_Q-unsplash_bearbeitet-1024x683.jpg 1024w, https:\/\/filtrontec.de\/wp-content\/uploads\/2025\/10\/engin-akyurt-iNlNrMjdI_Q-unsplash_bearbeitet-1536x1024.jpg 1536w, https:\/\/filtrontec.de\/wp-content\/uploads\/2025\/10\/engin-akyurt-iNlNrMjdI_Q-unsplash_bearbeitet-18x12.jpg 18w, https:\/\/filtrontec.de\/wp-content\/uploads\/2025\/10\/engin-akyurt-iNlNrMjdI_Q-unsplash_bearbeitet-800x533.jpg 800w\" sizes=\"auto, (max-width: 2560px) 100vw, 2560px\" \/>\n\n\n\n<div class=\"gb-element-36d737ce\">\n<h1 class=\"gb-text gb-text-93025f2c\">L\u2019Entreprise<\/h1>\n\n\n\n<p class=\"gb-text gb-text-8cdf2734\">Gr\u00e2ce \u00e0 une recherche et un d\u00e9veloppement continus, FILTRONtec est devenu un fournisseur leader d'installations de filtration modernes pour les tunnels et les infrastructures.<\/p>\n<\/div>\n<\/div>\n\n\n\n<div class=\"padding-block gb-element-cb760fdd\">\n<h2 class=\"gb-text\">Exp\u00e9rience et pr\u00e9sence internationale<\/h2>\n\n\n\n<p>Depuis sa cr\u00e9ation en 2000, FILTRONtec GmbH est devenu l\u2019un des principaux fournisseurs internationaux de syst\u00e8mes de filtration d\u2019air gr\u00e2ce \u00e0 l\u2019innovation continue et au suivi de projets dans le monde entier. Qu'il s'agisse de tunnels routiers, de parkings souterrains ou d'autres structures, nous accompagnons nos clients de ldepuis la phase de planification jusqu \u00e0 la mise en service et proposons \u00e9galement, sur demande, une assistance pour l'exploitation et la maintenance des syst\u00e8mes.<\/p>\n\n\n\n<p>Le si\u00e8ge de notre entreprise se trouve \u00e0 Wolfen, en Saxe-Anhalt. Les filiales en Espagne et \u00e0 Hong Kong ainsi qu'un solide r\u00e9seau d\u2019employ\u00e9s qualifi\u00e9s et d'entreprises partenaires garantissent une qualit\u00e9 maximale dans le monde entier. Depuis 2008, FILTRONtec est certifi\u00e9e selon la norme DIN ISO 9001 et depuis 2012, elle est membre de l'Union europ\u00e9enne. <a href=\"https:\/\/www.stuva.de\/\" data-type=\"link\" data-id=\"https:\/\/www.stuva.de\/\">STUVA<\/a>.<\/p>\n\n\n\n<p>Gr\u00e2ce \u00e0 une technologie de pointe, une exp\u00e9rience internationale et une \u00e9quipe engag\u00e9e, nous sommes synonymes de qualit\u00e9 sup\u00e9rieure, de solutions durables et de partenariats fiables. FILTRONtec - votre sp\u00e9cialiste des syst\u00e8mes de filtration d'air innovants dans le monde entier.<\/p>\n<\/div>\n\n\n\n<div class=\"gb-element-88e53c47\">\n<img loading=\"lazy\" decoding=\"async\" width=\"2560\" height=\"1022\" class=\"gb-media-3f65bb23\" alt=\"\" src=\"https:\/\/filtrontec.de\/wp-content\/uploads\/2025\/10\/filtrontec_Standorte-scaled.jpg\" title=\"filtrontec_Sites\" srcset=\"https:\/\/filtrontec.de\/wp-content\/uploads\/2025\/10\/filtrontec_Standorte-scaled.jpg 2560w, https:\/\/filtrontec.de\/wp-content\/uploads\/2025\/10\/filtrontec_Standorte-300x120.jpg 300w, https:\/\/filtrontec.de\/wp-content\/uploads\/2025\/10\/filtrontec_Standorte-768x307.jpg 768w, https:\/\/filtrontec.de\/wp-content\/uploads\/2025\/10\/filtrontec_Standorte-1024x409.jpg 1024w, https:\/\/filtrontec.de\/wp-content\/uploads\/2025\/10\/filtrontec_Standorte-1536x613.jpg 1536w, https:\/\/filtrontec.de\/wp-content\/uploads\/2025\/10\/filtrontec_Standorte-2048x818.jpg 2048w, https:\/\/filtrontec.de\/wp-content\/uploads\/2025\/10\/filtrontec_Standorte-18x7.jpg 18w, https:\/\/filtrontec.de\/wp-content\/uploads\/2025\/10\/filtrontec_Standorte-800x319.jpg 800w\" sizes=\"auto, (max-width: 2560px) 100vw, 2560px\" \/>\n\n\n\n<div class=\"padding-block gb-element-6b7e6c9c\">\n<h2 class=\"gb-text\">Nos produits sont implant\u00e9s mondialement<\/h2>\n\n\n\n<p>L'augmentation volume du trafic, la conscience environnementale croissante et la protection responsable de la sant\u00e9 sont quelques-unes des raisons de l'int\u00e9r\u00eat croissant pour nos syst\u00e8mes de filtration d'air pour les tunnels routiers et les parkings souterrains.\n\nEn 2004, FILTRONtec a \u00e9t\u00e9 s\u00e9lectionn\u00e9 parmi 13 candidats, aux c\u00f4t\u00e9s de deux autres concurrents, lors d'un concours mondial de qualification technique organis\u00e9 par la Road and Traffic Authority (RTA) de Nouvelle-Galles du Sud en Australie, pour la conception et l\u2019installation d'une syst\u00e8me pilote de filtration dans un tunnel \u00e0 Sydney. Le contrat a \u00e9t\u00e9 attribu\u00e9 \u00e0 FILTRONtec en 2009 et le syst\u00e8me de filtration est entr\u00e9 en service en 2010.<\/p>\n\n\n\n<p>Entre 2007 et 2008, FILTRONtec a install\u00e9 plusieurs syst\u00e8mes de filtration d\u2019air dans les tunnels de la M30 \u00e0 Madrid. De 2015 \u00e0 2019, FILTRONtec a install\u00e9 huit syst\u00e8mes de purification de l\u2019air dans le tunnel Central Wan Chai Bypass \u00e0 Hong Kong.<\/p>\n\n\n\n<p>En 2022, nous avons planifi\u00e9 et install\u00e9 une autre installation pour le tunnel de la rue M30 \u00e0 Madrid (emplacement  de l'ancien stade Vicente Calder\u00f3n).<\/p>\n<\/div>\n<\/div>","protected":false},"excerpt":{"rendered":"<p>Gr\u00e2ce \u00e0 une recherche et un d\u00e9veloppement continus, FILTRONtec est devenu un fournisseur leader d'installations de filtration modernes pour les tunnels et les infrastructures.<\/p>","protected":false},"author":3,"featured_media":1965,"parent":0,"menu_order":0,"comment_status":"closed","ping_status":"closed","template":"","meta":{"_acf_changed":false,"inline_featured_image":false,"footnotes":""},"class_list":["post-171","page","type-page","status-publish","has-post-thumbnail","hentry"],"acf":[],"_links":{"self":[{"href":"https:\/\/filtrontec.de\/fr\/wp-json\/wp\/v2\/pages\/171","targetHints":{"allow":["GET"]}}],"collection":[{"href":"https:\/\/filtrontec.de\/fr\/wp-json\/wp\/v2\/pages"}],"about":[{"href":"https:\/\/filtrontec.de\/fr\/wp-json\/wp\/v2\/types\/page"}],"author":[{"embeddable":true,"href":"https:\/\/filtrontec.de\/fr\/wp-json\/wp\/v2\/users\/3"}],"replies":[{"embeddable":true,"href":"https:\/\/filtrontec.de\/fr\/wp-json\/wp\/v2\/comments?post=171"}],"version-history":[{"count":0,"href":"https:\/\/filtrontec.de\/fr\/wp-json\/wp\/v2\/pages\/171\/revisions"}],"wp:featuredmedia":[{"embeddable":true,"href":"https:\/\/filtrontec.de\/fr\/wp-json\/wp\/v2\/media\/1965"}],"wp:attachment":[{"href":"https:\/\/filtrontec.de\/fr\/wp-json\/wp\/v2\/media?parent=171"}],"curies":[{"name":"wp","href":"https:\/\/api.w.org\/{rel}","templated":true}]}}