{"id":172,"date":"2025-09-08T21:59:50","date_gmt":"2025-09-08T19:59:50","guid":{"rendered":"https:\/\/staging.filtrontec.de\/?page_id=172"},"modified":"2026-02-25T13:25:17","modified_gmt":"2026-02-25T12:25:17","slug":"histoire","status":"publish","type":"page","link":"https:\/\/filtrontec.de\/fr\/historie\/","title":{"rendered":"Historique"},"content":{"rendered":"<div class=\"gb-element-4a154f1c alignfull hero-gradient\">\n<img loading=\"lazy\" decoding=\"async\" width=\"800\" height=\"494\" data-media-id=\"314\" class=\"gb-media-d5fd787a\" alt=\"\" src=\"https:\/\/filtrontec.de\/wp-content\/uploads\/2025\/09\/starnberg_am_see.jpg\" srcset=\"https:\/\/filtrontec.de\/wp-content\/uploads\/2025\/09\/starnberg_am_see.jpg 800w, https:\/\/filtrontec.de\/wp-content\/uploads\/2025\/09\/starnberg_am_see-300x185.jpg 300w, https:\/\/filtrontec.de\/wp-content\/uploads\/2025\/09\/starnberg_am_see-768x474.jpg 768w, https:\/\/filtrontec.de\/wp-content\/uploads\/2025\/09\/starnberg_am_see-18x12.jpg 18w\" sizes=\"auto, (max-width: 800px) 100vw, 800px\" \/>\n\n\n\n<div class=\"gb-element-36d737ce\">\n<h1 class=\"gb-text gb-text-93025f2c\">Historique<\/h1>\n\n\n\n<p class=\"gb-text gb-text-8cdf2734\">Les grandes \u00e9tapes de l'histoire de l'entreprise<\/p>\n<\/div>\n<\/div>\n\n\n\n<div class=\"gb-element-df627e1a\">\n<div class=\"wp-block-group is-vertical is-content-justification-left is-layout-flex wp-container-core-group-is-layout-231d3342 wp-block-group-is-layout-flex\">\n<div class=\"info-box\">\n<p class=\"gb-text info-heading\">2026<\/p>\n\n\n\n<h3 class=\"gb-text\">Participation au salon ACREX Inde<\/h3>\n\n\n\n<p class=\"gb-text\">En collaboration avec notre partenaire <a href=\"https:\/\/www.arklite.co.in\/\" data-type=\"link\" data-id=\"https:\/\/www.arklite.co.in\/\">Arklite<\/a> FILTRONtec participe pour la premi\u00e8re fois au salon sp\u00e9cialis\u00e9 <a href=\"https:\/\/acrex.in\/home\" data-type=\"link\" data-id=\"https:\/\/acrex.in\/home\">ACREX Inde<\/a> \u00e0 Mumbai. Du 12 au 14 mars, nous pr\u00e9senterons \u00e0 un public international de sp\u00e9cialistes des solutions innovantes pour la protection de l'air. Cette participation souligne notre engagement croissant sur le march\u00e9 indien.<br>Vous nous trouverez dans le hall 6 au stand A07.<\/p>\n<\/div>\n\n\n\n<div class=\"info-box\">\n<p class=\"gb-text info-heading\">2024<\/p>\n\n\n\n<h3 class=\"gb-text\">Partenariat en Inde<\/h3>\n\n\n\n<p class=\"gb-text\">En collaboration avec la Chambre Allemande de Commerce <a href=\"https:\/\/indien.ahk.de\/en\" data-type=\"link\" data-id=\"https:\/\/indien.ahk.de\/en\">AHK,<\/a> nous avons trouv\u00e9 en <a href=\"https:\/\/www.arklite.co.in\/\">Arklite<\/a> notre partenaire en Inde pour le d\u00e9veloppement de nouveaux dispositifs de purification de l'air sp\u00e9cifiques au march\u00e9 indien. L'acquisition et le d\u00e9veloppement du produit sont actuellement en cours. Les nombreux contacts pr\u00e9cieux et le d\u00e9veloppement conjoint du produit nous permettent d'envisager l'avenir avec optimisme.<\/p>\n<\/div>\n\n\n\n<div class=\"info-box\">\n<p class=\"gb-text info-heading\">2023<\/p>\n\n\n\n<h3 class=\"gb-text\">Projet de recherche<\/h3>\n\n\n\n<p class=\"gb-text\">Dans le cadre d'un pojet de recherche financ\u00e9 par le programme <strong>Zentralen Innovationsprogramm Mittelstand (<\/strong><a href=\"https:\/\/www.zim.de\/ZIM\/Navigation\/DE\/Home\/home.html\" data-type=\"link\" data-id=\"https:\/\/www.zim.de\/ZIM\/Navigation\/DE\/Home\/home.html\">ZIM<\/a><strong>)<\/strong> FILTRONtec d\u00e9veloppe une station de filtration innovante pour les stations de m\u00e9tro. L'objectif est d'am\u00e9liorer durablement la qualit\u00e9 de l'air dans les zones tr\u00e8s fr\u00e9quent\u00e9es et d'\u00e9tablir de nouveaux standards en mati\u00e8re de ventilation des locaux et des b\u00e2timents.<\/p>\n<\/div>\n\n\n\n<div class=\"info-box\">\n<p class=\"gb-text info-heading\">2022<\/p>\n\n\n\n<h3 class=\"gb-text\">Prolongement du tunnel M30, Madrid<\/h3>\n\n\n\n<p class=\"gb-text\">Installation d'un filtre \u00e0 air dans le prolongement du tunnel M30, section Nuevo Mahou-Calder\u00f3n. Se basant sur le travail r\u00e9ussi de la filiale espagnole, Madrid fait \u00e0 nouveau confiance \u00e0 FILTRONtec.<\/p>\n\n\n\n<figure>\n<img decoding=\"async\" class=\"gb-media-1dbc0013\" alt=\"\" src=\"https:\/\/filtrontec.de\/wp-content\/uploads\/2025\/09\/M30_new-800x527.jpeg\" title=\"Obras de cubrici\u00f3n de la M-30\"\/>\n\n\n\n<figcaption class=\"gb-text figcaption\">Chantier Calle M30<\/figcaption>\n<\/figure>\n<\/div>\n\n\n\n<div class=\"info-box\">\n<p class=\"gb-text info-heading\">2021<\/p>\n\n\n\n<h3 class=\"gb-text\">Projet en Chine<\/h3>\n\n\n\n<p class=\"gb-text\">Fourniture de modules ESP et d'une alimentation haute tension pour deux syst\u00e8mes de filtration d'air dans le tunnel de Guimiao Road, Shenzhen. L'installation est effectu\u00e9e par un partenaire local.<\/p>\n<\/div>\n\n\n\n<div class=\"info-box\">\n<p class=\"gb-text info-heading\">2020<\/p>\n\n\n\n<h3 class=\"gb-text\">Purificador de aire amficab <\/h3>\n\n\n\n<p class=\"gb-text\">Desarrollo del purificador de aire amficab para la eliminaci\u00f3n virus, g\u00e9rmenes, polvo fino y contaminantes gaseosos en espacios cerrados.<\/p>\n\n\n\n<p class=\"gb-text\"><a href=\"http:\/\/www.amficab.de\/\">http:\/\/www.amficab.de\/<\/a><\/p>\n\n\n\n<figure>\n<img decoding=\"async\" class=\"gb-media-c7bee3a4\" alt=\"\" src=\"https:\/\/filtrontec.de\/wp-content\/uploads\/2025\/09\/amficab_Lobby_Spiegel_weiss-800x506.jpg\" title=\"amficab_lobby_miroir_blanc\"\/>\n<\/figure>\n<\/div>\n\n\n\n<div class=\"info-box\">\n<p class=\"gb-text info-heading\">2019<\/p>\n\n\n\n<h3 class=\"gb-text\">Central-Wan Chai Bypass, Hong Kong<\/h3>\n\n\n\n<p class=\"gb-text\">Ouverture du Central-Wan Chai Bypass avec huit syst\u00e8mes de filtration d'air FILTRONtec, qui sont en service depuis lors. \u00c0 l'\u00e9poque, il s'agit de la plus grande installation de filtration d'air dans un tunnel routier au monde.<\/p>\n\n\n\n<figure>\n<img loading=\"lazy\" decoding=\"async\" width=\"800\" height=\"600\" class=\"gb-media-def5ef81\" alt=\"\" src=\"https:\/\/filtrontec.de\/wp-content\/uploads\/2025\/09\/Central-Wan_Chai_Bypass_Central_Entrance.jpg\" title=\"Central-Wan_Chai_Bypass_Central_Entrance\" srcset=\"https:\/\/filtrontec.de\/wp-content\/uploads\/2025\/09\/Central-Wan_Chai_Bypass_Central_Entrance.jpg 800w, https:\/\/filtrontec.de\/wp-content\/uploads\/2025\/09\/Central-Wan_Chai_Bypass_Central_Entrance-300x225.jpg 300w, https:\/\/filtrontec.de\/wp-content\/uploads\/2025\/09\/Central-Wan_Chai_Bypass_Central_Entrance-768x576.jpg 768w, https:\/\/filtrontec.de\/wp-content\/uploads\/2025\/09\/Central-Wan_Chai_Bypass_Central_Entrance-16x12.jpg 16w\" sizes=\"auto, (max-width: 800px) 100vw, 800px\" \/>\n\n\n\n<figcaption class=\"gb-text figcaption\">Wan Chai Bypass, Hong Kong<\/figcaption>\n<\/figure>\n<\/div>\n\n\n\n<div class=\"info-box\">\n<p class=\"gb-text info-heading\">2015 \/ 2017<\/p>\n\n\n\n<h3 class=\"gb-text\">Projets internationaux<\/h3>\n\n\n\n<p class=\"gb-text\">Planification et conception d'installations de filtration de l'air d\u2019\u00e9chappement en Cor\u00e9e, en Chine et en Australie.<\/p>\n<\/div>\n\n\n\n<div class=\"info-box\">\n<p class=\"gb-text info-heading\">2014<\/p>\n\n\n\n<h3 class=\"gb-text\">Renforcement du march\u00e9 asiatique<\/h3>\n\n\n\n<p class=\"gb-text\">Cr\u00e9ation de la filiale FILTRONtec Limited, Hong Kong et commande de huit installations de filtration de l'air d\u2019\u00e9chappement pour le Central-Wan Chai Bypass \u00e0 Hong Kong.<\/p>\n<\/div>\n\n\n\n<div class=\"info-box\">\n<p class=\"gb-text info-heading\">2010<\/p>\n\n\n\n<h3 class=\"gb-text\">Ach\u00e8vement du tunnel M5East<\/h3>\n\n\n\n<p class=\"gb-text\">Le syst\u00e8me de filtration d'air du tunnel M5East sera mise en service et remise \u00e0 l'exploitant du tunnel comme pr\u00e9vu, apr\u00e8s moins de huit mois de travaux.<\/p>\n\n\n\n<figure>\n<img loading=\"lazy\" decoding=\"async\" width=\"800\" height=\"579\" class=\"gb-media-08c8363a\" alt=\"\" src=\"https:\/\/filtrontec.de\/wp-content\/uploads\/2025\/09\/m5_sydney.png\" title=\"m5_sydney\" srcset=\"https:\/\/filtrontec.de\/wp-content\/uploads\/2025\/09\/m5_sydney.png 800w, https:\/\/filtrontec.de\/wp-content\/uploads\/2025\/09\/m5_sydney-300x217.png 300w, https:\/\/filtrontec.de\/wp-content\/uploads\/2025\/09\/m5_sydney-768x556.png 768w, https:\/\/filtrontec.de\/wp-content\/uploads\/2025\/09\/m5_sydney-18x12.png 18w\" sizes=\"auto, (max-width: 800px) 100vw, 800px\" \/>\n\n\n\n<figcaption class=\"gb-text figcaption\">Installation de filtration d'air au tunnel M5East, Sydney<\/figcaption>\n<\/figure>\n<\/div>\n\n\n\n<div class=\"info-box\">\n<p class=\"gb-text info-heading\">2009<\/p>\n\n\n\n<h3 class=\"gb-text\">Contrat pour le tunnel M5East et expansion en Australie<\/h3>\n\n\n\n<p class=\"gb-text\">Le contrat pour l'installation d'un syst\u00e8me de filtration d'air dans le tunnel M5East existant \u00e0 Sydney est attribu\u00e9. Cr\u00e9ation de la filiale FILTRONtec Pty Ltd \u00e0 Sydney.<\/p>\n<\/div>\n\n\n\n<div class=\"info-box\">\n<p class=\"gb-text info-heading\">2007 \/ 2008<\/p>\n\n\n\n<h3 class=\"gb-text\">Tunnel M30 \u00e0 Madrid<\/h3>\n\n\n\n<p class=\"gb-text\">Mise en service des trois syst\u00e8mes de filtration d\u2019air d\u2019\u00e9chappement dans le tunnel M30 dans le cadre d'un projet d'urbanisme visant \u00e0 d\u00e9placer le trafic sous la surface et \u00e0 cr\u00e9er de nouveaux parcs et espaces de loisirs sur les rives du Manzanares.<\/p>\n\n\n\n<figure>\n<img loading=\"lazy\" decoding=\"async\" width=\"800\" height=\"600\" class=\"gb-media-3362ddbe\" alt=\"\" src=\"https:\/\/filtrontec.de\/wp-content\/uploads\/2025\/09\/Luft-Auslassoeffnung-M30-01.jpg\" title=\"Ouverture de sortie d&#039;air M30-01\" srcset=\"https:\/\/filtrontec.de\/wp-content\/uploads\/2025\/09\/Luft-Auslassoeffnung-M30-01.jpg 800w, https:\/\/filtrontec.de\/wp-content\/uploads\/2025\/09\/Luft-Auslassoeffnung-M30-01-300x225.jpg 300w, https:\/\/filtrontec.de\/wp-content\/uploads\/2025\/09\/Luft-Auslassoeffnung-M30-01-768x576.jpg 768w, https:\/\/filtrontec.de\/wp-content\/uploads\/2025\/09\/Luft-Auslassoeffnung-M30-01-16x12.jpg 16w\" sizes=\"auto, (max-width: 800px) 100vw, 800px\" \/>\n\n\n\n<figcaption class=\"gb-text figcaption\">Ouverture de sortie d'air au tunnel Calle M30 Rio, Madrid<\/figcaption>\n<\/figure>\n<\/div>\n\n\n\n<div class=\"info-box\">\n<p class=\"gb-text info-heading\">2006<\/p>\n\n\n\n<h3 class=\"gb-text\">Extension en Europe<\/h3>\n\n\n\n<p class=\"gb-text\">Cr\u00e9ation d'une succursale \u00e0 Bitterfeld-Wolfen et de la filiale FILTRONtec ESPA\u00d1A, S.L. dont le si\u00e8ge est \u00e0 Madrid. De plus, FILTRONtec GmbH remporte les contrats pour la conception et l'installation de trois syst\u00e8mes de filtration d'air vici\u00e9 dans le tunnel Calle M30 Rio, \u00e0 Madrid.<\/p>\n<\/div>\n\n\n\n<div class=\"info-box\">\n<p class=\"gb-text info-heading\">2005<\/p>\n\n\n\n<h3 class=\"gb-text\">City-Tunnel Leiden, Pays-Bas<\/h3>\n\n\n\n<p class=\"gb-text\">Planification du projet d\u2019un syst\u00e8me de filtration de l\u2019air d\u2019\u00e9chappement pour le City-Tunnel \u00e0 Leiden.<\/p>\n<\/div>\n\n\n\n<div class=\"info-box\">\n<p class=\"gb-text info-heading\">2004<\/p>\n\n\n\n<h3 class=\"gb-text\">Tunnel M5East, Sydney<\/h3>\n\n\n\n<p class=\"gb-text\">La Road and Traffic Authority (RTA) de Nouvelle-Galles du Sud (NSW) qualifie FILTRONtec comme l'un des trois fournisseurs pour la conception et l'installation d'un syst\u00e8me de filtration pilote dans le tunnel M5East, \u00e0 Sydney, dans le cadre d'un concours international.<\/p>\n<\/div>\n\n\n\n<div class=\"info-box\">\n<p class=\"gb-text info-heading\">2003<\/p>\n\n\n\n<h3 class=\"gb-text\">Tunnel du Mont-Blanc<\/h3>\n\n\n\n<p class=\"gb-text\">Conception d'un syst\u00e8me de filtration d'air pour le tunnel du Mont-Blanc, long de 11,4 kilom\u00e8tres, en collaboration avec l\u2019entreprise fran\u00e7aise d\u2019ing\u00e9nierie SCETAUROUTE.<\/p>\n<\/div>\n\n\n\n<div class=\"info-box\">\n<p class=\"gb-text info-heading\">2001<\/p>\n\n\n\n<h3 class=\"gb-text\">Tunnel du Tiergarten \u00e0 Berlin<\/h3>\n\n\n\n<p class=\"gb-text\">Conception d'un syst\u00e8me moderne de filtration de l'air vici\u00e9 pour le tunnel Tiergartentunnel \u00e0 Berlin, comme alternative durable \u00e0 une chemin\u00e9e d'\u00e9vacuation d'air sur le parvis de la gare centrale de Berlin.<\/p>\n<\/div>\n\n\n\n<div class=\"info-box\">\n<p class=\"gb-text info-heading\">2000<\/p>\n\n\n\n<h3 class=\"gb-text\">Cr\u00e9ation de FILTRONtec GmbH<\/h3>\n\n\n\n<p>La soci\u00e9t\u00e9 FILTRONtec GmbH est fond\u00e9e \u00e0 Starnberg et se concentre sur les syst\u00e8mes de filtration d'air pour les tunnels routiers et les ouvrages souterrains.<\/p>\n<\/div>\n\n\n\n<div class=\"info-box\">\n<p class=\"gb-text info-heading\">1994<\/p>\n\n\n\n<h3 class=\"gb-text\">Projet pilote du tunnel sous l'Elbe \u00e0 Hambourg<\/h3>\n\n\n\n<p class=\"gb-text\">La ville libre et hans\u00e9atique de Hambourg confie \u00e0 DR. DICKELS &amp; PARTNER le d\u00e9veloppement un syst\u00e8me pilote de filtration pour l'\u00e9puration de l'air d\u2019\u00e9chappement du tunnel de l'Elbe, financ\u00e9 par le Minist\u00e8re f\u00e9d\u00e9ral de l'\u00e9ducation, de la recherche et de la technologie (BMFT).<\/p>\n\n\n\n<figure>\n<img loading=\"lazy\" decoding=\"async\" width=\"800\" height=\"460\" class=\"gb-media-d580d1f0\" alt=\"\" src=\"https:\/\/filtrontec.de\/wp-content\/uploads\/2025\/09\/elbtunnel_hamburg.png\" title=\"elbtunnel_hambourg\" srcset=\"https:\/\/filtrontec.de\/wp-content\/uploads\/2025\/09\/elbtunnel_hamburg.png 800w, https:\/\/filtrontec.de\/wp-content\/uploads\/2025\/09\/elbtunnel_hamburg-300x173.png 300w, https:\/\/filtrontec.de\/wp-content\/uploads\/2025\/09\/elbtunnel_hamburg-768x442.png 768w, https:\/\/filtrontec.de\/wp-content\/uploads\/2025\/09\/elbtunnel_hamburg-18x10.png 18w\" sizes=\"auto, (max-width: 800px) 100vw, 800px\" \/>\n\n\n\n<figcaption class=\"gb-text figcaption\">Installation pilote de filtration au tunnel de l'Elbe \u00e0 Hambourg<\/figcaption>\n<\/figure>\n<\/div>\n\n\n\n<div class=\"info-box\">\n<p class=\"gb-text info-heading\">1982<\/p>\n\n\n\n<h3 class=\"gb-text\">Cr\u00e9ation de DR. DICKELS &amp; PARTNER<\/h3>\n\n\n\n<p class=\"gb-text\">La soci\u00e9t\u00e9 d\u2019ing\u00e9nierie DR. DICKELS &amp; PARTNER est fond\u00e9e \u00e0 Starnberg. Au d\u00e9but, l'accent est mis sur la planification d'installations innovantes de production d'\u00e9nergie. Peu de temps apr\u00e8s, le champ d'activit\u00e9 est \u00e9tendu aux proc\u00e9d\u00e9s de contr\u00f4le de la pollution atmosph\u00e9rique.<\/p>\n<\/div>\n<\/div>\n<\/div>","protected":false},"excerpt":{"rendered":"<p>Les grandes \u00e9tapes de l'histoire de l'entreprise<\/p>","protected":false},"author":3,"featured_media":314,"parent":0,"menu_order":0,"comment_status":"closed","ping_status":"closed","template":"","meta":{"_acf_changed":false,"inline_featured_image":false,"footnotes":""},"class_list":["post-172","page","type-page","status-publish","has-post-thumbnail","hentry"],"acf":[],"_links":{"self":[{"href":"https:\/\/filtrontec.de\/fr\/wp-json\/wp\/v2\/pages\/172","targetHints":{"allow":["GET"]}}],"collection":[{"href":"https:\/\/filtrontec.de\/fr\/wp-json\/wp\/v2\/pages"}],"about":[{"href":"https:\/\/filtrontec.de\/fr\/wp-json\/wp\/v2\/types\/page"}],"author":[{"embeddable":true,"href":"https:\/\/filtrontec.de\/fr\/wp-json\/wp\/v2\/users\/3"}],"replies":[{"embeddable":true,"href":"https:\/\/filtrontec.de\/fr\/wp-json\/wp\/v2\/comments?post=172"}],"version-history":[{"count":5,"href":"https:\/\/filtrontec.de\/fr\/wp-json\/wp\/v2\/pages\/172\/revisions"}],"predecessor-version":[{"id":2605,"href":"https:\/\/filtrontec.de\/fr\/wp-json\/wp\/v2\/pages\/172\/revisions\/2605"}],"wp:featuredmedia":[{"embeddable":true,"href":"https:\/\/filtrontec.de\/fr\/wp-json\/wp\/v2\/media\/314"}],"wp:attachment":[{"href":"https:\/\/filtrontec.de\/fr\/wp-json\/wp\/v2\/media?parent=172"}],"curies":[{"name":"wp","href":"https:\/\/api.w.org\/{rel}","templated":true}]}}