{"id":174,"date":"2025-09-08T22:00:07","date_gmt":"2025-09-08T20:00:07","guid":{"rendered":"https:\/\/staging.filtrontec.de\/?page_id=174"},"modified":"2026-03-02T07:26:34","modified_gmt":"2026-03-02T06:26:34","slug":"partenaire","status":"publish","type":"page","link":"https:\/\/filtrontec.de\/fr\/partner\/","title":{"rendered":"Partenaires"},"content":{"rendered":"<div class=\"gb-element-4a154f1c alignfull hero-gradient\">\n<img loading=\"lazy\" decoding=\"async\" width=\"2560\" height=\"1707\" data-media-id=\"2483\" class=\"gb-media-d5fd787a\" alt=\"\" src=\"https:\/\/filtrontec.de\/wp-content\/uploads\/2026\/01\/dylan-gillis-KdeqA3aTnBY-unsplash-scaled.jpg\" srcset=\"https:\/\/filtrontec.de\/wp-content\/uploads\/2026\/01\/dylan-gillis-KdeqA3aTnBY-unsplash-scaled.jpg 2560w, https:\/\/filtrontec.de\/wp-content\/uploads\/2026\/01\/dylan-gillis-KdeqA3aTnBY-unsplash-300x200.jpg 300w, https:\/\/filtrontec.de\/wp-content\/uploads\/2026\/01\/dylan-gillis-KdeqA3aTnBY-unsplash-1024x683.jpg 1024w, https:\/\/filtrontec.de\/wp-content\/uploads\/2026\/01\/dylan-gillis-KdeqA3aTnBY-unsplash-768x512.jpg 768w, https:\/\/filtrontec.de\/wp-content\/uploads\/2026\/01\/dylan-gillis-KdeqA3aTnBY-unsplash-1536x1024.jpg 1536w, https:\/\/filtrontec.de\/wp-content\/uploads\/2026\/01\/dylan-gillis-KdeqA3aTnBY-unsplash-2048x1365.jpg 2048w, https:\/\/filtrontec.de\/wp-content\/uploads\/2026\/01\/dylan-gillis-KdeqA3aTnBY-unsplash-18x12.jpg 18w, https:\/\/filtrontec.de\/wp-content\/uploads\/2026\/01\/dylan-gillis-KdeqA3aTnBY-unsplash-800x533.jpg 800w\" sizes=\"auto, (max-width: 2560px) 100vw, 2560px\" \/>\n\n\n\n<div class=\"gb-element-36d737ce\">\n<h1 class=\"gb-text gb-text-93025f2c\">Partenaires<\/h1>\n\n\n\n<p class=\"gb-text gb-text-8cdf2734\">Nous travaillons dans le monde entier avec des partenaires exp\u00e9riment\u00e9s de l'industrie et de la recherche.<\/p>\n<\/div>\n<\/div>\n\n\n\n<div class=\"wp-block-group has-global-padding is-layout-constrained wp-block-group-is-layout-constrained\">\n<div class=\"wp-block-group is-vertical is-layout-flex wp-container-core-group-is-layout-5b71d6b1 wp-block-group-is-layout-flex\" style=\"padding-top:var(--wp--preset--spacing--40)\">\n<div class=\"padding-block\">\n<p class=\"gb-text\">FILTRONtec mise sur la collaboration avec des sp\u00e9cialistes internationaux exp\u00e9riment\u00e9s dans la planification et la gestion de grands projets ainsi que sur des coop\u00e9rations \u00e9troites avec des entreprises renomm\u00e9es de diff\u00e9rents secteurs :<\/p>\n\n\n\n<ul class=\"wp-block-list\">\n<li>Technique haute tension<\/li>\n\n\n\n<li>Installation \u00e9lectrique<\/li>\n\n\n\n<li>Construction d'installations industrielles<\/li>\n\n\n\n<li>Technique d'isolation<\/li>\n\n\n\n<li>Technique de mesure<\/li>\n\n\n\n<li>Transformation des m\u00e9taux<\/li>\n<\/ul>\n\n\n\n<p>En outre, il existe de nombreux contacts avec des instituts de recherche, des universit\u00e9s et des \u00e9coles techniques sup\u00e9rieures afin de d\u00e9velopper continuellement la qualit\u00e9 des syst\u00e8mes et des services<\/p>\n<\/div>\n<\/div>\n<\/div>\n\n\n\n<div class=\"wp-block-group has-global-padding is-layout-constrained wp-block-group-is-layout-constrained\">\n<div class=\"wp-block-group has-global-padding is-layout-constrained wp-block-group-is-layout-constrained\" style=\"padding-top:var(--wp--preset--spacing--30)\">\n<div class=\"gb-element-5283e592\">\n<a target=\"_blank\" href=\"https:\/\/www.arklite.co.in\/\" rel=\"noopener\"><img loading=\"lazy\" decoding=\"async\" width=\"250\" height=\"79\" class=\"gb-media-de908908\" src=\"https:\/\/filtrontec.de\/wp-content\/uploads\/2025\/12\/arklite.jpg\" alt=\"\" srcset=\"https:\/\/filtrontec.de\/wp-content\/uploads\/2025\/12\/arklite.jpg 250w, https:\/\/filtrontec.de\/wp-content\/uploads\/2025\/12\/arklite-18x6.jpg 18w\" sizes=\"auto, (max-width: 250px) 100vw, 250px\" \/><\/a>\n\n\n\n<a target=\"\" href=\"https:\/\/vierhaus.de\/\"><img loading=\"lazy\" decoding=\"async\" width=\"250\" height=\"47\" class=\"gb-media-deb14415\" src=\"https:\/\/filtrontec.de\/wp-content\/uploads\/2025\/12\/vierhaus.jpg\" alt=\"\" srcset=\"https:\/\/filtrontec.de\/wp-content\/uploads\/2025\/12\/vierhaus.jpg 250w, https:\/\/filtrontec.de\/wp-content\/uploads\/2025\/12\/vierhaus-18x3.jpg 18w\" sizes=\"auto, (max-width: 250px) 100vw, 250px\" \/><\/a>\n\n\n\n<a target=\"\" href=\"https:\/\/tgzchemie.de\/\"><img loading=\"lazy\" decoding=\"async\" width=\"148\" height=\"59\" class=\"gb-media-361d8c6a\" src=\"https:\/\/filtrontec.de\/wp-content\/uploads\/2025\/12\/TGZ-LOGO-white.jpg\" alt=\"\" srcset=\"https:\/\/filtrontec.de\/wp-content\/uploads\/2025\/12\/TGZ-LOGO-white.jpg 148w, https:\/\/filtrontec.de\/wp-content\/uploads\/2025\/12\/TGZ-LOGO-white-18x7.jpg 18w\" sizes=\"auto, (max-width: 148px) 100vw, 148px\" \/><\/a>\n\n\n\n<a target=\"\" href=\"https:\/\/www.stuva.de\/\"><img loading=\"lazy\" decoding=\"async\" width=\"250\" height=\"63\" class=\"gb-media-b7b2d3de\" src=\"https:\/\/filtrontec.de\/wp-content\/uploads\/2025\/12\/logo-stuva.jpg\" alt=\"\" srcset=\"https:\/\/filtrontec.de\/wp-content\/uploads\/2025\/12\/logo-stuva.jpg 250w, https:\/\/filtrontec.de\/wp-content\/uploads\/2025\/12\/logo-stuva-18x5.jpg 18w\" sizes=\"auto, (max-width: 250px) 100vw, 250px\" \/><\/a>\n\n\n\n<a target=\"\" href=\"https:\/\/www.wolf-endrikat.de\/\"><img loading=\"lazy\" decoding=\"async\" width=\"250\" height=\"103\" class=\"gb-media-2db52d37\" src=\"https:\/\/filtrontec.de\/wp-content\/uploads\/2025\/12\/wolf_endikrat.jpg\" alt=\"\" title=\"wolf_endikrat\" srcset=\"https:\/\/filtrontec.de\/wp-content\/uploads\/2025\/12\/wolf_endikrat.jpg 250w, https:\/\/filtrontec.de\/wp-content\/uploads\/2025\/12\/wolf_endikrat-18x7.jpg 18w\" sizes=\"auto, (max-width: 250px) 100vw, 250px\" \/><\/a>\n\n\n\n<a target=\"\" href=\"https:\/\/mitwpu.edu.in\/\"><img loading=\"lazy\" decoding=\"async\" width=\"250\" height=\"76\" class=\"gb-media-c1134b93\" src=\"https:\/\/filtrontec.de\/wp-content\/uploads\/2025\/12\/MIT-WPU-logo-1.jpg\" alt=\"\" srcset=\"https:\/\/filtrontec.de\/wp-content\/uploads\/2025\/12\/MIT-WPU-logo-1.jpg 250w, https:\/\/filtrontec.de\/wp-content\/uploads\/2025\/12\/MIT-WPU-logo-1-18x5.jpg 18w\" sizes=\"auto, (max-width: 250px) 100vw, 250px\" \/><\/a>\n<\/div>\n<\/div>\n<\/div>","protected":false},"excerpt":{"rendered":"<p>Nous travaillons dans le monde entier avec des partenaires exp\u00e9riment\u00e9s de l'industrie et de la recherche.<\/p>","protected":false},"author":3,"featured_media":2483,"parent":0,"menu_order":0,"comment_status":"closed","ping_status":"closed","template":"","meta":{"_acf_changed":false,"inline_featured_image":false,"footnotes":""},"class_list":["post-174","page","type-page","status-publish","has-post-thumbnail","hentry"],"acf":[],"_links":{"self":[{"href":"https:\/\/filtrontec.de\/fr\/wp-json\/wp\/v2\/pages\/174","targetHints":{"allow":["GET"]}}],"collection":[{"href":"https:\/\/filtrontec.de\/fr\/wp-json\/wp\/v2\/pages"}],"about":[{"href":"https:\/\/filtrontec.de\/fr\/wp-json\/wp\/v2\/types\/page"}],"author":[{"embeddable":true,"href":"https:\/\/filtrontec.de\/fr\/wp-json\/wp\/v2\/users\/3"}],"replies":[{"embeddable":true,"href":"https:\/\/filtrontec.de\/fr\/wp-json\/wp\/v2\/comments?post=174"}],"version-history":[{"count":1,"href":"https:\/\/filtrontec.de\/fr\/wp-json\/wp\/v2\/pages\/174\/revisions"}],"predecessor-version":[{"id":2608,"href":"https:\/\/filtrontec.de\/fr\/wp-json\/wp\/v2\/pages\/174\/revisions\/2608"}],"wp:featuredmedia":[{"embeddable":true,"href":"https:\/\/filtrontec.de\/fr\/wp-json\/wp\/v2\/media\/2483"}],"wp:attachment":[{"href":"https:\/\/filtrontec.de\/fr\/wp-json\/wp\/v2\/media?parent=174"}],"curies":[{"name":"wp","href":"https:\/\/api.w.org\/{rel}","templated":true}]}}