{"id":176,"date":"2025-09-08T22:00:21","date_gmt":"2025-09-08T20:00:21","guid":{"rendered":"https:\/\/staging.filtrontec.de\/?page_id=176"},"modified":"2026-03-02T07:23:17","modified_gmt":"2026-03-02T06:23:17","slug":"sites","status":"publish","type":"page","link":"https:\/\/filtrontec.de\/fr\/standorte\/","title":{"rendered":"Sites"},"content":{"rendered":"<div class=\"gb-element-4a154f1c alignfull\">\n<img decoding=\"async\" class=\"gb-media-d5fd787a\" alt=\"\" src=\"https:\/\/filtrontec.de\/wp-content\/uploads\/2025\/10\/filtrontec_Standorte-2048x818.jpg\" title=\"filtrontec_Sites\"\/>\n\n\n\n<div class=\"gb-element-36d737ce\">\n<h1 class=\"gb-text gb-text-93025f2c\">Sites<\/h1>\n\n\n\n<p class=\"gb-text gb-text-8cdf2734\">Avec des sites en Europe et en Asie, FILTRONtec est un partenaire fiable dans le monde entier pour la technologie innovante des filtres \u00e0 air.<\/p>\n<\/div>\n<\/div>\n\n\n\n<section class=\"gb-element-cb7b9279\">\n<div class=\"info-box gb-element-3c44fc5c\">\n<div class=\"wp-block-group is-layout-flow wp-block-group-is-layout-flow\">\n<h2 class=\"gb-text gb-text-f4db85fa\">Wolfen<\/h2>\n\n\n\n<p class=\"gb-text gb-text-a4cbbc3e\">Si\u00e8ge social<\/p>\n\n\n\n<p class=\"gb-text info-heading\">Adresse<\/p>\n\n\n\n<p class=\"gb-text\">FILTRONtec GmbH<br>1a, rue Andresen<br>06766 Bitterfeld-Wolfen<br>Allemagne<\/p>\n\n\n\n<p class=\"gb-text info-heading\">Contact<\/p>\n\n\n\n<p class=\"gb-text\">T\u00e9l\u00e9phone : +49 (0) 3494 6579132<br>E-Mail:\u00a0info@filtrontec.de<\/p>\n\n\n\n<p class=\"gb-text info-heading\">Personne de contact<\/p>\n\n\n\n<p class=\"gb-text\">Elke Deux, docteur en ing\u00e9nierie<br>associ\u00e9-g\u00e9rant<br>elke.deux@filtrontec.de<\/p>\n<\/div>\n<\/div>\n\n\n\n<div class=\"info-box gb-element-5cefc1bf\">\n<div class=\"wp-block-group is-layout-flow wp-block-group-is-layout-flow\">\n<h2 class=\"gb-text gb-text-f4db85fa\">FILTRONtec Espa\u00f1a S.L. Madrid<\/h2>\n\n\n\n<p class=\"gb-text gb-text-a4cbbc3e\">Filiale<\/p>\n\n\n\n<p class=\"gb-text info-heading\">Adresse<\/p>\n\n\n\n<p class=\"gb-text\">FILTRONtec Espa\u00f1a S.L.<br>45, rue Zurbano<br>Planta 1<br>28010 Madrid<br>Espagne<\/p>\n\n\n\n<p class=\"gb-text info-heading\">Contact<\/p>\n\n\n\n<p class=\"gb-text\">T\u00e9l\u00e9phone : +34 613 00 34 88<br>E-Mail:\u00a0info@filtrontec.com<\/p>\n\n\n\n<p class=\"gb-text info-heading\">Personne de contact<\/p>\n\n\n\n<p class=\"gb-text\">Izaskun Martos<br>Directeur g\u00e9n\u00e9ral<br>izaskun.martos@filtrontec.de<\/p>\n<\/div>\n<\/div>\n\n\n\n<div class=\"info-box gb-element-66220d17\">\n<div class=\"wp-block-group is-layout-flow wp-block-group-is-layout-flow\">\n<h2 class=\"gb-text gb-text-f4db85fa\">FILTRONtec Limited Hong Kong<\/h2>\n\n\n\n<p class=\"gb-text gb-text-a4cbbc3e\">Filiale<\/p>\n\n\n\n<p class=\"gb-text info-heading\">Adresse<\/p>\n\n\n\n<p class=\"gb-text\">FILTRONtec Limited<br>RM702, 7\/F, Kowloon Building<br>555 Nathan Road<br>Kowloon<br>Hong Kong<\/p>\n\n\n\n<p class=\"gb-text info-heading\">Contact<\/p>\n\n\n\n<p class=\"gb-text\">T\u00e9l\u00e9phone : +49 (0) 3494 6579132<br>E-Mail:\u00a0info@filtrontec.com<\/p>\n\n\n\n<p class=\"gb-text info-heading\">Personne de contact<\/p>\n\n\n\n<p class=\"gb-text\">Elke Deux, docteur en ing\u00e9nierie<br>Directeur g\u00e9n\u00e9ral<br>elke.deux@filtrontec.de<\/p>\n<\/div>\n<\/div>\n<\/section>\n\n\n\n<p><\/p>","protected":false},"excerpt":{"rendered":"<p>Avec des sites en Europe et en Asie, FILTRONtec est un partenaire fiable dans le monde entier pour la technologie innovante des filtres \u00e0 air.<\/p>","protected":false},"author":3,"featured_media":1907,"parent":0,"menu_order":0,"comment_status":"closed","ping_status":"closed","template":"","meta":{"_acf_changed":false,"inline_featured_image":false,"footnotes":""},"class_list":["post-176","page","type-page","status-publish","has-post-thumbnail","hentry"],"acf":[],"_links":{"self":[{"href":"https:\/\/filtrontec.de\/fr\/wp-json\/wp\/v2\/pages\/176","targetHints":{"allow":["GET"]}}],"collection":[{"href":"https:\/\/filtrontec.de\/fr\/wp-json\/wp\/v2\/pages"}],"about":[{"href":"https:\/\/filtrontec.de\/fr\/wp-json\/wp\/v2\/types\/page"}],"author":[{"embeddable":true,"href":"https:\/\/filtrontec.de\/fr\/wp-json\/wp\/v2\/users\/3"}],"replies":[{"embeddable":true,"href":"https:\/\/filtrontec.de\/fr\/wp-json\/wp\/v2\/comments?post=176"}],"version-history":[{"count":1,"href":"https:\/\/filtrontec.de\/fr\/wp-json\/wp\/v2\/pages\/176\/revisions"}],"predecessor-version":[{"id":2607,"href":"https:\/\/filtrontec.de\/fr\/wp-json\/wp\/v2\/pages\/176\/revisions\/2607"}],"wp:featuredmedia":[{"embeddable":true,"href":"https:\/\/filtrontec.de\/fr\/wp-json\/wp\/v2\/media\/1907"}],"wp:attachment":[{"href":"https:\/\/filtrontec.de\/fr\/wp-json\/wp\/v2\/media?parent=176"}],"curies":[{"name":"wp","href":"https:\/\/api.w.org\/{rel}","templated":true}]}}