{"id":180,"date":"2025-09-08T22:00:52","date_gmt":"2025-09-08T20:00:52","guid":{"rendered":"https:\/\/staging.filtrontec.de\/?page_id=180"},"modified":"2026-03-13T10:44:46","modified_gmt":"2026-03-13T09:44:46","slug":"installations-de-filtration-dair-pour-tunnels-routiers","status":"publish","type":"page","link":"https:\/\/filtrontec.de\/fr\/luftfilteranlagen-fuer-strassentunnel\/","title":{"rendered":"Filtres \u00e0 air pour tunnels routiers"},"content":{"rendered":"<div class=\"gb-element-4a154f1c alignfull hero-gradient\">\n<img loading=\"lazy\" decoding=\"async\" width=\"2560\" height=\"1440\" data-media-id=\"1568\" class=\"gb-media-d5fd787a\" alt=\"\" src=\"https:\/\/filtrontec.de\/wp-content\/uploads\/2025\/10\/AdobeStock_109157253-scaled.jpeg\" srcset=\"https:\/\/filtrontec.de\/wp-content\/uploads\/2025\/10\/AdobeStock_109157253-scaled.jpeg 2560w, https:\/\/filtrontec.de\/wp-content\/uploads\/2025\/10\/AdobeStock_109157253-300x169.jpeg 300w, https:\/\/filtrontec.de\/wp-content\/uploads\/2025\/10\/AdobeStock_109157253-768x432.jpeg 768w, https:\/\/filtrontec.de\/wp-content\/uploads\/2025\/10\/AdobeStock_109157253-1024x576.jpeg 1024w, https:\/\/filtrontec.de\/wp-content\/uploads\/2025\/10\/AdobeStock_109157253-1536x864.jpeg 1536w, https:\/\/filtrontec.de\/wp-content\/uploads\/2025\/10\/AdobeStock_109157253-2048x1152.jpeg 2048w, https:\/\/filtrontec.de\/wp-content\/uploads\/2025\/10\/AdobeStock_109157253-18x10.jpeg 18w, https:\/\/filtrontec.de\/wp-content\/uploads\/2025\/10\/AdobeStock_109157253-800x450.jpeg 800w\" sizes=\"auto, (max-width: 2560px) 100vw, 2560px\" \/>\n\n\n\n<div class=\"gb-element-36d737ce\">\n<h1 class=\"gb-text gb-text-93025f2c\">Filtres \u00e0 air pour tunnels routiers<\/h1>\n\n\n\n<p class=\"gb-text gb-text-8cdf2734\"><\/p>\n<\/div>\n<\/div>\n\n\n\n<div class=\"padding-block\">\n<div class=\"wp-block-group has-global-padding is-layout-constrained wp-block-group-is-layout-constrained\" style=\"padding-top:var(--wp--preset--spacing--50);padding-bottom:var(--wp--preset--spacing--50)\">\n<h2 class=\"wp-block-heading\">Efficace. Modulaire. Durable<\/h2>\n\n\n\n<p>FILTRONtec est synonyme de syst\u00e8mes modernes de filtration d'air qui \u00e9liminent efficacement les particules fines et le dioxyde d'azote de l'air des tunnels, pour un air meilleur et plus s\u00fbr.<\/p>\n\n\n\n<p>Nos syst\u00e8mes sont sp\u00e9cialement con\u00e7us pour les conditions exigeantes \u00e0 l\u2019int\u00e9rieur des tunnels et contribuent de mani\u00e8re d\u00e9cisive \u00e0 une atmosph\u00e8re propre et s\u00fbre dans les tunnels. En m\u00eame temps, ils prot\u00e8gent les riverains et assurent une meilleure qualit\u00e9 de l'air aux portails des tunnels et aux sorties d'air.<\/p>\n<\/div>\n<\/div>\n\n\n\n<div class=\"padding-block gb-element-5e058ac6 alignfull\">\n<a class=\"container-link gb-element-2e747237\" href=\"https:\/\/filtrontec.de\/fr\/construction-dun-filtre-a-air\/\">\n<img loading=\"lazy\" decoding=\"async\" width=\"768\" height=\"623\" class=\"gb-media-619f0f40\" alt=\"\" src=\"https:\/\/filtrontec.de\/wp-content\/uploads\/2025\/10\/Abspritzvorrichtung-768x623.jpg\" title=\"Dispositif d&#039;arrosage\" srcset=\"https:\/\/filtrontec.de\/wp-content\/uploads\/2025\/10\/Abspritzvorrichtung-768x623.jpg 768w, https:\/\/filtrontec.de\/wp-content\/uploads\/2025\/10\/Abspritzvorrichtung-300x243.jpg 300w, https:\/\/filtrontec.de\/wp-content\/uploads\/2025\/10\/Abspritzvorrichtung-15x12.jpg 15w, https:\/\/filtrontec.de\/wp-content\/uploads\/2025\/10\/Abspritzvorrichtung-740x600.jpg 740w, https:\/\/filtrontec.de\/wp-content\/uploads\/2025\/10\/Abspritzvorrichtung.jpg 800w\" sizes=\"auto, (max-width: 768px) 100vw, 768px\" \/>\n\n\n\n<h3 class=\"gb-text gb-text-446665b8\"><strong>Fonction et structure<\/strong><\/h3>\n\n\n\n<div class=\"button-primary gb-text-18fa1a7c\"><span class=\"gb-shape\"><svg aria-hidden=\"true\" role=\"img\" height=\"1em\" width=\"1em\" viewbox=\"0 0 256 512\" xmlns=\"http:\/\/www.w3.org\/2000\/svg\"><path fill=\"currentColor\" d=\"M224.3 273l-136 136c-9.4 9.4-24.6 9.4-33.9 0l-22.6-22.6c-9.4-9.4-9.4-24.6 0-33.9l96.4-96.4-96.4-96.4c-9.4-9.4-9.4-24.6 0-33.9L54.3 103c9.4-9.4 24.6-9.4 33.9 0l136 136c9.5 9.4 9.5 24.6.1 34z\"><\/path><\/svg><\/span><\/div>\n<\/a>\n\n\n\n<a class=\"container-link gb-element-52d158f5\" href=\"https:\/\/filtrontec.de\/fr\/frais-dexploitation\/\">\n<img loading=\"lazy\" decoding=\"async\" width=\"2528\" height=\"1524\" class=\"gb-media-6307bbbe\" alt=\"\" src=\"https:\/\/filtrontec.de\/wp-content\/uploads\/2026\/03\/48a45abc-42c8-4a96-aa07-7c067e3ddc84.png\" title=\"48a45abc-42c8-4a96-aa07-7c067e3ddc84\" srcset=\"https:\/\/filtrontec.de\/wp-content\/uploads\/2026\/03\/48a45abc-42c8-4a96-aa07-7c067e3ddc84.png 2528w, https:\/\/filtrontec.de\/wp-content\/uploads\/2026\/03\/48a45abc-42c8-4a96-aa07-7c067e3ddc84-300x181.png 300w, https:\/\/filtrontec.de\/wp-content\/uploads\/2026\/03\/48a45abc-42c8-4a96-aa07-7c067e3ddc84-1024x617.png 1024w, https:\/\/filtrontec.de\/wp-content\/uploads\/2026\/03\/48a45abc-42c8-4a96-aa07-7c067e3ddc84-768x463.png 768w, https:\/\/filtrontec.de\/wp-content\/uploads\/2026\/03\/48a45abc-42c8-4a96-aa07-7c067e3ddc84-1536x926.png 1536w, https:\/\/filtrontec.de\/wp-content\/uploads\/2026\/03\/48a45abc-42c8-4a96-aa07-7c067e3ddc84-2048x1235.png 2048w, https:\/\/filtrontec.de\/wp-content\/uploads\/2026\/03\/48a45abc-42c8-4a96-aa07-7c067e3ddc84-18x12.png 18w, https:\/\/filtrontec.de\/wp-content\/uploads\/2026\/03\/48a45abc-42c8-4a96-aa07-7c067e3ddc84-800x482.png 800w\" sizes=\"auto, (max-width: 2528px) 100vw, 2528px\" \/>\n\n\n\n<h3 class=\"gb-text gb-text-f3c5df1f\"><strong>Co\u00fbts d\u00b4exploitation<\/strong><\/h3>\n\n\n\n<div class=\"button-primary gb-text-9190244f\"><span class=\"gb-shape\"><svg aria-hidden=\"true\" role=\"img\" height=\"1em\" width=\"1em\" viewbox=\"0 0 256 512\" xmlns=\"http:\/\/www.w3.org\/2000\/svg\"><path fill=\"currentColor\" d=\"M224.3 273l-136 136c-9.4 9.4-24.6 9.4-33.9 0l-22.6-22.6c-9.4-9.4-9.4-24.6 0-33.9l96.4-96.4-96.4-96.4c-9.4-9.4-9.4-24.6 0-33.9L54.3 103c9.4-9.4 24.6-9.4 33.9 0l136 136c9.5 9.4 9.5 24.6.1 34z\"><\/path><\/svg><\/span><\/div>\n<\/a>\n\n\n\n<a class=\"container-link gb-element-4e6e872e\" href=\"https:\/\/filtrontec.de\/fr\/exploitation-maintenance-entretien\/\">\n<img loading=\"lazy\" decoding=\"async\" width=\"768\" height=\"573\" class=\"gb-media-b0c0c96b\" alt=\"\" src=\"https:\/\/filtrontec.de\/wp-content\/uploads\/2026\/03\/a543b401-fc52-432c-8002-44171d0f3776.jpg\" title=\"a543b401-fc52-432c-8002-44171d0f3776\" srcset=\"https:\/\/filtrontec.de\/wp-content\/uploads\/2026\/03\/a543b401-fc52-432c-8002-44171d0f3776.jpg 768w, https:\/\/filtrontec.de\/wp-content\/uploads\/2026\/03\/a543b401-fc52-432c-8002-44171d0f3776-300x224.jpg 300w, https:\/\/filtrontec.de\/wp-content\/uploads\/2026\/03\/a543b401-fc52-432c-8002-44171d0f3776-16x12.jpg 16w\" sizes=\"auto, (max-width: 768px) 100vw, 768px\" \/>\n\n\n\n<h3 class=\"gb-text gb-text-11dd689b\"><strong>Op\u00e9ration, maintenance et conservation<\/strong><\/h3>\n\n\n\n<div class=\"button-primary gb-text-e0b11bda\"><span class=\"gb-shape\"><svg aria-hidden=\"true\" role=\"img\" height=\"1em\" width=\"1em\" viewbox=\"0 0 256 512\" xmlns=\"http:\/\/www.w3.org\/2000\/svg\"><path fill=\"currentColor\" d=\"M224.3 273l-136 136c-9.4 9.4-24.6 9.4-33.9 0l-22.6-22.6c-9.4-9.4-9.4-24.6 0-33.9l96.4-96.4-96.4-96.4c-9.4-9.4-9.4-24.6 0-33.9L54.3 103c9.4-9.4 24.6-9.4 33.9 0l136 136c9.5 9.4 9.5 24.6.1 34z\"><\/path><\/svg><\/span><\/div>\n<\/a>\n\n\n\n<a class=\"container-link gb-element-6f76ea80\" href=\"https:\/\/filtrontec.de\/fr\/exemples-dinstallation\/\">\n<img loading=\"lazy\" decoding=\"async\" width=\"768\" height=\"575\" class=\"gb-media-3245d075\" alt=\"\" src=\"https:\/\/filtrontec.de\/wp-content\/uploads\/2025\/12\/20230414_MNMC_01-768x575.jpg\" title=\"20230414_MNMC_01\" srcset=\"https:\/\/filtrontec.de\/wp-content\/uploads\/2025\/12\/20230414_MNMC_01-768x575.jpg 768w, https:\/\/filtrontec.de\/wp-content\/uploads\/2025\/12\/20230414_MNMC_01-300x224.jpg 300w, https:\/\/filtrontec.de\/wp-content\/uploads\/2025\/12\/20230414_MNMC_01-1024x766.jpg 1024w, https:\/\/filtrontec.de\/wp-content\/uploads\/2025\/12\/20230414_MNMC_01-1536x1149.jpg 1536w, https:\/\/filtrontec.de\/wp-content\/uploads\/2025\/12\/20230414_MNMC_01-16x12.jpg 16w, https:\/\/filtrontec.de\/wp-content\/uploads\/2025\/12\/20230414_MNMC_01-800x598.jpg 800w, https:\/\/filtrontec.de\/wp-content\/uploads\/2025\/12\/20230414_MNMC_01.jpg 2048w\" sizes=\"auto, (max-width: 768px) 100vw, 768px\" \/>\n\n\n\n<h3 class=\"gb-text gb-text-6962869f\"><strong>Exemples d'installation<\/strong><\/h3>\n\n\n\n<div class=\"button-primary gb-text-a7a1d1be\"><span class=\"gb-shape\"><svg aria-hidden=\"true\" role=\"img\" height=\"1em\" width=\"1em\" viewbox=\"0 0 256 512\" xmlns=\"http:\/\/www.w3.org\/2000\/svg\"><path fill=\"currentColor\" d=\"M224.3 273l-136 136c-9.4 9.4-24.6 9.4-33.9 0l-22.6-22.6c-9.4-9.4-9.4-24.6 0-33.9l96.4-96.4-96.4-96.4c-9.4-9.4-9.4-24.6 0-33.9L54.3 103c9.4-9.4 24.6-9.4 33.9 0l136 136c9.5 9.4 9.5 24.6.1 34z\"><\/path><\/svg><\/span><\/div>\n<\/a>\n<\/div>","protected":false},"excerpt":{"rendered":"","protected":false},"author":3,"featured_media":1568,"parent":0,"menu_order":0,"comment_status":"closed","ping_status":"closed","template":"","meta":{"_acf_changed":false,"inline_featured_image":false,"footnotes":""},"class_list":["post-180","page","type-page","status-publish","has-post-thumbnail","hentry"],"acf":[],"_links":{"self":[{"href":"https:\/\/filtrontec.de\/fr\/wp-json\/wp\/v2\/pages\/180","targetHints":{"allow":["GET"]}}],"collection":[{"href":"https:\/\/filtrontec.de\/fr\/wp-json\/wp\/v2\/pages"}],"about":[{"href":"https:\/\/filtrontec.de\/fr\/wp-json\/wp\/v2\/types\/page"}],"author":[{"embeddable":true,"href":"https:\/\/filtrontec.de\/fr\/wp-json\/wp\/v2\/users\/3"}],"replies":[{"embeddable":true,"href":"https:\/\/filtrontec.de\/fr\/wp-json\/wp\/v2\/comments?post=180"}],"version-history":[{"count":2,"href":"https:\/\/filtrontec.de\/fr\/wp-json\/wp\/v2\/pages\/180\/revisions"}],"predecessor-version":[{"id":2632,"href":"https:\/\/filtrontec.de\/fr\/wp-json\/wp\/v2\/pages\/180\/revisions\/2632"}],"wp:featuredmedia":[{"embeddable":true,"href":"https:\/\/filtrontec.de\/fr\/wp-json\/wp\/v2\/media\/1568"}],"wp:attachment":[{"href":"https:\/\/filtrontec.de\/fr\/wp-json\/wp\/v2\/media?parent=180"}],"curies":[{"name":"wp","href":"https:\/\/api.w.org\/{rel}","templated":true}]}}