{"id":184,"date":"2025-09-08T22:01:14","date_gmt":"2025-09-08T20:01:14","guid":{"rendered":"https:\/\/staging.filtrontec.de\/?page_id=184"},"modified":"2026-02-23T11:39:10","modified_gmt":"2026-02-23T10:39:10","slug":"recherche-developpement","status":"publish","type":"page","link":"https:\/\/filtrontec.de\/fr\/forschung-entwicklung\/","title":{"rendered":"Recherche et d\u00e9veloppement"},"content":{"rendered":"<div class=\"gb-element-4a154f1c alignfull hero-gradient\">\n<img loading=\"lazy\" decoding=\"async\" width=\"2560\" height=\"1292\" data-media-id=\"1566\" class=\"gb-media-d5fd787a\" alt=\"\" src=\"https:\/\/filtrontec.de\/wp-content\/uploads\/2025\/10\/unsere_technologien-scaled.jpg\" srcset=\"https:\/\/filtrontec.de\/wp-content\/uploads\/2025\/10\/unsere_technologien-scaled.jpg 2560w, https:\/\/filtrontec.de\/wp-content\/uploads\/2025\/10\/unsere_technologien-2048x1033.jpg 2048w, https:\/\/filtrontec.de\/wp-content\/uploads\/2025\/10\/unsere_technologien-300x151.jpg 300w, https:\/\/filtrontec.de\/wp-content\/uploads\/2025\/10\/unsere_technologien-768x388.jpg 768w, https:\/\/filtrontec.de\/wp-content\/uploads\/2025\/10\/unsere_technologien-1024x517.jpg 1024w, https:\/\/filtrontec.de\/wp-content\/uploads\/2025\/10\/unsere_technologien-1536x775.jpg 1536w, https:\/\/filtrontec.de\/wp-content\/uploads\/2025\/10\/unsere_technologien-18x9.jpg 18w, https:\/\/filtrontec.de\/wp-content\/uploads\/2025\/10\/unsere_technologien-800x404.jpg 800w\" sizes=\"auto, (max-width: 2560px) 100vw, 2560px\" \/>\n\n\n\n<div class=\"gb-element-36d737ce\">\n<h1 class=\"gb-text gb-text-93025f2c\">Recherche et d\u00e9veloppement<\/h1>\n\n\n\n<p class=\"gb-text gb-text-8cdf2734\"><\/p>\n<\/div>\n<\/div>\n\n\n\n<div class=\"padding-block gb-element-58a27697\">\n<h2 class=\"gb-text\">Une solution de filtrage innovante pour les stations de m\u00e9tro<\/h2>\n\n\n\n<p>Seit Mitte des Jahres 2023 arbeitet FILTRONtec an der Entwicklung einer Filteranlage f\u00fcr Metrostationen. Weltweite Messungen in solchen Stationen haben gezeigt, dass die Schadstoffkonzentrationen dort oft deutlich \u00fcber den in freier Umgebung zul\u00e4ssigen Grenzwerten liegen. Mithilfe der F\u00f6rderung durch das Zentrale Innovationsprogramm Mittelstand (<a href=\"https:\/\/www.zim.de\/ZIM\/Navigation\/DE\/Home\/home.html\" target=\"_blank\" rel=\"noreferrer noopener\">ZIM<\/a>) entwickeln und testen wir eine Anlage, die sich durch sehr gute Abscheideraten, innovatives Design und Nachhaltigkeit auszeichnen wird.<\/p>\n<\/div>\n\n\n\n<section class=\"padding-block gb-element-fc7da398\">\n<div>\n<h2 class=\"gb-text\"><strong>Innovation dans les filtres \u00e0 poussi\u00e8res fines et \u00e0 gaz<\/strong><\/h2>\n\n\n\n<p class=\"gb-text\">Nous soumettons constamment nos filtres de particules et de gaz polluants \u00e0 un processus permanent d\u00b4am\u00e9lioration et d\u00b4optimisation. Nos efforts d\u00b4innovation nous ont permis de maintenir l\u00b4efficacit\u00e9 de nos filtres face \u00e0 des vitesse de l\u00b4air plus grandes, mais tout en r\u00e9duisant leurs dimensions de construction.<\/p>\n\n\n\n<p><\/p>\n\n\n\n<p>De fa\u00e7on continue, nous analisons dans notre laboratoire les propri\u00e9t\u00e9s m\u00e9caniques et chimiques des diff\u00e9rents charbons actifs pr\u00e9sents sur le march\u00e9. Nous r\u00e9alisons des s\u00e9ries d\u00b4essais pour \u00e9tudier les donn\u00e9es de perte de pression, d\u00b4efficacit\u00e9 du filtrage et de dur\u00e9e de vie esp\u00e9r\u00e9e du charbon, sous diff\u00e9rentes conditions de travail, et en \u00e9valuant les facteurs d\u00b4influence.<\/p>\n<\/div>\n\n\n\n<div>\n<div class=\"wp-block-cloudcatch-splide-carousel wp-block-splide-carousel__container equal-height\"><figure class=\"wp-block-splide-carousel splide\" data-splide=\"{&quot;type&quot;:&quot;fade&quot;,&quot;perPage&quot;:1,&quot;speed&quot;:400,&quot;gap&quot;:&quot;0px&quot;,&quot;fixedWidth&quot;:&quot;&quot;,&quot;autoWidth&quot;:false,&quot;perMove&quot;:1,&quot;direction&quot;:&quot;ltr&quot;,&quot;fixedHeight&quot;:&quot;&quot;,&quot;height&quot;:&quot;&quot;,&quot;arrows&quot;:true,&quot;pagination&quot;:false,&quot;autoplay&quot;:false,&quot;interval&quot;:&quot;5000&quot;,&quot;pauseOnHover&quot;:true,&quot;mediaQuery&quot;:&quot;max&quot;,&quot;breakpoints&quot;:{}}\" data-splide-extensions=\"{&quot;autoScroll&quot;:false,&quot;urlHash&quot;:false,&quot;grid&quot;:false}\"><div class=\"wp-block-splide-carousel__track splide__track\"><div class=\"wp-block-splide-carousel__list splide__list\">\n<div class=\"wp-block-cloudcatch-splide-carousel-item wp-block-splide-carousel__slide splide__slide\">\n<div>\n<figure data-wp-context=\"{&quot;imageId&quot;:&quot;69d24c005fd51&quot;}\" data-wp-interactive=\"core\/image\" data-wp-key=\"69d24c005fd51\" class=\"wp-block-image size-full wp-lightbox-container\" style=\"margin-top:0;margin-bottom:0\"><img loading=\"lazy\" decoding=\"async\" width=\"800\" height=\"600\" data-wp-class--hide=\"state.isContentHidden\" data-wp-class--show=\"state.isContentVisible\" data-wp-init=\"callbacks.setButtonStyles\" data-wp-on--click=\"actions.showLightbox\" data-wp-on--load=\"callbacks.setButtonStyles\" data-wp-on-window--resize=\"callbacks.setButtonStyles\" src=\"https:\/\/filtrontec.de\/wp-content\/uploads\/2025\/10\/Pruefstand_5000.jpg\" alt=\"Banc d&#039;essai pour tester les modules ESP jusqu&#039;\u00e0 5000 m\u00b3\/h\" class=\"wp-image-1771\" style=\"aspect-ratio:3\/2;object-fit:cover\" srcset=\"https:\/\/filtrontec.de\/wp-content\/uploads\/2025\/10\/Pruefstand_5000.jpg 800w, https:\/\/filtrontec.de\/wp-content\/uploads\/2025\/10\/Pruefstand_5000-300x225.jpg 300w, https:\/\/filtrontec.de\/wp-content\/uploads\/2025\/10\/Pruefstand_5000-768x576.jpg 768w, https:\/\/filtrontec.de\/wp-content\/uploads\/2025\/10\/Pruefstand_5000-16x12.jpg 16w\" sizes=\"auto, (max-width: 800px) 100vw, 800px\" \/><button\n\t\t\tclass=\"lightbox-trigger\"\n\t\t\ttype=\"button\"\n\t\t\taria-haspopup=\"dialog\"\n\t\t\taria-label=\"Agrandir\"\n\t\t\tdata-wp-init=\"callbacks.initTriggerButton\"\n\t\t\tdata-wp-on--click=\"actions.showLightbox\"\n\t\t\tdata-wp-style--right=\"state.imageButtonRight\"\n\t\t\tdata-wp-style--top=\"state.imageButtonTop\"\n\t\t>\n\t\t\t<svg xmlns=\"http:\/\/www.w3.org\/2000\/svg\" width=\"12\" height=\"12\" fill=\"none\" viewbox=\"0 0 12 12\">\n\t\t\t\t<path fill=\"#fff\" d=\"M2 0a2 2 0 0 0-2 2v2h1.5V2a.5.5 0 0 1 .5-.5h2V0H2Zm2 10.5H2a.5.5 0 0 1-.5-.5V8H0v2a2 2 0 0 0 2 2h2v-1.5ZM8 12v-1.5h2a.5.5 0 0 0 .5-.5V8H12v2a2 2 0 0 1-2 2H8Zm2-12a2 2 0 0 1 2 2v2h-1.5V2a.5.5 0 0 0-.5-.5H8V0h2Z\" \/>\n\t\t\t<\/svg>\n\t\t<\/button><\/figure>\n\n\n\n<p class=\"gb-text figcaption gb-text-747e70d1\">Banc d'essai pour tester les modules ESP jusqu'\u00e0 5000 m\u00b3\/h<\/p>\n<\/div>\n<\/div>\n\n\n\n<div class=\"wp-block-cloudcatch-splide-carousel-item wp-block-splide-carousel__slide splide__slide\">\n<div>\n<figure data-wp-context=\"{&quot;imageId&quot;:&quot;69d24c0060a33&quot;}\" data-wp-interactive=\"core\/image\" data-wp-key=\"69d24c0060a33\" class=\"wp-block-image size-full wp-lightbox-container\" style=\"margin-top:0;margin-right:0;margin-bottom:0;margin-left:0\"><img loading=\"lazy\" decoding=\"async\" width=\"800\" height=\"600\" data-wp-class--hide=\"state.isContentHidden\" data-wp-class--show=\"state.isContentVisible\" data-wp-init=\"callbacks.setButtonStyles\" data-wp-on--click=\"actions.showLightbox\" data-wp-on--load=\"callbacks.setButtonStyles\" data-wp-on-window--resize=\"callbacks.setButtonStyles\" src=\"https:\/\/filtrontec.de\/wp-content\/uploads\/2025\/10\/Hochspannungsversorgung_ESP-Module.jpg\" alt=\"Alimentation haute tension des modules ESP\" class=\"wp-image-1770\" style=\"aspect-ratio:3\/2;object-fit:cover\" srcset=\"https:\/\/filtrontec.de\/wp-content\/uploads\/2025\/10\/Hochspannungsversorgung_ESP-Module.jpg 800w, https:\/\/filtrontec.de\/wp-content\/uploads\/2025\/10\/Hochspannungsversorgung_ESP-Module-300x225.jpg 300w, https:\/\/filtrontec.de\/wp-content\/uploads\/2025\/10\/Hochspannungsversorgung_ESP-Module-768x576.jpg 768w, https:\/\/filtrontec.de\/wp-content\/uploads\/2025\/10\/Hochspannungsversorgung_ESP-Module-16x12.jpg 16w\" sizes=\"auto, (max-width: 800px) 100vw, 800px\" \/><button\n\t\t\tclass=\"lightbox-trigger\"\n\t\t\ttype=\"button\"\n\t\t\taria-haspopup=\"dialog\"\n\t\t\taria-label=\"Agrandir\"\n\t\t\tdata-wp-init=\"callbacks.initTriggerButton\"\n\t\t\tdata-wp-on--click=\"actions.showLightbox\"\n\t\t\tdata-wp-style--right=\"state.imageButtonRight\"\n\t\t\tdata-wp-style--top=\"state.imageButtonTop\"\n\t\t>\n\t\t\t<svg xmlns=\"http:\/\/www.w3.org\/2000\/svg\" width=\"12\" height=\"12\" fill=\"none\" viewbox=\"0 0 12 12\">\n\t\t\t\t<path fill=\"#fff\" d=\"M2 0a2 2 0 0 0-2 2v2h1.5V2a.5.5 0 0 1 .5-.5h2V0H2Zm2 10.5H2a.5.5 0 0 1-.5-.5V8H0v2a2 2 0 0 0 2 2h2v-1.5ZM8 12v-1.5h2a.5.5 0 0 0 .5-.5V8H12v2a2 2 0 0 1-2 2H8Zm2-12a2 2 0 0 1 2 2v2h-1.5V2a.5.5 0 0 0-.5-.5H8V0h2Z\" \/>\n\t\t\t<\/svg>\n\t\t<\/button><\/figure>\n\n\n\n<p class=\"gb-text figcaption gb-text-f8b36dc6\">Alimentation haute tension des modules ESP<\/p>\n<\/div>\n<\/div>\n\n\n\n<div class=\"wp-block-cloudcatch-splide-carousel-item wp-block-splide-carousel__slide splide__slide\">\n<div>\n<figure data-wp-context=\"{&quot;imageId&quot;:&quot;69d24c00616e8&quot;}\" data-wp-interactive=\"core\/image\" data-wp-key=\"69d24c00616e8\" class=\"wp-block-image size-full wp-lightbox-container\" style=\"margin-top:0;margin-right:0;margin-bottom:0;margin-left:0\"><img loading=\"lazy\" decoding=\"async\" width=\"800\" height=\"450\" data-wp-class--hide=\"state.isContentHidden\" data-wp-class--show=\"state.isContentVisible\" data-wp-init=\"callbacks.setButtonStyles\" data-wp-on--click=\"actions.showLightbox\" data-wp-on--load=\"callbacks.setButtonStyles\" data-wp-on-window--resize=\"callbacks.setButtonStyles\" src=\"https:\/\/filtrontec.de\/wp-content\/uploads\/2025\/10\/Aktivkohle_Schuettbett.jpg\" alt=\"Essais de lits fluidis\u00e9s au charbon actif\" class=\"wp-image-1769\" style=\"aspect-ratio:3\/2;object-fit:cover\" srcset=\"https:\/\/filtrontec.de\/wp-content\/uploads\/2025\/10\/Aktivkohle_Schuettbett.jpg 800w, https:\/\/filtrontec.de\/wp-content\/uploads\/2025\/10\/Aktivkohle_Schuettbett-300x169.jpg 300w, https:\/\/filtrontec.de\/wp-content\/uploads\/2025\/10\/Aktivkohle_Schuettbett-768x432.jpg 768w, https:\/\/filtrontec.de\/wp-content\/uploads\/2025\/10\/Aktivkohle_Schuettbett-18x10.jpg 18w\" sizes=\"auto, (max-width: 800px) 100vw, 800px\" \/><button\n\t\t\tclass=\"lightbox-trigger\"\n\t\t\ttype=\"button\"\n\t\t\taria-haspopup=\"dialog\"\n\t\t\taria-label=\"Agrandir\"\n\t\t\tdata-wp-init=\"callbacks.initTriggerButton\"\n\t\t\tdata-wp-on--click=\"actions.showLightbox\"\n\t\t\tdata-wp-style--right=\"state.imageButtonRight\"\n\t\t\tdata-wp-style--top=\"state.imageButtonTop\"\n\t\t>\n\t\t\t<svg xmlns=\"http:\/\/www.w3.org\/2000\/svg\" width=\"12\" height=\"12\" fill=\"none\" viewbox=\"0 0 12 12\">\n\t\t\t\t<path fill=\"#fff\" d=\"M2 0a2 2 0 0 0-2 2v2h1.5V2a.5.5 0 0 1 .5-.5h2V0H2Zm2 10.5H2a.5.5 0 0 1-.5-.5V8H0v2a2 2 0 0 0 2 2h2v-1.5ZM8 12v-1.5h2a.5.5 0 0 0 .5-.5V8H12v2a2 2 0 0 1-2 2H8Zm2-12a2 2 0 0 1 2 2v2h-1.5V2a.5.5 0 0 0-.5-.5H8V0h2Z\" \/>\n\t\t\t<\/svg>\n\t\t<\/button><\/figure>\n\n\n\n<p class=\"gb-text figcaption gb-text-f37bf1f0\">Essais de lits fluidis\u00e9s au charbon actif<\/p>\n<\/div>\n<\/div>\n\n\n\n<div class=\"wp-block-cloudcatch-splide-carousel-item wp-block-splide-carousel__slide splide__slide\">\n<div>\n<figure data-wp-context=\"{&quot;imageId&quot;:&quot;69d24c00622a9&quot;}\" data-wp-interactive=\"core\/image\" data-wp-key=\"69d24c00622a9\" class=\"wp-block-image size-full wp-lightbox-container\" style=\"margin-top:0;margin-right:0;margin-bottom:0;margin-left:0\"><img loading=\"lazy\" decoding=\"async\" width=\"800\" height=\"600\" data-wp-class--hide=\"state.isContentHidden\" data-wp-class--show=\"state.isContentVisible\" data-wp-init=\"callbacks.setButtonStyles\" data-wp-on--click=\"actions.showLightbox\" data-wp-on--load=\"callbacks.setButtonStyles\" data-wp-on-window--resize=\"callbacks.setButtonStyles\" src=\"https:\/\/filtrontec.de\/wp-content\/uploads\/2025\/10\/Pruefstand_20000.jpg\" alt=\"Banc d&#039;essai pour tester les modules ESP jusqu&#039;\u00e0 20.000 m\u00b3\/h avec climatisation des conditions d&#039;utilisation subtropicales\" class=\"wp-image-1772\" style=\"aspect-ratio:3\/2;object-fit:cover\" srcset=\"https:\/\/filtrontec.de\/wp-content\/uploads\/2025\/10\/Pruefstand_20000.jpg 800w, https:\/\/filtrontec.de\/wp-content\/uploads\/2025\/10\/Pruefstand_20000-300x225.jpg 300w, https:\/\/filtrontec.de\/wp-content\/uploads\/2025\/10\/Pruefstand_20000-768x576.jpg 768w, https:\/\/filtrontec.de\/wp-content\/uploads\/2025\/10\/Pruefstand_20000-16x12.jpg 16w\" sizes=\"auto, (max-width: 800px) 100vw, 800px\" \/><button\n\t\t\tclass=\"lightbox-trigger\"\n\t\t\ttype=\"button\"\n\t\t\taria-haspopup=\"dialog\"\n\t\t\taria-label=\"Agrandir\"\n\t\t\tdata-wp-init=\"callbacks.initTriggerButton\"\n\t\t\tdata-wp-on--click=\"actions.showLightbox\"\n\t\t\tdata-wp-style--right=\"state.imageButtonRight\"\n\t\t\tdata-wp-style--top=\"state.imageButtonTop\"\n\t\t>\n\t\t\t<svg xmlns=\"http:\/\/www.w3.org\/2000\/svg\" width=\"12\" height=\"12\" fill=\"none\" viewbox=\"0 0 12 12\">\n\t\t\t\t<path fill=\"#fff\" d=\"M2 0a2 2 0 0 0-2 2v2h1.5V2a.5.5 0 0 1 .5-.5h2V0H2Zm2 10.5H2a.5.5 0 0 1-.5-.5V8H0v2a2 2 0 0 0 2 2h2v-1.5ZM8 12v-1.5h2a.5.5 0 0 0 .5-.5V8H12v2a2 2 0 0 1-2 2H8Zm2-12a2 2 0 0 1 2 2v2h-1.5V2a.5.5 0 0 0-.5-.5H8V0h2Z\" \/>\n\t\t\t<\/svg>\n\t\t<\/button><\/figure>\n\n\n\n<p class=\"gb-text figcaption gb-text-9c20e844\">Banc d'essai pour tester les modules ESP jusqu'\u00e0 20.000 m\u00b3\/h avec climatisation des conditions d'utilisation subtropicales<\/p>\n<\/div>\n<\/div>\n<\/div><\/div><\/figure><\/div>\n<\/div>\n<\/section>\n\n\n\n<p><\/p>","protected":false},"excerpt":{"rendered":"","protected":false},"author":3,"featured_media":1566,"parent":0,"menu_order":0,"comment_status":"closed","ping_status":"closed","template":"","meta":{"_acf_changed":false,"inline_featured_image":false,"footnotes":""},"class_list":["post-184","page","type-page","status-publish","has-post-thumbnail","hentry"],"acf":[],"_links":{"self":[{"href":"https:\/\/filtrontec.de\/fr\/wp-json\/wp\/v2\/pages\/184","targetHints":{"allow":["GET"]}}],"collection":[{"href":"https:\/\/filtrontec.de\/fr\/wp-json\/wp\/v2\/pages"}],"about":[{"href":"https:\/\/filtrontec.de\/fr\/wp-json\/wp\/v2\/types\/page"}],"author":[{"embeddable":true,"href":"https:\/\/filtrontec.de\/fr\/wp-json\/wp\/v2\/users\/3"}],"replies":[{"embeddable":true,"href":"https:\/\/filtrontec.de\/fr\/wp-json\/wp\/v2\/comments?post=184"}],"version-history":[{"count":2,"href":"https:\/\/filtrontec.de\/fr\/wp-json\/wp\/v2\/pages\/184\/revisions"}],"predecessor-version":[{"id":2594,"href":"https:\/\/filtrontec.de\/fr\/wp-json\/wp\/v2\/pages\/184\/revisions\/2594"}],"wp:featuredmedia":[{"embeddable":true,"href":"https:\/\/filtrontec.de\/fr\/wp-json\/wp\/v2\/media\/1566"}],"wp:attachment":[{"href":"https:\/\/filtrontec.de\/fr\/wp-json\/wp\/v2\/media?parent=184"}],"curies":[{"name":"wp","href":"https:\/\/api.w.org\/{rel}","templated":true}]}}