{"id":186,"date":"2025-09-08T22:01:21","date_gmt":"2025-09-08T20:01:21","guid":{"rendered":"https:\/\/staging.filtrontec.de\/?page_id=186"},"modified":"2026-03-16T08:53:38","modified_gmt":"2026-03-16T07:53:38","slug":"entretien","status":"publish","type":"page","link":"https:\/\/filtrontec.de\/fr\/wartung\/","title":{"rendered":"Maintenance"},"content":{"rendered":"\n<div class=\"gb-element-4a154f1c alignfull hero-gradient\">\n<img loading=\"lazy\" decoding=\"async\" width=\"2560\" height=\"1147\" data-media-id=\"2633\" class=\"gb-media-d5fd787a\" alt=\"\" src=\"https:\/\/filtrontec.de\/wp-content\/uploads\/2026\/03\/Gemini_Generated_Image_ezxo91ezxo91ezxo-scaled.png\" srcset=\"https:\/\/filtrontec.de\/wp-content\/uploads\/2026\/03\/Gemini_Generated_Image_ezxo91ezxo91ezxo-scaled.png 2560w, https:\/\/filtrontec.de\/wp-content\/uploads\/2026\/03\/Gemini_Generated_Image_ezxo91ezxo91ezxo-300x134.png 300w, https:\/\/filtrontec.de\/wp-content\/uploads\/2026\/03\/Gemini_Generated_Image_ezxo91ezxo91ezxo-1024x459.png 1024w, https:\/\/filtrontec.de\/wp-content\/uploads\/2026\/03\/Gemini_Generated_Image_ezxo91ezxo91ezxo-768x344.png 768w, https:\/\/filtrontec.de\/wp-content\/uploads\/2026\/03\/Gemini_Generated_Image_ezxo91ezxo91ezxo-1536x688.png 1536w, https:\/\/filtrontec.de\/wp-content\/uploads\/2026\/03\/Gemini_Generated_Image_ezxo91ezxo91ezxo-2048x918.png 2048w, https:\/\/filtrontec.de\/wp-content\/uploads\/2026\/03\/Gemini_Generated_Image_ezxo91ezxo91ezxo-18x8.png 18w, https:\/\/filtrontec.de\/wp-content\/uploads\/2026\/03\/Gemini_Generated_Image_ezxo91ezxo91ezxo-800x359.png 800w\" sizes=\"auto, (max-width: 2560px) 100vw, 2560px\" \/>\n\n\n\n<div class=\"gb-element-36d737ce\">\n<h1 class=\"gb-text gb-text-93025f2c\">Wartung<\/h1>\n\n\n\n<p class=\"gb-text gb-text-8cdf2734\"><\/p>\n<\/div>\n<\/div>\n\n\n\n<section class=\"padding-block gb-element-fc7da398\">\n<h2 class=\"gb-text\"><strong>Fachgerechte Wartung und Instandhaltung<\/strong><\/h2>\n\n\n\n<p class=\"gb-text\">FILTRONtec&nbsp;f\u00fchrt Wartungsarbeiten an Filteranlagen unterschiedlichster Bauart durch \u2013 sowohl an eigenen Systemen als auch an Anlagen anderer Hersteller. Auch einzelne Filterelemente werden von uns \u00fcberpr\u00fcft und instand gehalten. Unser Team gew\u00e4hrleistet eine fachgerechte \u00dcberpr\u00fcfung, Instandhaltung und Optimierung Ihrer Filtertechnik. Bei Interesse erstellen wir Ihnen ein individuelles Angebot.<\/p>\n<\/section>\n\n\n\n<div class=\"info-box gb-element-93949efb\">\n<h3 class=\"gb-text\">Wartungsangebot anfordern<\/h3>\n\n\n\n<p class=\"gb-text\">Nutzen Sie das Formular, um ein individuelles Wartungsangebot von uns zu erhalten.<\/p>\n\n\n<style id=\"wpforms-css-vars-662-block-51bf5815-9f0c-402f-8556-1fb482fdd8de\">\n\t\t\t\t#wpforms-662.wpforms-block-51bf5815-9f0c-402f-8556-1fb482fdd8de {\n\t\t\t\t--wpforms-button-background-color: #c1352d;\n--wpforms-field-size-input-height: 43px;\n--wpforms-field-size-input-spacing: 15px;\n--wpforms-field-size-font-size: 16px;\n--wpforms-field-size-line-height: 19px;\n--wpforms-field-size-padding-h: 14px;\n--wpforms-field-size-checkbox-size: 16px;\n--wpforms-field-size-sublabel-spacing: 5px;\n--wpforms-field-size-icon-size: 1;\n--wpforms-label-size-font-size: 16px;\n--wpforms-label-size-line-height: 19px;\n--wpforms-label-size-sublabel-font-size: 14px;\n--wpforms-label-size-sublabel-line-height: 17px;\n--wpforms-button-size-font-size: 17px;\n--wpforms-button-size-height: 41px;\n--wpforms-button-size-padding-h: 15px;\n--wpforms-button-size-margin-top: 10px;\n\t\t\t}\n\t\t\t<\/style><div class=\"wpforms-container wpforms-container-full wpforms-block wpforms-block-51bf5815-9f0c-402f-8556-1fb482fdd8de wpforms-render-modern\" id=\"wpforms-662\"><form id=\"wpforms-form-662\" class=\"wpforms-validate wpforms-form wpforms-ajax-form\" data-formid=\"662\" method=\"post\" enctype=\"multipart\/form-data\" action=\"\/fr\/wp-json\/wp\/v2\/pages\/186\" data-token=\"18ac782609093587c0abb207eb234e54\" data-token-time=\"1775390720\"><noscript class=\"wpforms-error-noscript\">Veuillez activer JavaScript dans votre navigateur pour remplir ce formulaire.<\/noscript><div id=\"wpforms-error-noscript\" style=\"display: none;\">Veuillez activer JavaScript dans votre navigateur pour remplir ce formulaire.<\/div><div class=\"wpforms-field-container\"><div id=\"wpforms-662-field_1-container\" class=\"wpforms-field wpforms-field-name wpforms-one-half wpforms-first\" data-field-id=\"1\"><label class=\"wpforms-field-label\" for=\"wpforms-662-field_1\">Ansprechpartner <span class=\"wpforms-required-label\" aria-hidden=\"true\">*<\/span><\/label><input type=\"text\" id=\"wpforms-662-field_1\" class=\"wpforms-field-large wpforms-field-required\" name=\"wpforms[fields][1]\" aria-errormessage=\"wpforms-662-field_1-error\" required><\/div><div id=\"wpforms-662-field_5-container\" class=\"wpforms-field wpforms-field-text wpforms-one-half\" data-field-id=\"5\"><label class=\"wpforms-field-label\" for=\"wpforms-662-field_5\">Firma<\/label><input type=\"text\" id=\"wpforms-662-field_5\" class=\"wpforms-field-large\" name=\"wpforms[fields][5]\" aria-errormessage=\"wpforms-662-field_5-error\" ><\/div>\t\t<div id=\"wpforms-662-field_6-container\"\n\t\t\tclass=\"wpforms-field wpforms-field-text\"\n\t\t\tdata-field-type=\"text\"\n\t\t\tdata-field-id=\"6\"\n\t\t\t>\n\t\t\t<label class=\"wpforms-field-label\" for=\"wpforms-662-field_6\" >Telefon E-Mail-Adresse Ansprechpartner<\/label>\n\t\t\t<input type=\"text\" id=\"wpforms-662-field_6\" class=\"wpforms-field-medium\" name=\"wpforms[fields][6]\" >\n\t\t<\/div>\n\t\t<div id=\"wpforms-662-field_2-container\" class=\"wpforms-field wpforms-field-email wpforms-one-half wpforms-first\" data-field-id=\"2\"><label class=\"wpforms-field-label\" for=\"wpforms-662-field_2\">E-Mail-Adresse <span class=\"wpforms-required-label\" aria-hidden=\"true\">*<\/span><\/label><input type=\"email\" id=\"wpforms-662-field_2\" class=\"wpforms-field-large wpforms-field-required\" name=\"wpforms[fields][2]\" spellcheck=\"false\" aria-errormessage=\"wpforms-662-field_2-error\" required><\/div><div id=\"wpforms-662-field_4-container\" class=\"wpforms-field wpforms-field-text wpforms-one-half\" data-field-id=\"4\"><label class=\"wpforms-field-label\" for=\"wpforms-662-field_4\">Telefon <span class=\"wpforms-required-label\" aria-hidden=\"true\">*<\/span><\/label><input type=\"text\" id=\"wpforms-662-field_4\" class=\"wpforms-field-large wpforms-field-required\" name=\"wpforms[fields][4]\" aria-errormessage=\"wpforms-662-field_4-error\" required><\/div><div id=\"wpforms-662-field_3-container\" class=\"wpforms-field wpforms-field-textarea\" data-field-id=\"3\"><label class=\"wpforms-field-label\" for=\"wpforms-662-field_3\">Kommentar oder Nachricht<\/label><textarea id=\"wpforms-662-field_3\" class=\"wpforms-field-medium\" name=\"wpforms[fields][3]\" aria-errormessage=\"wpforms-662-field_3-error\" ><\/textarea><\/div><script>\n\t\t\t\t( function() {\n\t\t\t\t\tconst style = document.createElement( 'style' );\n\t\t\t\t\tstyle.appendChild( document.createTextNode( '#wpforms-662-field_6-container { position: absolute !important; overflow: hidden !important; display: inline !important; height: 1px !important; width: 1px !important; z-index: -1000 !important; padding: 0 !important; } #wpforms-662-field_6-container input { visibility: hidden; } #wpforms-conversational-form-page #wpforms-662-field_6-container label { counter-increment: none; }' ) );\n\t\t\t\t\tdocument.head.appendChild( style );\n\t\t\t\t\tdocument.currentScript?.remove();\n\t\t\t\t} )();\n\t\t\t<\/script><\/div><!-- .wpforms-field-container --><div class=\"wpforms-submit-container\" ><input type=\"hidden\" name=\"wpforms[id]\" value=\"662\"><input type=\"hidden\" name=\"page_title\" value=\"\"><input type=\"hidden\" name=\"page_url\" value=\"https:\/\/filtrontec.de\/fr\/wp-json\/wp\/v2\/pages\/186\"><input type=\"hidden\" name=\"url_referer\" value=\"\"><button type=\"submit\" name=\"wpforms[submit]\" id=\"wpforms-submit-662\" class=\"wpforms-submit\" data-alt-text=\"Wird gesendet\u00a0\u2026\" data-submit-text=\"Anfrage senden\" aria-live=\"assertive\" value=\"wpforms-submit\">Anfrage senden<\/button><img loading=\"lazy\" decoding=\"async\" src=\"https:\/\/filtrontec.de\/wp-content\/plugins\/wpforms-lite\/assets\/images\/submit-spin.svg\" class=\"wpforms-submit-spinner\" style=\"display: none;\" width=\"26\" height=\"26\" alt=\"Chargement en cours\"><\/div><\/form><\/div>  <!-- .wpforms-container --><\/div>\n","protected":false},"excerpt":{"rendered":"","protected":false},"author":3,"featured_media":2633,"parent":0,"menu_order":0,"comment_status":"closed","ping_status":"closed","template":"","meta":{"_acf_changed":false,"inline_featured_image":false,"footnotes":""},"class_list":["post-186","page","type-page","status-publish","has-post-thumbnail","hentry"],"acf":[],"_links":{"self":[{"href":"https:\/\/filtrontec.de\/fr\/wp-json\/wp\/v2\/pages\/186","targetHints":{"allow":["GET"]}}],"collection":[{"href":"https:\/\/filtrontec.de\/fr\/wp-json\/wp\/v2\/pages"}],"about":[{"href":"https:\/\/filtrontec.de\/fr\/wp-json\/wp\/v2\/types\/page"}],"author":[{"embeddable":true,"href":"https:\/\/filtrontec.de\/fr\/wp-json\/wp\/v2\/users\/3"}],"replies":[{"embeddable":true,"href":"https:\/\/filtrontec.de\/fr\/wp-json\/wp\/v2\/comments?post=186"}],"version-history":[{"count":1,"href":"https:\/\/filtrontec.de\/fr\/wp-json\/wp\/v2\/pages\/186\/revisions"}],"predecessor-version":[{"id":2628,"href":"https:\/\/filtrontec.de\/fr\/wp-json\/wp\/v2\/pages\/186\/revisions\/2628"}],"wp:featuredmedia":[{"embeddable":true,"href":"https:\/\/filtrontec.de\/fr\/wp-json\/wp\/v2\/media\/2633"}],"wp:attachment":[{"href":"https:\/\/filtrontec.de\/fr\/wp-json\/wp\/v2\/media?parent=186"}],"curies":[{"name":"wp","href":"https:\/\/api.w.org\/{rel}","templated":true}]}}