{"id":192,"date":"2025-09-08T22:02:05","date_gmt":"2025-09-08T20:02:05","guid":{"rendered":"https:\/\/staging.filtrontec.de\/?page_id=192"},"modified":"2026-01-19T13:50:06","modified_gmt":"2026-01-19T12:50:06","slug":"mentions-legales","status":"publish","type":"page","link":"https:\/\/filtrontec.de\/fr\/impressum\/","title":{"rendered":"Mentions l\u00e9gales"},"content":{"rendered":"<div class=\"padding-block gb-element-f3e3d853\">\n<div class=\"wp-block-group has-global-padding is-layout-constrained wp-block-group-is-layout-constrained\" style=\"padding-top:var(--wp--preset--spacing--40);padding-bottom:var(--wp--preset--spacing--40)\">\n<h1 class=\"gb-text gb-text-8fc6afb5\">Mentions l\u00e9gales<\/h1>\n\n\n\n<h2 class=\"wp-block-heading has-lead-font-size\">Adresse<\/h2>\n\n\n\n<p>FILTRONtec GmbH<br>1a, rue Andresen<br>06766 Bitterfeld-Wolfen<br>Allemagne<\/p>\n\n\n\n<p>Repr\u00e9sent\u00e9 par<br>Elke Deux, docteur en ing\u00e9nierie<br>T\u00e9l\u00e9phone +49(0) 3494 6579132<br>E-Mail\u00a0elke.deux@filtrontec.de<\/p>\n\n\n\n<p>Responsable du contenu conform\u00e9ment au \u00a7 55 Abs. 2 RStV : Dr.-Ing. Elke Deux<\/p>\n\n\n\n<h2 class=\"wp-block-heading has-lead-font-size\">Adh\u00e9sions<\/h2>\n\n\n\n<p>Membre de la Chambre de commerce et d'industrie de Halle-Dessau<br>Membre de la STUVA<\/p>\n\n\n\n<h2 class=\"wp-block-heading has-lead-font-size\">Num\u00e9ro d'identification de la taxe sur le chiffre d'affaires<\/h2>\n\n\n\n<p>Num\u00e9ro de TVA conform\u00e9ment au \u00a727a de la loi sur la TVA : DE211598524<\/p>\n\n\n\n<h2 class=\"wp-block-heading has-lead-font-size\">Num\u00e9ro d'enregistrement WEEE<\/h2>\n\n\n\n<p>N\u00b0 d'enregistrement WEEE conform\u00e9ment au \u00a76 alin\u00e9a 1 phrase 1 ElektroG : DE41032476<\/p>\n\n\n\n<h2 class=\"wp-block-heading has-lead-font-size\">Inscription au registre du commerce<\/h2>\n\n\n\n<p>HRB 34617, Tribunal d'instance de Stendal<\/p>\n\n\n\n<h2 class=\"wp-block-heading has-lead-font-size\">Conception et r\u00e9alisation<\/h2>\n\n\n\n<p>CUCOM Agence web - Christian Unverricht<br><a href=\"https:\/\/cucom.de\">https:\/\/cucom.de<\/a><\/p>\n\n\n\n<h2 class=\"wp-block-heading has-lead-font-size\">Cr\u00e9dits photographiques<\/h2>\n\n\n\n<p>Page \"Syst\u00e8mes de filtration d'air pour les tunnels routiers <a href=\"https:\/\/stock.adobe.com\/de\/images\/car-driving-through-tunnel\/109157253\" target=\"_blank\" rel=\"noreferrer noopener nofollow\">Adobe Stock<\/a><\/p>\n\n\n\n<p>Page \"R\u00e9f\u00e9rences\" : <a href=\"https:\/\/de.freepik.com\/fotos-kostenlos\/road_1243187.htm\" target=\"_blank\" rel=\"noreferrer noopener nofollow\">Freepik<\/a><\/p>\n\n\n\n<p>Page d'accueil : <a href=\"https:\/\/en.m.wikipedia.org\/wiki\/File:Central%E2%80%93Wan_Chai_Bypass_Tunnel_western_portal_2019-01-26_(11).jpg\" target=\"_blank\" rel=\"noreferrer noopener nofollow\">Wikipedia<\/a><\/p>\n<\/div>\n<\/div>","protected":false},"excerpt":{"rendered":"","protected":false},"author":3,"featured_media":0,"parent":0,"menu_order":0,"comment_status":"closed","ping_status":"closed","template":"","meta":{"_acf_changed":false,"inline_featured_image":false,"footnotes":""},"class_list":["post-192","page","type-page","status-publish","hentry"],"acf":[],"_links":{"self":[{"href":"https:\/\/filtrontec.de\/fr\/wp-json\/wp\/v2\/pages\/192","targetHints":{"allow":["GET"]}}],"collection":[{"href":"https:\/\/filtrontec.de\/fr\/wp-json\/wp\/v2\/pages"}],"about":[{"href":"https:\/\/filtrontec.de\/fr\/wp-json\/wp\/v2\/types\/page"}],"author":[{"embeddable":true,"href":"https:\/\/filtrontec.de\/fr\/wp-json\/wp\/v2\/users\/3"}],"replies":[{"embeddable":true,"href":"https:\/\/filtrontec.de\/fr\/wp-json\/wp\/v2\/comments?post=192"}],"version-history":[{"count":0,"href":"https:\/\/filtrontec.de\/fr\/wp-json\/wp\/v2\/pages\/192\/revisions"}],"wp:attachment":[{"href":"https:\/\/filtrontec.de\/fr\/wp-json\/wp\/v2\/media?parent=192"}],"curies":[{"name":"wp","href":"https:\/\/api.w.org\/{rel}","templated":true}]}}