{"id":2026,"date":"2025-10-21T11:21:50","date_gmt":"2025-10-21T09:21:50","guid":{"rendered":"https:\/\/staging.filtrontec.de\/?page_id=2026"},"modified":"2026-03-02T13:58:06","modified_gmt":"2026-03-02T12:58:06","slug":"amfitech","status":"publish","type":"page","link":"https:\/\/filtrontec.de\/fr\/amfitech\/","title":{"rendered":"amfitech"},"content":{"rendered":"<div class=\"gb-element-4a154f1c alignfull hero-gradient\">\n<img loading=\"lazy\" decoding=\"async\" width=\"1653\" height=\"1181\" data-media-id=\"1000\" class=\"gb-media-d5fd787a\" alt=\"\" src=\"https:\/\/filtrontec.de\/wp-content\/uploads\/2025\/09\/amficab_Smart_G7MT_Visual_Hotel.jpg\" srcset=\"https:\/\/filtrontec.de\/wp-content\/uploads\/2025\/09\/amficab_Smart_G7MT_Visual_Hotel.jpg 1653w, https:\/\/filtrontec.de\/wp-content\/uploads\/2025\/09\/amficab_Smart_G7MT_Visual_Hotel-300x214.jpg 300w, https:\/\/filtrontec.de\/wp-content\/uploads\/2025\/09\/amficab_Smart_G7MT_Visual_Hotel-768x549.jpg 768w, https:\/\/filtrontec.de\/wp-content\/uploads\/2025\/09\/amficab_Smart_G7MT_Visual_Hotel-1024x732.jpg 1024w, https:\/\/filtrontec.de\/wp-content\/uploads\/2025\/09\/amficab_Smart_G7MT_Visual_Hotel-1536x1097.jpg 1536w, https:\/\/filtrontec.de\/wp-content\/uploads\/2025\/09\/amficab_Smart_G7MT_Visual_Hotel-18x12.jpg 18w, https:\/\/filtrontec.de\/wp-content\/uploads\/2025\/09\/amficab_Smart_G7MT_Visual_Hotel-800x572.jpg 800w\" sizes=\"auto, (max-width: 1653px) 100vw, 1653px\" \/>\n\n\n\n<div class=\"gb-element-36d737ce\">\n<h1 class=\"gb-text gb-text-93025f2c\">amfitech<\/h1>\n\n\n\n<p class=\"gb-text gb-text-8cdf2734\">Des solutions de filtration innovantes pour un air pur<\/p>\n<\/div>\n<\/div>\n\n\n\n<div class=\"gb-element-09b1d42d\">\n<div class=\"gb-element-24462bfb\">\n<figure class=\"wp-block-image size-full\" style=\"margin-top:0;margin-bottom:var(--wp--preset--spacing--20)\"><img loading=\"lazy\" decoding=\"async\" width=\"500\" height=\"96\" src=\"https:\/\/filtrontec.de\/wp-content\/uploads\/2025\/12\/amfitech_logo.jpg\" alt=\"\" class=\"wp-image-2270\" style=\"object-fit:contain\" srcset=\"https:\/\/filtrontec.de\/wp-content\/uploads\/2025\/12\/amfitech_logo.jpg 500w, https:\/\/filtrontec.de\/wp-content\/uploads\/2025\/12\/amfitech_logo-300x58.jpg 300w, https:\/\/filtrontec.de\/wp-content\/uploads\/2025\/12\/amfitech_logo-18x3.jpg 18w\" sizes=\"auto, (max-width: 500px) 100vw, 500px\" \/><\/figure>\n\n\n\n<div class=\"wp-block-group is-layout-flow wp-block-group-is-layout-flow\">\n<p class=\"gb-text gb-text-37a0b159\">Cette gamme de produits de la soci\u00e9t\u00e9 FILTRONtec propose des solutions sp\u00e9cialis\u00e9es qui transforment l'air de tous les espaces de vie en oasis de sant\u00e9. Que ce soit dans les stations de m\u00e9tro, les cours d'\u00e9cole ou les restaurants, nous proposons des solutions sur mesure pour chaque d\u00e9fi.<\/p>\n\n\n\n<a class=\"gb-text button-primary gb-text-52147806\" href=\"http:\/\/www.amfitech.de\/\" target=\"_blank\" rel=\"noopener\">En savoir plus sur amfitech.de<\/a>\n<\/div>\n<\/div>\n<\/div>\n\n\n\n<div class=\"wp-block-group has-global-padding is-layout-constrained wp-block-group-is-layout-constrained\" style=\"padding-bottom:var(--wp--preset--spacing--50)\">\n<div class=\"gb-element-e78865bc\">\n<div class=\"info-box gb-element-63230dfe\">\n<div class=\"wp-block-group is-layout-flow wp-container-core-group-is-layout-81d5c4b5 wp-block-group-is-layout-flow\">\n<div class=\"gb-element-a2e4fccb\">\n<figure class=\"wp-block-image size-full\" style=\"margin-top:0;margin-bottom:0\"><img loading=\"lazy\" decoding=\"async\" width=\"500\" height=\"138\" src=\"https:\/\/filtrontec.de\/wp-content\/uploads\/2025\/12\/amficab_logo.jpg\" alt=\"\" class=\"wp-image-2268\" srcset=\"https:\/\/filtrontec.de\/wp-content\/uploads\/2025\/12\/amficab_logo.jpg 500w, https:\/\/filtrontec.de\/wp-content\/uploads\/2025\/12\/amficab_logo-300x83.jpg 300w, https:\/\/filtrontec.de\/wp-content\/uploads\/2025\/12\/amficab_logo-18x5.jpg 18w\" sizes=\"auto, (max-width: 500px) 100vw, 500px\" \/><\/figure>\n\n\n\n<a class=\"button-primary gb-text-a54ad131\" href=\"#amficab\"><span class=\"gb-shape\"><svg aria-hidden=\"true\" role=\"img\" height=\"1em\" width=\"1em\" viewbox=\"0 0 256 512\" xmlns=\"http:\/\/www.w3.org\/2000\/svg\"><path fill=\"currentColor\" d=\"M224.3 273l-136 136c-9.4 9.4-24.6 9.4-33.9 0l-22.6-22.6c-9.4-9.4-9.4-24.6 0-33.9l96.4-96.4-96.4-96.4c-9.4-9.4-9.4-24.6 0-33.9L54.3 103c9.4-9.4 24.6-9.4 33.9 0l136 136c9.5 9.4 9.5 24.6.1 34z\"><\/path><\/svg><\/span><\/a>\n<\/div>\n\n\n\n<h3 class=\"wp-block-heading\">Filtre \u00e0 air ambiant tr\u00e8s efficace \u201eMade in Germany\u201c<\/h3>\n\n\n\n<p>Un syst\u00e8me de purification de l'air innovant, compact et autonome pour lutter efficacement contre les virus, les germes et les bact\u00e9ries dans les espaces clos.<\/p>\n<\/div>\n<\/div>\n\n\n\n<div class=\"info-box gb-element-fea49eaf\">\n<div class=\"wp-block-group is-layout-flow wp-container-core-group-is-layout-81d5c4b5 wp-block-group-is-layout-flow\">\n<div class=\"gb-element-2e0cdc92\">\n<figure class=\"wp-block-image size-full\" style=\"margin-top:0;margin-bottom:0\"><img loading=\"lazy\" decoding=\"async\" width=\"500\" height=\"138\" src=\"https:\/\/filtrontec.de\/wp-content\/uploads\/2025\/12\/amficon_Logo.jpg\" alt=\"\" class=\"wp-image-2269\" srcset=\"https:\/\/filtrontec.de\/wp-content\/uploads\/2025\/12\/amficon_Logo.jpg 500w, https:\/\/filtrontec.de\/wp-content\/uploads\/2025\/12\/amficon_Logo-300x83.jpg 300w, https:\/\/filtrontec.de\/wp-content\/uploads\/2025\/12\/amficon_Logo-18x5.jpg 18w\" sizes=\"auto, (max-width: 500px) 100vw, 500px\" \/><\/figure>\n\n\n\n<a class=\"button-primary gb-text-13ca3bd2\" href=\"#amficon\"><span class=\"gb-shape\"><svg aria-hidden=\"true\" role=\"img\" height=\"1em\" width=\"1em\" viewbox=\"0 0 256 512\" xmlns=\"http:\/\/www.w3.org\/2000\/svg\"><path fill=\"currentColor\" d=\"M224.3 273l-136 136c-9.4 9.4-24.6 9.4-33.9 0l-22.6-22.6c-9.4-9.4-9.4-24.6 0-33.9l96.4-96.4-96.4-96.4c-9.4-9.4-9.4-24.6 0-33.9L54.3 103c9.4-9.4 24.6-9.4 33.9 0l136 136c9.5 9.4 9.5 24.6.1 34z\"><\/path><\/svg><\/span><\/a>\n<\/div>\n\n\n\n<h3 class=\"wp-block-heading\">De l'air pur pour les villes et les parcs<\/h3>\n\n\n\n<p>Une technologie de filtration ultramoderne \u00e9limine efficacement les particules nocives pr\u00e9sentes dans l'air, am\u00e9liore la qualit\u00e9 de vie des riverains et contribue activement \u00e0 la protection de la sant\u00e9.<\/p>\n<\/div>\n<\/div>\n\n\n\n<div class=\"info-box gb-element-e9a9c23c\">\n<div class=\"wp-block-group is-layout-flow wp-container-core-group-is-layout-81d5c4b5 wp-block-group-is-layout-flow\">\n<div class=\"gb-element-3ee126ce\">\n<figure class=\"wp-block-image size-full\" style=\"margin-top:0;margin-bottom:0\"><img loading=\"lazy\" decoding=\"async\" width=\"2560\" height=\"558\" src=\"https:\/\/filtrontec.de\/wp-content\/uploads\/2026\/03\/amfistar-Kopie-1-scaled.jpg\" alt=\"\" class=\"wp-image-2620\" style=\"aspect-ratio:4.129310344827586;object-fit:contain\" srcset=\"https:\/\/filtrontec.de\/wp-content\/uploads\/2026\/03\/amfistar-Kopie-1-scaled.jpg 2560w, https:\/\/filtrontec.de\/wp-content\/uploads\/2026\/03\/amfistar-Kopie-1-300x65.jpg 300w, https:\/\/filtrontec.de\/wp-content\/uploads\/2026\/03\/amfistar-Kopie-1-1024x223.jpg 1024w, https:\/\/filtrontec.de\/wp-content\/uploads\/2026\/03\/amfistar-Kopie-1-768x167.jpg 768w, https:\/\/filtrontec.de\/wp-content\/uploads\/2026\/03\/amfistar-Kopie-1-1536x335.jpg 1536w, https:\/\/filtrontec.de\/wp-content\/uploads\/2026\/03\/amfistar-Kopie-1-2048x447.jpg 2048w, https:\/\/filtrontec.de\/wp-content\/uploads\/2026\/03\/amfistar-Kopie-1-18x4.jpg 18w, https:\/\/filtrontec.de\/wp-content\/uploads\/2026\/03\/amfistar-Kopie-1-800x174.jpg 800w\" sizes=\"auto, (max-width: 2560px) 100vw, 2560px\" \/><\/figure>\n\n\n\n<a class=\"button-primary gb-text-0cbe64da\" href=\"#amfista\"><span class=\"gb-shape\"><svg aria-hidden=\"true\" role=\"img\" height=\"1em\" width=\"1em\" viewbox=\"0 0 256 512\" xmlns=\"http:\/\/www.w3.org\/2000\/svg\"><path fill=\"currentColor\" d=\"M224.3 273l-136 136c-9.4 9.4-24.6 9.4-33.9 0l-22.6-22.6c-9.4-9.4-9.4-24.6 0-33.9l96.4-96.4-96.4-96.4c-9.4-9.4-9.4-24.6 0-33.9L54.3 103c9.4-9.4 24.6-9.4 33.9 0l136 136c9.5 9.4 9.5 24.6.1 34z\"><\/path><\/svg><\/span><\/a>\n<\/div>\n\n\n\n<h3 class=\"wp-block-heading\">De l'air pur pour les stations de m\u00e9tro<\/h3>\n\n\n\n<p>Une technologie de filtration puissante avec un design robuste et efficace qui s'int\u00e8gre parfaitement \u00e0 l'architecture et \u00e0 la fonctionnalit\u00e9 des stations de m\u00e9tro et des espaces publics.<\/p>\n<\/div>\n<\/div>\n<\/div>\n<\/div>\n\n\n\n<div class=\"padding-block gb-element-e6031ce7\">\n<div class=\"wp-block-cloudcatch-splide-carousel wp-block-splide-carousel__container visible-slides\"><figure class=\"wp-block-splide-carousel splide\" data-splide=\"{&quot;type&quot;:&quot;slide&quot;,&quot;perPage&quot;:1,&quot;speed&quot;:400,&quot;gap&quot;:&quot;0px&quot;,&quot;fixedWidth&quot;:&quot;&quot;,&quot;autoWidth&quot;:false,&quot;perMove&quot;:1,&quot;direction&quot;:&quot;ltr&quot;,&quot;fixedHeight&quot;:&quot;&quot;,&quot;height&quot;:&quot;&quot;,&quot;arrows&quot;:true,&quot;pagination&quot;:true,&quot;autoplay&quot;:false,&quot;interval&quot;:&quot;5000&quot;,&quot;pauseOnHover&quot;:true,&quot;mediaQuery&quot;:&quot;max&quot;,&quot;breakpoints&quot;:{}}\" data-splide-extensions=\"{&quot;autoScroll&quot;:false,&quot;urlHash&quot;:false,&quot;grid&quot;:false}\"><div class=\"wp-block-splide-carousel__track splide__track\"><div class=\"wp-block-splide-carousel__list splide__list\">\n<div class=\"wp-block-cloudcatch-splide-carousel-item wp-block-splide-carousel__slide splide__slide\">\n<div class=\"info-box gb-element-3c32f9aa\">\n<img loading=\"lazy\" decoding=\"async\" width=\"768\" height=\"768\" class=\"gb-media-228fa90e\" alt=\"\" src=\"https:\/\/filtrontec.de\/wp-content\/uploads\/2025\/09\/amficab_Lobby_Spiegel1-1-1-768x768.jpg\" title=\"amficab_lobby_miroir1-1\" srcset=\"https:\/\/filtrontec.de\/wp-content\/uploads\/2025\/09\/amficab_Lobby_Spiegel1-1-1-768x768.jpg 768w, https:\/\/filtrontec.de\/wp-content\/uploads\/2025\/09\/amficab_Lobby_Spiegel1-1-1-150x150.jpg 150w, https:\/\/filtrontec.de\/wp-content\/uploads\/2025\/09\/amficab_Lobby_Spiegel1-1-1-300x300.jpg 300w, https:\/\/filtrontec.de\/wp-content\/uploads\/2025\/09\/amficab_Lobby_Spiegel1-1-1-12x12.jpg 12w, https:\/\/filtrontec.de\/wp-content\/uploads\/2025\/09\/amficab_Lobby_Spiegel1-1-1-600x600.jpg 600w, https:\/\/filtrontec.de\/wp-content\/uploads\/2025\/09\/amficab_Lobby_Spiegel1-1-1.jpg 800w\" sizes=\"auto, (max-width: 768px) 100vw, 768px\" \/>\n\n\n\n<div class=\"wp-block-group has-global-padding is-content-justification-left is-layout-constrained wp-container-core-group-is-layout-0b710646 wp-block-group-is-layout-constrained\">\n<h3 class=\"wp-block-heading has-xxx-large-font-size\"><strong>amficab FV20<\/strong><\/h3>\n\n\n\n<h3 class=\"wp-block-heading has-xx-large-font-size\">Filtre \u00e0 air ambiant tr\u00e8s efficace \u201eMade in Germany\u201c<\/h3>\n\n\n\n<p class=\"has-lead-font-size\">L'amficab FV20 est un syst\u00e8me de purification de l'air innovant, compact et autonome qui permet de lutter efficacement contre les virus, les germes et les bact\u00e9ries dans les espaces ferm\u00e9s.<\/p>\n\n\n\n<a class=\"gb-text button-primary gb-text-175a38e1\">En savoir plus<\/a>\n<\/div>\n<\/div>\n<\/div>\n\n\n\n<div class=\"wp-block-cloudcatch-splide-carousel-item wp-block-splide-carousel__slide splide__slide\">\n<div class=\"info-box gb-element-446e3642\">\n<img loading=\"lazy\" decoding=\"async\" width=\"768\" height=\"768\" class=\"gb-media-02ec654a\" alt=\"\" src=\"https:\/\/filtrontec.de\/wp-content\/uploads\/2025\/09\/amficab_Lobby_Spiegel1-1-1-768x768.jpg\" title=\"amficab_lobby_miroir1-1\" srcset=\"https:\/\/filtrontec.de\/wp-content\/uploads\/2025\/09\/amficab_Lobby_Spiegel1-1-1-768x768.jpg 768w, https:\/\/filtrontec.de\/wp-content\/uploads\/2025\/09\/amficab_Lobby_Spiegel1-1-1-150x150.jpg 150w, https:\/\/filtrontec.de\/wp-content\/uploads\/2025\/09\/amficab_Lobby_Spiegel1-1-1-300x300.jpg 300w, https:\/\/filtrontec.de\/wp-content\/uploads\/2025\/09\/amficab_Lobby_Spiegel1-1-1-12x12.jpg 12w, https:\/\/filtrontec.de\/wp-content\/uploads\/2025\/09\/amficab_Lobby_Spiegel1-1-1-600x600.jpg 600w, https:\/\/filtrontec.de\/wp-content\/uploads\/2025\/09\/amficab_Lobby_Spiegel1-1-1.jpg 800w\" sizes=\"auto, (max-width: 768px) 100vw, 768px\" \/>\n\n\n\n<div class=\"wp-block-group has-global-padding is-layout-constrained wp-container-core-group-is-layout-e0082cf6 wp-block-group-is-layout-constrained\">\n<h3 class=\"wp-block-heading has-xx-large-font-size\"><strong>amficon<\/strong><\/h3>\n\n\n\n<h3 class=\"wp-block-heading\">de l'air propre pour les villes et les parcs<\/h3>\n\n\n\n<p>Gr\u00e2ce \u00e0 une technologie de pointe, amficon filtre les particules nocives de l'air de mani\u00e8re fiable<\/p>\n<\/div>\n<\/div>\n<\/div>\n\n\n\n<div class=\"wp-block-cloudcatch-splide-carousel-item wp-block-splide-carousel__slide splide__slide\">\n<div class=\"info-box gb-element-b5110e18\">\n<img loading=\"lazy\" decoding=\"async\" width=\"768\" height=\"768\" class=\"gb-media-29e0a40f\" alt=\"\" src=\"https:\/\/filtrontec.de\/wp-content\/uploads\/2025\/09\/amficab_Lobby_Spiegel1-1-1-768x768.jpg\" title=\"amficab_lobby_miroir1-1\" srcset=\"https:\/\/filtrontec.de\/wp-content\/uploads\/2025\/09\/amficab_Lobby_Spiegel1-1-1-768x768.jpg 768w, https:\/\/filtrontec.de\/wp-content\/uploads\/2025\/09\/amficab_Lobby_Spiegel1-1-1-150x150.jpg 150w, https:\/\/filtrontec.de\/wp-content\/uploads\/2025\/09\/amficab_Lobby_Spiegel1-1-1-300x300.jpg 300w, https:\/\/filtrontec.de\/wp-content\/uploads\/2025\/09\/amficab_Lobby_Spiegel1-1-1-12x12.jpg 12w, https:\/\/filtrontec.de\/wp-content\/uploads\/2025\/09\/amficab_Lobby_Spiegel1-1-1-600x600.jpg 600w, https:\/\/filtrontec.de\/wp-content\/uploads\/2025\/09\/amficab_Lobby_Spiegel1-1-1.jpg 800w\" sizes=\"auto, (max-width: 768px) 100vw, 768px\" \/>\n\n\n\n<div class=\"wp-block-group has-global-padding is-layout-constrained wp-container-core-group-is-layout-e0082cf6 wp-block-group-is-layout-constrained\">\n<h3 class=\"wp-block-heading has-xx-large-font-size\"><strong>amfista<\/strong><\/h3>\n\n\n\n<h3 class=\"wp-block-heading\">de l'air propre pour les stations de m\u00e9tro et de bus<\/h3>\n\n\n\n<p>Sp\u00e9cialement con\u00e7u pour les stations de m\u00e9tro, notre syst\u00e8me allie une technologie de filtration performante \u00e0 un design robuste et efficace qui s'int\u00e8gre parfaitement \u00e0 l'architecture et \u00e0 la fonctionnalit\u00e9 de vos stations.<\/p>\n<\/div>\n<\/div>\n<\/div>\n<\/div><\/div><\/figure><\/div>\n<\/div>\n\n\n\n<section class=\"gb-element-b7ece8e1\" id=\"amficab\">\n<div class=\"gb-element-55c7605b\">\n<h2 class=\"wp-block-heading\"><strong>L'amficab - un filtre \u00e0 air ambiant tr\u00e8s efficace \u201eMade in Germany\u201c<\/strong><\/h2>\n\n\n\n<p>L'amficab est un syst\u00e8me de purification de l'air innovant, compact et autonome qui permet de lutter efficacement contre les virus, les germes et les bact\u00e9ries dans les espaces ferm\u00e9s. En m\u00eame temps, l'appareil r\u00e9duit sensiblement la pollution par les poussi\u00e8res fines et contribue ainsi \u00e0 une nette am\u00e9lioration de la qualit\u00e9 de l'air respir\u00e9.<\/p>\n\n\n\n<h3 class=\"wp-block-heading\">Une innovation r\u00e9compens\u00e9e<\/h3>\n\n\n\n<p>Pour sa performance exceptionnelle, le produit a \u00e9t\u00e9 r\u00e9compens\u00e9 par le prix de l'innovation Reiner Lemoine d\u00e9cern\u00e9 par le district d'Anhalt-Bitterfeld. <\/p>\n\n\n\n<h3 class=\"wp-block-heading\">Hygi\u00e8ne de l'air int\u00e9rieur - Plus que de l'air propre \u00e0 respirer<\/h3>\n\n\n\n<p>Dans les espaces int\u00e9rieurs tr\u00e8s fr\u00e9quent\u00e9s, le risque de propagation d'agents pathog\u00e8nes par l'air ambiant augmente. Les virus et les germes transport\u00e9s dans des a\u00e9rosols, en particulier, peuvent se propager rapidement et sans que l'on s'en aper\u00e7oive dans toute la pi\u00e8ce - un danger \u00e0 prendre au s\u00e9rieux, comme l'a montr\u00e9 de mani\u00e8re impressionnante la pand\u00e9mie de SRAS-CoV-2.<\/p>\n\n\n\n<p>Une hygi\u00e8ne cibl\u00e9e de l'air int\u00e9rieur permet de lutter contre ce risque tout en garantissant un climat int\u00e9rieur plus sain :<\/p>\n\n\n\n<ul class=\"wp-block-list\">\n<li>R\u00e9duction des agents pathog\u00e8nes en suspension dans l'air gr\u00e2ce \u00e0 une d\u00e9sinfection UV-C efficace<\/li>\n\n\n\n<li>Nette r\u00e9duction de la pollution par les poussi\u00e8res fines - soulagement sensible pour les personnes allergiques<\/li>\n\n\n\n<li>Adsorption des polluants gazeux de l'air ext\u00e9rieur et int\u00e9rieur<\/li>\n\n\n\n<li>Compact - mais performant : amficab <\/li>\n<\/ul>\n\n\n\n<p>Malgr\u00e9 ses dimensions compactes, l'amficab est capable de purifier efficacement de grands volumes d'air. Il r\u00e9pond ainsi aux exigences recommand\u00e9es pour une filtration hygi\u00e9nique efficace dans les espaces int\u00e9rieurs tels que les bureaux, les \u00e9coles, les cabinets m\u00e9dicaux ou les \u00e9tablissements publics.<\/p>\n\n\n\n<p>Le c\u0153ur du syst\u00e8me est le rayonnement UV-C int\u00e9gr\u00e9 d'une longueur d'onde de 254 nm. Cette technologie permet d'\u00e9liminer de mani\u00e8re fiable 99,9 % des virus et bact\u00e9ries pr\u00e9sents dans l'air, sans aucun produit chimique, r\u00e9sidu ou odeur.<\/p>\n\n\n\n<figure class=\"wp-block-image size-full is-resized\"><img loading=\"lazy\" decoding=\"async\" width=\"2560\" height=\"704\" src=\"https:\/\/filtrontec.de\/wp-content\/uploads\/2026\/03\/amficab_logo_final-scaled.png\" alt=\"\" class=\"wp-image-2611\" style=\"aspect-ratio:3.6234289779464075;width:341px;height:auto\" srcset=\"https:\/\/filtrontec.de\/wp-content\/uploads\/2026\/03\/amficab_logo_final-scaled.png 2560w, https:\/\/filtrontec.de\/wp-content\/uploads\/2026\/03\/amficab_logo_final-300x83.png 300w, https:\/\/filtrontec.de\/wp-content\/uploads\/2026\/03\/amficab_logo_final-1024x282.png 1024w, https:\/\/filtrontec.de\/wp-content\/uploads\/2026\/03\/amficab_logo_final-768x211.png 768w, https:\/\/filtrontec.de\/wp-content\/uploads\/2026\/03\/amficab_logo_final-1536x422.png 1536w, https:\/\/filtrontec.de\/wp-content\/uploads\/2026\/03\/amficab_logo_final-2048x563.png 2048w, https:\/\/filtrontec.de\/wp-content\/uploads\/2026\/03\/amficab_logo_final-18x5.png 18w, https:\/\/filtrontec.de\/wp-content\/uploads\/2026\/03\/amficab_logo_final-800x220.png 800w\" sizes=\"auto, (max-width: 2560px) 100vw, 2560px\" \/><\/figure>\n<\/div>\n<\/section>\n\n\n\n<div class=\"gb-element-7c3758f5\" id=\"amficon\">\n<div class=\"gb-element-915e153b\">\n<h2 class=\"wp-block-heading\"><strong>L'amficon - De l'air pur pour les villes et les parcs<\/strong><\/h2>\n\n\n\n<p>\u00c0 une \u00e9poque o\u00f9 l'air propre est un bien pr\u00e9cieux, notre nouveau filtre \u00e0 air ext\u00e9rieur amficon pose de nouveaux jalons.<\/p>\n\n\n\n<p>Gr\u00e2ce \u00e0 une technologie de pointe, amficon filtre de mani\u00e8re fiable les particules nocives dans l'air. De plus, l'installation d'une technologie UV-C innovante permet \u00e9galement d'\u00e9liminer les virus et les bact\u00e9ries. Cela am\u00e9liore non seulement la qualit\u00e9 de vie des riverains, mais contribue aussi activement \u00e0 la protection de la sant\u00e9.<\/p>\n\n\n\n<p>Gr\u00e2ce \u00e0 des \u00e9lectrofiltres sophistiqu\u00e9s et \u00e0 une conception n\u00e9cessitant peu d'entretien, notre syst\u00e8me offre une solution efficace pour les villes particuli\u00e8rement pollu\u00e9es. Le conteneur compact allie ainsi fonctionnalit\u00e9, efficacit\u00e9 et durabilit\u00e9.<\/p>\n\n\n\n<figure class=\"wp-block-image size-full is-resized\"><img loading=\"lazy\" decoding=\"async\" width=\"500\" height=\"138\" src=\"https:\/\/filtrontec.de\/wp-content\/uploads\/2025\/12\/amficon_Logo.jpg\" alt=\"\" class=\"wp-image-2269\" style=\"width:333px;height:auto\" srcset=\"https:\/\/filtrontec.de\/wp-content\/uploads\/2025\/12\/amficon_Logo.jpg 500w, https:\/\/filtrontec.de\/wp-content\/uploads\/2025\/12\/amficon_Logo-300x83.jpg 300w, https:\/\/filtrontec.de\/wp-content\/uploads\/2025\/12\/amficon_Logo-18x5.jpg 18w\" sizes=\"auto, (max-width: 500px) 100vw, 500px\" \/><\/figure>\n<\/div>\n\n\n\n<div class=\"gb-element-0759b1b7\">\n<img loading=\"lazy\" decoding=\"async\" width=\"683\" height=\"1024\" class=\"gb-media-7ecf0abd\" alt=\"\" src=\"https:\/\/filtrontec.de\/wp-content\/uploads\/2025\/11\/amficon.jpg\" title=\"amficon\" srcset=\"https:\/\/filtrontec.de\/wp-content\/uploads\/2025\/11\/amficon.jpg 683w, https:\/\/filtrontec.de\/wp-content\/uploads\/2025\/11\/amficon-200x300.jpg 200w, https:\/\/filtrontec.de\/wp-content\/uploads\/2025\/11\/amficon-8x12.jpg 8w, https:\/\/filtrontec.de\/wp-content\/uploads\/2025\/11\/amficon-400x600.jpg 400w\" sizes=\"auto, (max-width: 683px) 100vw, 683px\" \/>\n<\/div>\n<\/div>\n\n\n\n<div class=\"gb-element-f60a0e05\" id=\"amfista\">\n<div class=\"gb-element-2868d84e\">\n<h2 class=\"wp-block-heading\"><strong><strong>Der amfista <strong>\u2013<\/strong><\/strong> <strong>De l'air pur pour les stations de m\u00e9tro<\/strong><\/strong><\/h2>\n\n\n\n<p>Sp\u00e9cialement con\u00e7u pour les stations de m\u00e9tro et autres lieux publics, notre syst\u00e8me associe une technologie de filtration performante \u00e0 un design robuste et efficace qui s'int\u00e8gre parfaitement \u00e0 l'architecture et \u00e0 la fonctionnalit\u00e9 de vos stations. Il \u00e9limine de mani\u00e8re fiable les poussi\u00e8res fines, les particules ultrafines et autres polluants, m\u00eame dans les environnements tr\u00e8s fr\u00e9quent\u00e9s et exigeants.<\/p>\n\n\n\n<p>Gr\u00e2ce \u00e0 notre solution innovante de purification de l'air, vous cr\u00e9ez un climat int\u00e9rieur plus agr\u00e9able et plus sain, tant pour les passagers que pour les employ\u00e9s.<\/p>\n\n\n\n<figure class=\"wp-block-image size-large is-resized\"><img loading=\"lazy\" decoding=\"async\" width=\"1024\" height=\"223\" src=\"https:\/\/filtrontec.de\/wp-content\/uploads\/2026\/03\/amfistar-Kopie-1-1024x223.jpg\" alt=\"\" class=\"wp-image-2620\" style=\"aspect-ratio:4.591938883034773;width:373px;height:auto\" srcset=\"https:\/\/filtrontec.de\/wp-content\/uploads\/2026\/03\/amfistar-Kopie-1-1024x223.jpg 1024w, https:\/\/filtrontec.de\/wp-content\/uploads\/2026\/03\/amfistar-Kopie-1-300x65.jpg 300w, https:\/\/filtrontec.de\/wp-content\/uploads\/2026\/03\/amfistar-Kopie-1-768x167.jpg 768w, https:\/\/filtrontec.de\/wp-content\/uploads\/2026\/03\/amfistar-Kopie-1-1536x335.jpg 1536w, https:\/\/filtrontec.de\/wp-content\/uploads\/2026\/03\/amfistar-Kopie-1-2048x447.jpg 2048w, https:\/\/filtrontec.de\/wp-content\/uploads\/2026\/03\/amfistar-Kopie-1-18x4.jpg 18w, https:\/\/filtrontec.de\/wp-content\/uploads\/2026\/03\/amfistar-Kopie-1-800x174.jpg 800w\" sizes=\"auto, (max-width: 1024px) 100vw, 1024px\" \/><\/figure>\n<\/div>\n\n\n\n<div class=\"gb-element-0c3d375f\">\n<img loading=\"lazy\" decoding=\"async\" width=\"1024\" height=\"768\" class=\"gb-media-9dbdc576\" alt=\"\" src=\"https:\/\/filtrontec.de\/wp-content\/uploads\/2025\/11\/amfista.jpg\" title=\"amfista\" srcset=\"https:\/\/filtrontec.de\/wp-content\/uploads\/2025\/11\/amfista.jpg 1024w, https:\/\/filtrontec.de\/wp-content\/uploads\/2025\/11\/amfista-300x225.jpg 300w, https:\/\/filtrontec.de\/wp-content\/uploads\/2025\/11\/amfista-768x576.jpg 768w, https:\/\/filtrontec.de\/wp-content\/uploads\/2025\/11\/amfista-16x12.jpg 16w, https:\/\/filtrontec.de\/wp-content\/uploads\/2025\/11\/amfista-800x600.jpg 800w\" sizes=\"auto, (max-width: 1024px) 100vw, 1024px\" \/>\n<\/div>\n<\/div>","protected":false},"excerpt":{"rendered":"<p>Des solutions de filtration innovantes pour un air pur<\/p>","protected":false},"author":3,"featured_media":1000,"parent":0,"menu_order":0,"comment_status":"closed","ping_status":"closed","template":"","meta":{"_acf_changed":false,"inline_featured_image":false,"footnotes":"[]"},"class_list":["post-2026","page","type-page","status-publish","has-post-thumbnail","hentry"],"acf":[],"_links":{"self":[{"href":"https:\/\/filtrontec.de\/fr\/wp-json\/wp\/v2\/pages\/2026","targetHints":{"allow":["GET"]}}],"collection":[{"href":"https:\/\/filtrontec.de\/fr\/wp-json\/wp\/v2\/pages"}],"about":[{"href":"https:\/\/filtrontec.de\/fr\/wp-json\/wp\/v2\/types\/page"}],"author":[{"embeddable":true,"href":"https:\/\/filtrontec.de\/fr\/wp-json\/wp\/v2\/users\/3"}],"replies":[{"embeddable":true,"href":"https:\/\/filtrontec.de\/fr\/wp-json\/wp\/v2\/comments?post=2026"}],"version-history":[{"count":10,"href":"https:\/\/filtrontec.de\/fr\/wp-json\/wp\/v2\/pages\/2026\/revisions"}],"predecessor-version":[{"id":2625,"href":"https:\/\/filtrontec.de\/fr\/wp-json\/wp\/v2\/pages\/2026\/revisions\/2625"}],"wp:featuredmedia":[{"embeddable":true,"href":"https:\/\/filtrontec.de\/fr\/wp-json\/wp\/v2\/media\/1000"}],"wp:attachment":[{"href":"https:\/\/filtrontec.de\/fr\/wp-json\/wp\/v2\/media?parent=2026"}],"curies":[{"name":"wp","href":"https:\/\/api.w.org\/{rel}","templated":true}]}}