{"id":2285,"date":"2025-12-18T10:48:39","date_gmt":"2025-12-18T09:48:39","guid":{"rendered":"https:\/\/staging.filtrontec.de\/?page_id=2285"},"modified":"2026-04-02T11:54:50","modified_gmt":"2026-04-02T09:54:50","slug":"frais-dexploitation","status":"publish","type":"page","link":"https:\/\/filtrontec.de\/fr\/betriebskosten\/","title":{"rendered":"Co\u00fbts d\u00b4exploitation"},"content":{"rendered":"<div class=\"gb-element-4a154f1c alignfull hero-gradient\">\n<img loading=\"lazy\" decoding=\"async\" width=\"2528\" height=\"1524\" data-media-id=\"2631\" class=\"gb-media-d5fd787a\" alt=\"\" src=\"https:\/\/filtrontec.de\/wp-content\/uploads\/2026\/03\/48a45abc-42c8-4a96-aa07-7c067e3ddc84.png\" srcset=\"https:\/\/filtrontec.de\/wp-content\/uploads\/2026\/03\/48a45abc-42c8-4a96-aa07-7c067e3ddc84.png 2528w, https:\/\/filtrontec.de\/wp-content\/uploads\/2026\/03\/48a45abc-42c8-4a96-aa07-7c067e3ddc84-300x181.png 300w, https:\/\/filtrontec.de\/wp-content\/uploads\/2026\/03\/48a45abc-42c8-4a96-aa07-7c067e3ddc84-1024x617.png 1024w, https:\/\/filtrontec.de\/wp-content\/uploads\/2026\/03\/48a45abc-42c8-4a96-aa07-7c067e3ddc84-768x463.png 768w, https:\/\/filtrontec.de\/wp-content\/uploads\/2026\/03\/48a45abc-42c8-4a96-aa07-7c067e3ddc84-1536x926.png 1536w, https:\/\/filtrontec.de\/wp-content\/uploads\/2026\/03\/48a45abc-42c8-4a96-aa07-7c067e3ddc84-2048x1235.png 2048w, https:\/\/filtrontec.de\/wp-content\/uploads\/2026\/03\/48a45abc-42c8-4a96-aa07-7c067e3ddc84-18x12.png 18w, https:\/\/filtrontec.de\/wp-content\/uploads\/2026\/03\/48a45abc-42c8-4a96-aa07-7c067e3ddc84-800x482.png 800w\" sizes=\"auto, (max-width: 2528px) 100vw, 2528px\" \/>\n\n\n\n<div class=\"gb-element-36d737ce\">\n<h1 class=\"gb-text gb-text-93025f2c\">Co\u00fbts d\u00b4exploitation<\/h1>\n\n\n\n<p class=\"gb-text gb-text-8cdf2734\"><\/p>\n<\/div>\n<\/div>\n\n\n\n<div class=\"wp-block-group has-global-padding is-layout-constrained wp-block-group-is-layout-constrained\">\n<div class=\"gb-element-bf149795\">\n<div class=\"wp-block-columns alignfull is-layout-flex wp-container-core-columns-is-layout-4568b588 wp-block-columns-is-layout-flex\" style=\"padding-top:var(--wp--preset--spacing--60);padding-bottom:var(--wp--preset--spacing--60)\">\n<div class=\"wp-block-column is-layout-flow wp-block-column-is-layout-flow\" style=\"flex-basis:66.66%\">\n<div class=\"info-box gb-element-26140b0f\" id=\"betriebskosten\">\n<div class=\"wp-block-group is-layout-flow wp-block-group-is-layout-flow\">\n<div class=\"wp-block-group is-vertical is-layout-flex wp-container-core-group-is-layout-fb90766e wp-block-group-is-layout-flex\" style=\"margin-bottom:var(--wp--preset--spacing--20)\">\n<div class=\"gb-element-a3ceddc8\">\n<p class=\"gb-text\"><a href=\"https:\/\/filtrontec.de\/fr\/installations-de-filtration-dair-pour-tunnels-routiers\/\" data-type=\"page\" data-id=\"180\">Filtres \u00e0 air pour tunnels routiers<\/a><\/p>\n\n\n\n<span class=\"gb-shape gb-shape-b5919c23\"><svg xmlns=\"http:\/\/www.w3.org\/2000\/svg\" viewbox=\"0 0 256 512\" width=\"1em\" height=\"1em\" aria-hidden=\"true\"><path d=\"M224.3 273l-136 136c-9.4 9.4-24.6 9.4-33.9 0l-22.6-22.6c-9.4-9.4-9.4-24.6 0-33.9l96.4-96.4-96.4-96.4c-9.4-9.4-9.4-24.6 0-33.9L54.3 103c9.4-9.4 24.6-9.4 33.9 0l136 136c9.5 9.4 9.5 24.6.1 34z\" fill=\"currentColor\"><\/path><\/svg><\/span>\n\n\n\n<p class=\"gb-text\">Co\u00fbts d\u00b4exploitation <\/p>\n<\/div>\n\n\n\n<h1 class=\"wp-block-heading has-text-align-left has-xx-large-font-size\" style=\"margin-top:0;margin-bottom:0\">Co\u00fbts d\u00b4exploitation<\/h1>\n<\/div>\n\n\n\n<p class=\"has-text-align-left has-lead-font-size\">Les syst\u00e8mes de filtration de poussi\u00e8res fines et de gaz de FILTRONtec se distinguent par une consommation d'\u00e9nergie et d'eau particuli\u00e8rement faible. Leur conception efficace garantit que le fonctionnement et l\u2019entretien sont extr\u00eamement \u00e9conomiques.<\/p>\n<\/div>\n\n\n\n<div>\n<p class=\"has-lead-font-size\" style=\"padding-top:0;padding-bottom:0\"><strong>Les principales raisons de cette grande efficacit\u00e9 :<\/strong><\/p>\n\n\n\n<div class=\"wp-block-group is-layout-flow wp-block-group-is-layout-flow\">\n<img decoding=\"async\" class=\"gb-media-2cf152e2\" alt=\"\" title=\"4e5ed22e-4535-4f7b-bcb4-e3dcd7895a30\" src=\"https:\/\/filtrontec.de\/wp-content\/uploads\/2026\/04\/4e5ed22e-4535-4f7b-bcb4-e3dcd7895a30-300x300.jpg\"\/>\n\n\n\n<h3 class=\"wp-block-heading\">Faible consommation d'\u00e9nergie<\/h3>\n\n\n\n<p>Les particules de poussi\u00e8re fine sont s\u00e9par\u00e9es dans un champ \u00e9lectrostatique. Un courant minimal de quelques milliamp\u00e8res circule alors.<\/p>\n\n\n\n<img loading=\"lazy\" decoding=\"async\" width=\"2560\" height=\"2560\" class=\"gb-media-1a2ab4da\" alt=\"\" title=\"cb97bbf4-29d2-4174-be85-fa7cf67f3cd3\" src=\"https:\/\/filtrontec.de\/wp-content\/uploads\/2026\/04\/cb97bbf4-29d2-4174-be85-fa7cf67f3cd3-scaled.jpg\" srcset=\"https:\/\/filtrontec.de\/wp-content\/uploads\/2026\/04\/cb97bbf4-29d2-4174-be85-fa7cf67f3cd3-scaled.jpg 2560w, https:\/\/filtrontec.de\/wp-content\/uploads\/2026\/04\/cb97bbf4-29d2-4174-be85-fa7cf67f3cd3-300x300.jpg 300w, https:\/\/filtrontec.de\/wp-content\/uploads\/2026\/04\/cb97bbf4-29d2-4174-be85-fa7cf67f3cd3-1024x1024.jpg 1024w, https:\/\/filtrontec.de\/wp-content\/uploads\/2026\/04\/cb97bbf4-29d2-4174-be85-fa7cf67f3cd3-150x150.jpg 150w, https:\/\/filtrontec.de\/wp-content\/uploads\/2026\/04\/cb97bbf4-29d2-4174-be85-fa7cf67f3cd3-768x768.jpg 768w, https:\/\/filtrontec.de\/wp-content\/uploads\/2026\/04\/cb97bbf4-29d2-4174-be85-fa7cf67f3cd3-1536x1536.jpg 1536w, https:\/\/filtrontec.de\/wp-content\/uploads\/2026\/04\/cb97bbf4-29d2-4174-be85-fa7cf67f3cd3-2048x2048.jpg 2048w, https:\/\/filtrontec.de\/wp-content\/uploads\/2026\/04\/cb97bbf4-29d2-4174-be85-fa7cf67f3cd3-12x12.jpg 12w, https:\/\/filtrontec.de\/wp-content\/uploads\/2026\/04\/cb97bbf4-29d2-4174-be85-fa7cf67f3cd3-600x600.jpg 600w\" sizes=\"auto, (max-width: 2560px) 100vw, 2560px\" \/>\n\n\n\n<h3 class=\"wp-block-heading\">Temps de fonctionnement courts des unit\u00e9s auxiliaires<\/h3>\n\n\n\n<p>Les composants tels que les pompes, les vannes ou le compresseur d'air ne sont actifs que pendant de courtes p\u00e9riodes chaque jour.<\/p>\n\n\n\n<img loading=\"lazy\" decoding=\"async\" width=\"2560\" height=\"2560\" class=\"gb-media-88812dd1\" alt=\"\" title=\"3e298e52-48d1-4834-9baf-02456d7fac41\" src=\"https:\/\/filtrontec.de\/wp-content\/uploads\/2026\/04\/3e298e52-48d1-4834-9baf-02456d7fac41-scaled.jpg\" srcset=\"https:\/\/filtrontec.de\/wp-content\/uploads\/2026\/04\/3e298e52-48d1-4834-9baf-02456d7fac41-scaled.jpg 2560w, https:\/\/filtrontec.de\/wp-content\/uploads\/2026\/04\/3e298e52-48d1-4834-9baf-02456d7fac41-300x300.jpg 300w, https:\/\/filtrontec.de\/wp-content\/uploads\/2026\/04\/3e298e52-48d1-4834-9baf-02456d7fac41-1024x1024.jpg 1024w, https:\/\/filtrontec.de\/wp-content\/uploads\/2026\/04\/3e298e52-48d1-4834-9baf-02456d7fac41-150x150.jpg 150w, https:\/\/filtrontec.de\/wp-content\/uploads\/2026\/04\/3e298e52-48d1-4834-9baf-02456d7fac41-768x768.jpg 768w, https:\/\/filtrontec.de\/wp-content\/uploads\/2026\/04\/3e298e52-48d1-4834-9baf-02456d7fac41-1536x1536.jpg 1536w, https:\/\/filtrontec.de\/wp-content\/uploads\/2026\/04\/3e298e52-48d1-4834-9baf-02456d7fac41-2048x2048.jpg 2048w, https:\/\/filtrontec.de\/wp-content\/uploads\/2026\/04\/3e298e52-48d1-4834-9baf-02456d7fac41-12x12.jpg 12w, https:\/\/filtrontec.de\/wp-content\/uploads\/2026\/04\/3e298e52-48d1-4834-9baf-02456d7fac41-600x600.jpg 600w\" sizes=\"auto, (max-width: 2560px) 100vw, 2560px\" \/>\n\n\n\n<h3 class=\"wp-block-heading\">Traitement et r\u00e9utilisation de l'eau :<\/h3>\n\n\n\n<p>L'eau utilis\u00e9e pour nettoyer l'\u00e9lectrofiltre est trait\u00e9e apr\u00e8s le processus de lavage et r\u00e9utilis\u00e9e \u00e0 90 %. Seules les petites pertes dues \u00e0 l'\u00e9vaporation ou \u00e0 l'humidit\u00e9 r\u00e9siduelle dans le filtrat doivent \u00eatre compens\u00e9es.<\/p>\n\n\n\n<img loading=\"lazy\" decoding=\"async\" width=\"2560\" height=\"2560\" class=\"gb-media-1f3ebe1c\" alt=\"\" title=\"36bb4523-e7df-48c8-9b42-4d8f4f7c4a25\" src=\"https:\/\/filtrontec.de\/wp-content\/uploads\/2026\/04\/36bb4523-e7df-48c8-9b42-4d8f4f7c4a25-scaled.jpg\" srcset=\"https:\/\/filtrontec.de\/wp-content\/uploads\/2026\/04\/36bb4523-e7df-48c8-9b42-4d8f4f7c4a25-scaled.jpg 2560w, https:\/\/filtrontec.de\/wp-content\/uploads\/2026\/04\/36bb4523-e7df-48c8-9b42-4d8f4f7c4a25-300x300.jpg 300w, https:\/\/filtrontec.de\/wp-content\/uploads\/2026\/04\/36bb4523-e7df-48c8-9b42-4d8f4f7c4a25-1024x1024.jpg 1024w, https:\/\/filtrontec.de\/wp-content\/uploads\/2026\/04\/36bb4523-e7df-48c8-9b42-4d8f4f7c4a25-150x150.jpg 150w, https:\/\/filtrontec.de\/wp-content\/uploads\/2026\/04\/36bb4523-e7df-48c8-9b42-4d8f4f7c4a25-768x768.jpg 768w, https:\/\/filtrontec.de\/wp-content\/uploads\/2026\/04\/36bb4523-e7df-48c8-9b42-4d8f4f7c4a25-1536x1536.jpg 1536w, https:\/\/filtrontec.de\/wp-content\/uploads\/2026\/04\/36bb4523-e7df-48c8-9b42-4d8f4f7c4a25-2048x2048.jpg 2048w, https:\/\/filtrontec.de\/wp-content\/uploads\/2026\/04\/36bb4523-e7df-48c8-9b42-4d8f4f7c4a25-12x12.jpg 12w, https:\/\/filtrontec.de\/wp-content\/uploads\/2026\/04\/36bb4523-e7df-48c8-9b42-4d8f4f7c4a25-600x600.jpg 600w\" sizes=\"auto, (max-width: 2560px) 100vw, 2560px\" \/>\n\n\n\n<h3 class=\"wp-block-heading\">Faible perte de pression<\/h3>\n\n\n\n<p>La perte de pression du filtre \u00e0 poussi\u00e8res fines FILTRONtec n'est que d'environ 50 Pa, celle du filtre \u00e0 charbon actif d'environ 400 Pa - un facteur d\u00e9cisif pour un fonctionnement efficace sur le plan \u00e9nerg\u00e9tique. Contrairement aux filtres en tissu, les pertes de pression ne changent pas au cours de la dur\u00e9e de fonctionnement.<\/p>\n\n\n\n<img loading=\"lazy\" decoding=\"async\" width=\"2560\" height=\"1440\" class=\"gb-media-e3c8e198\" alt=\"\" title=\"Gemini_Generated_Image_oml377oml377oml3\" src=\"https:\/\/filtrontec.de\/wp-content\/uploads\/2026\/04\/Gemini_Generated_Image_oml377oml377oml3-scaled.png\" srcset=\"https:\/\/filtrontec.de\/wp-content\/uploads\/2026\/04\/Gemini_Generated_Image_oml377oml377oml3-scaled.png 2560w, https:\/\/filtrontec.de\/wp-content\/uploads\/2026\/04\/Gemini_Generated_Image_oml377oml377oml3-300x169.png 300w, https:\/\/filtrontec.de\/wp-content\/uploads\/2026\/04\/Gemini_Generated_Image_oml377oml377oml3-1024x576.png 1024w, https:\/\/filtrontec.de\/wp-content\/uploads\/2026\/04\/Gemini_Generated_Image_oml377oml377oml3-768x432.png 768w, https:\/\/filtrontec.de\/wp-content\/uploads\/2026\/04\/Gemini_Generated_Image_oml377oml377oml3-1536x864.png 1536w, https:\/\/filtrontec.de\/wp-content\/uploads\/2026\/04\/Gemini_Generated_Image_oml377oml377oml3-2048x1152.png 2048w, https:\/\/filtrontec.de\/wp-content\/uploads\/2026\/04\/Gemini_Generated_Image_oml377oml377oml3-18x10.png 18w, https:\/\/filtrontec.de\/wp-content\/uploads\/2026\/04\/Gemini_Generated_Image_oml377oml377oml3-800x450.png 800w\" sizes=\"auto, (max-width: 2560px) 100vw, 2560px\" \/>\n\n\n\n<h3 class=\"wp-block-heading\">Faible vitesse d'\u00e9vacuation de l'air<\/h3>\n\n\n\n<p>L'air purifi\u00e9 est expuls\u00e9 \u00e0 une faible vitesse de seulement 5 m\/s environ. En comparaison, dans les syst\u00e8mes sans filtration, l'air doit \u00eatre expuls\u00e9 \u00e0 une vitesse pouvant atteindre 20 m\/s, ce qui n\u00e9cessite beaucoup plus d'\u00e9nergie pour le fonctionnement du ventilateur.<\/p>\n\n\n\n<p>Gr\u00e2ce \u00e0 ces caract\u00e9ristiques, les syst\u00e8mes de filtration de FILTRONtec sont non seulement efficaces, mais aussi particuli\u00e8rement respectueux des ressources et rentables.<\/p>\n<\/div>\n<\/div>\n<\/div>\n<\/div>\n\n\n\n<div class=\"wp-block-column is-layout-flow wp-block-column-is-layout-flow\" style=\"flex-basis:33.33%\">\n<div class=\"gb-element-d9360347 alignfull\">\n<div class=\"gb-element-97c70616\">\n<h3 class=\"gb-text gb-text-f87a34f4\"><strong>Fonction et structure<\/strong><\/h3>\n\n\n\n<a class=\"button-primary gb-text-e706fe10\" href=\"https:\/\/filtrontec.de\/fr\/construction-dun-filtre-a-air\/\"><span class=\"gb-shape\"><svg aria-hidden=\"true\" role=\"img\" height=\"1em\" width=\"1em\" viewbox=\"0 0 256 512\" xmlns=\"http:\/\/www.w3.org\/2000\/svg\"><path fill=\"currentColor\" d=\"M224.3 273l-136 136c-9.4 9.4-24.6 9.4-33.9 0l-22.6-22.6c-9.4-9.4-9.4-24.6 0-33.9l96.4-96.4-96.4-96.4c-9.4-9.4-9.4-24.6 0-33.9L54.3 103c9.4-9.4 24.6-9.4 33.9 0l136 136c9.5 9.4 9.5 24.6.1 34z\"><\/path><\/svg><\/span><\/a>\n<\/div>\n\n\n\n<div class=\"gb-element-4df433fe\">\n<h3 class=\"gb-text gb-text-9c77daed\"><strong><strong>Op\u00e9ration, maintenance et conservation<\/strong><\/strong><\/h3>\n\n\n\n<a class=\"button-primary gb-text-5ad97684\" href=\"https:\/\/filtrontec.de\/fr\/exploitation-maintenance-entretien\/\"><span class=\"gb-shape\"><svg aria-hidden=\"true\" role=\"img\" height=\"1em\" width=\"1em\" viewbox=\"0 0 256 512\" xmlns=\"http:\/\/www.w3.org\/2000\/svg\"><path fill=\"currentColor\" d=\"M224.3 273l-136 136c-9.4 9.4-24.6 9.4-33.9 0l-22.6-22.6c-9.4-9.4-9.4-24.6 0-33.9l96.4-96.4-96.4-96.4c-9.4-9.4-9.4-24.6 0-33.9L54.3 103c9.4-9.4 24.6-9.4 33.9 0l136 136c9.5 9.4 9.5 24.6.1 34z\"><\/path><\/svg><\/span><\/a>\n<\/div>\n\n\n\n<div class=\"gb-element-f3cc054f\">\n<h3 class=\"gb-text gb-text-ca7651f8\"><strong><strong>Exemples d'installation<\/strong><\/strong><\/h3>\n\n\n\n<a class=\"button-primary gb-text-49cb75f2\" href=\"https:\/\/filtrontec.de\/fr\/exemples-dinstallation\/\"><span class=\"gb-shape\"><svg aria-hidden=\"true\" role=\"img\" height=\"1em\" width=\"1em\" viewbox=\"0 0 256 512\" xmlns=\"http:\/\/www.w3.org\/2000\/svg\"><path fill=\"currentColor\" d=\"M224.3 273l-136 136c-9.4 9.4-24.6 9.4-33.9 0l-22.6-22.6c-9.4-9.4-9.4-24.6 0-33.9l96.4-96.4-96.4-96.4c-9.4-9.4-9.4-24.6 0-33.9L54.3 103c9.4-9.4 24.6-9.4 33.9 0l136 136c9.5 9.4 9.5 24.6.1 34z\"><\/path><\/svg><\/span><\/a>\n<\/div>\n<\/div>\n<\/div>\n<\/div>\n<\/div>\n<\/div>","protected":false},"excerpt":{"rendered":"","protected":false},"author":3,"featured_media":2631,"parent":0,"menu_order":0,"comment_status":"closed","ping_status":"closed","template":"","meta":{"_acf_changed":false,"inline_featured_image":false,"footnotes":""},"class_list":["post-2285","page","type-page","status-publish","has-post-thumbnail","hentry"],"acf":[],"_links":{"self":[{"href":"https:\/\/filtrontec.de\/fr\/wp-json\/wp\/v2\/pages\/2285","targetHints":{"allow":["GET"]}}],"collection":[{"href":"https:\/\/filtrontec.de\/fr\/wp-json\/wp\/v2\/pages"}],"about":[{"href":"https:\/\/filtrontec.de\/fr\/wp-json\/wp\/v2\/types\/page"}],"author":[{"embeddable":true,"href":"https:\/\/filtrontec.de\/fr\/wp-json\/wp\/v2\/users\/3"}],"replies":[{"embeddable":true,"href":"https:\/\/filtrontec.de\/fr\/wp-json\/wp\/v2\/comments?post=2285"}],"version-history":[{"count":2,"href":"https:\/\/filtrontec.de\/fr\/wp-json\/wp\/v2\/pages\/2285\/revisions"}],"predecessor-version":[{"id":2654,"href":"https:\/\/filtrontec.de\/fr\/wp-json\/wp\/v2\/pages\/2285\/revisions\/2654"}],"wp:featuredmedia":[{"embeddable":true,"href":"https:\/\/filtrontec.de\/fr\/wp-json\/wp\/v2\/media\/2631"}],"wp:attachment":[{"href":"https:\/\/filtrontec.de\/fr\/wp-json\/wp\/v2\/media?parent=2285"}],"curies":[{"name":"wp","href":"https:\/\/api.w.org\/{rel}","templated":true}]}}