{"id":2289,"date":"2025-12-18T10:49:50","date_gmt":"2025-12-18T09:49:50","guid":{"rendered":"https:\/\/staging.filtrontec.de\/?page_id=2289"},"modified":"2026-03-17T13:49:11","modified_gmt":"2026-03-17T12:49:11","slug":"exemples-dinstallation","status":"publish","type":"page","link":"https:\/\/filtrontec.de\/fr\/einbaubeispiele\/","title":{"rendered":"Exemples d'installation"},"content":{"rendered":"<div class=\"gb-element-4a154f1c alignfull hero-gradient\">\n<img loading=\"lazy\" decoding=\"async\" width=\"2048\" height=\"1532\" data-media-id=\"2304\" class=\"gb-media-d5fd787a\" alt=\"\" src=\"https:\/\/filtrontec.de\/wp-content\/uploads\/2025\/12\/20230414_MNMC_01.jpg\" srcset=\"https:\/\/filtrontec.de\/wp-content\/uploads\/2025\/12\/20230414_MNMC_01.jpg 2048w, https:\/\/filtrontec.de\/wp-content\/uploads\/2025\/12\/20230414_MNMC_01-300x224.jpg 300w, https:\/\/filtrontec.de\/wp-content\/uploads\/2025\/12\/20230414_MNMC_01-1024x766.jpg 1024w, https:\/\/filtrontec.de\/wp-content\/uploads\/2025\/12\/20230414_MNMC_01-768x575.jpg 768w, https:\/\/filtrontec.de\/wp-content\/uploads\/2025\/12\/20230414_MNMC_01-1536x1149.jpg 1536w, https:\/\/filtrontec.de\/wp-content\/uploads\/2025\/12\/20230414_MNMC_01-16x12.jpg 16w, https:\/\/filtrontec.de\/wp-content\/uploads\/2025\/12\/20230414_MNMC_01-800x598.jpg 800w\" sizes=\"auto, (max-width: 2048px) 100vw, 2048px\" \/>\n\n\n\n<div class=\"gb-element-36d737ce\">\n<h1 class=\"gb-text gb-text-93025f2c\">Exemples d'installation<\/h1>\n\n\n\n<p class=\"gb-text gb-text-8cdf2734\"><\/p>\n<\/div>\n<\/div>\n\n\n\n<div class=\"wp-block-group has-global-padding is-layout-constrained wp-block-group-is-layout-constrained\">\n<div class=\"gb-element-bf149795\">\n<div class=\"wp-block-columns alignfull is-layout-flex wp-container-core-columns-is-layout-4568b588 wp-block-columns-is-layout-flex\" style=\"padding-top:var(--wp--preset--spacing--60);padding-bottom:var(--wp--preset--spacing--60)\">\n<div class=\"wp-block-column is-layout-flow wp-block-column-is-layout-flow\" style=\"flex-basis:66.66%\">\n<div class=\"info-box gb-element-afbf76d5\" id=\"einbaubeispiele\">\n<div class=\"wp-block-group is-layout-flow wp-block-group-is-layout-flow\">\n<div class=\"wp-block-group alignwide is-vertical is-layout-flex wp-container-core-group-is-layout-c35747d5 wp-block-group-is-layout-flex\">\n<div class=\"gb-element-a3ceddc8\">\n<p class=\"gb-text\"><a href=\"https:\/\/filtrontec.de\/fr\/installations-de-filtration-dair-pour-tunnels-routiers\/\" data-type=\"page\" data-id=\"180\">Filtres \u00e0 air pour tunnels routiers<\/a><\/p>\n\n\n\n<span class=\"gb-shape gb-shape-b5919c23\"><svg aria-hidden=\"true\" height=\"1em\" width=\"1em\" viewbox=\"0 0 256 512\" xmlns=\"http:\/\/www.w3.org\/2000\/svg\"><path fill=\"currentColor\" d=\"M224.3 273l-136 136c-9.4 9.4-24.6 9.4-33.9 0l-22.6-22.6c-9.4-9.4-9.4-24.6 0-33.9l96.4-96.4-96.4-96.4c-9.4-9.4-9.4-24.6 0-33.9L54.3 103c9.4-9.4 24.6-9.4 33.9 0l136 136c9.5 9.4 9.5 24.6.1 34z\"><\/path><\/svg><\/span>\n\n\n\n<p class=\"gb-text\">Exemples d'installation <\/p>\n<\/div>\n\n\n\n<h1 class=\"wp-block-heading alignwide has-text-align-left has-xx-large-font-size\" style=\"padding-bottom:var(--wp--preset--spacing--20)\">Exemple de construction de filtres \u00e0 air dans les tunnels urbains<\/h1>\n<\/div>\n\n\n\n<p class=\"has-text-align-left has-lead-font-size\">L'installation de filtres \u00e0 air dans les tunnels routiers d\u00e9pend fortement des conditions locales. Qu'il s'agisse d'une d\u00e9rivation dans un local annexe du tunnel, dans le plafond du tunnel ou dans un b\u00e2timent s\u00e9par\u00e9, FILTRONtec est \u00e0 vos c\u00f4t\u00e9s lors de la planification afin de trouver la meilleure solution technique et \u00e9conomique pour votre cas d'application.<\/p>\n<\/div>\n\n\n\n<div class=\"gb-element-8c4d7bc6\">\n<div>\n<h3 class=\"wp-block-heading\">Montage en mode Bypass<\/h3>\n\n\n\n<p>Dans cette variante, l'installation de filtrage est install\u00e9e dans un local \u00e0 c\u00f4t\u00e9 de la voie de circulation. L'air contamin\u00e9 du tunnel est aspir\u00e9 par des ouvertures lat\u00e9rales dans la paroi du tunnel, qui sont prot\u00e9g\u00e9es par des grilles. Une fois filtr\u00e9, l'air purifi\u00e9 est soit renvoy\u00e9 dans la zone de la chauss\u00e9e, soit \u00e9vacu\u00e9 vers l'ext\u00e9rieur.<\/p>\n<\/div>\n\n\n\n<figure class=\"gb-element-622656ab\">\n<figure data-wp-context=\"{&quot;imageId&quot;:&quot;69d4e0bb3839c&quot;}\" data-wp-interactive=\"core\/image\" data-wp-key=\"69d4e0bb3839c\" class=\"wp-block-image size-full wp-lightbox-container\" style=\"margin-top:0;margin-right:0;margin-bottom:0;margin-left:0\"><img loading=\"lazy\" decoding=\"async\" width=\"726\" height=\"430\" data-wp-class--hide=\"state.isContentHidden\" data-wp-class--show=\"state.isContentVisible\" data-wp-init=\"callbacks.setButtonStyles\" data-wp-on--click=\"actions.showLightbox\" data-wp-on--load=\"callbacks.setButtonStyles\" data-wp-on-window--resize=\"callbacks.setButtonStyles\" src=\"https:\/\/filtrontec.de\/wp-content\/uploads\/2025\/10\/bypass.png\" alt=\"\" class=\"wp-image-1464\" srcset=\"https:\/\/filtrontec.de\/wp-content\/uploads\/2025\/10\/bypass.png 726w, https:\/\/filtrontec.de\/wp-content\/uploads\/2025\/10\/bypass-300x178.png 300w, https:\/\/filtrontec.de\/wp-content\/uploads\/2025\/10\/bypass-18x12.png 18w\" sizes=\"auto, (max-width: 726px) 100vw, 726px\" \/><button\n\t\t\tclass=\"lightbox-trigger\"\n\t\t\ttype=\"button\"\n\t\t\taria-haspopup=\"dialog\"\n\t\t\taria-label=\"Agrandir\"\n\t\t\tdata-wp-init=\"callbacks.initTriggerButton\"\n\t\t\tdata-wp-on--click=\"actions.showLightbox\"\n\t\t\tdata-wp-style--right=\"state.imageButtonRight\"\n\t\t\tdata-wp-style--top=\"state.imageButtonTop\"\n\t\t>\n\t\t\t<svg xmlns=\"http:\/\/www.w3.org\/2000\/svg\" width=\"12\" height=\"12\" fill=\"none\" viewbox=\"0 0 12 12\">\n\t\t\t\t<path fill=\"#fff\" d=\"M2 0a2 2 0 0 0-2 2v2h1.5V2a.5.5 0 0 1 .5-.5h2V0H2Zm2 10.5H2a.5.5 0 0 1-.5-.5V8H0v2a2 2 0 0 0 2 2h2v-1.5ZM8 12v-1.5h2a.5.5 0 0 0 .5-.5V8H12v2a2 2 0 0 1-2 2H8Zm2-12a2 2 0 0 1 2 2v2h-1.5V2a.5.5 0 0 0-.5-.5H8V0h2Z\" \/>\n\t\t\t<\/svg>\n\t\t<\/button><\/figure>\n\n\n\n<figcaption class=\"gb-text figcaption gb-text-2be85531\">Montage en mode Bypass<\/figcaption>\n<\/figure>\n<\/div>\n\n\n\n<div class=\"gb-element-3b7cb2e4\">\n<div>\n<h3 class=\"wp-block-heading\">Montage en plafond<\/h3>\n\n\n\n<p>Dans le cas d'une installation au plafond, les filtres se trouvent sur un faux plafond dans la partie sup\u00e9rieure du tube du tunnel. L'air pollu\u00e9 est aspir\u00e9 vers le haut, filtr\u00e9 et ensuite rejet\u00e9 dans la zone de circulation ou \u00e0 l'ext\u00e9rieur dans l'environnement. Cette variante est particuli\u00e8rement adapt\u00e9e aux tunnels de section circulaire ou ovale.<\/p>\n<\/div>\n\n\n\n<figure class=\"gb-element-f060e232\">\n<figure data-wp-context=\"{&quot;imageId&quot;:&quot;69d4e0bb38d4c&quot;}\" data-wp-interactive=\"core\/image\" data-wp-key=\"69d4e0bb38d4c\" class=\"wp-block-image size-full wp-lightbox-container\" style=\"margin-top:0;margin-right:0;margin-bottom:0;margin-left:0\"><img loading=\"lazy\" decoding=\"async\" width=\"726\" height=\"430\" data-wp-class--hide=\"state.isContentHidden\" data-wp-class--show=\"state.isContentVisible\" data-wp-init=\"callbacks.setButtonStyles\" data-wp-on--click=\"actions.showLightbox\" data-wp-on--load=\"callbacks.setButtonStyles\" data-wp-on-window--resize=\"callbacks.setButtonStyles\" src=\"https:\/\/filtrontec.de\/wp-content\/uploads\/2025\/10\/deckeneinbau.png\" alt=\"\" class=\"wp-image-1465\" srcset=\"https:\/\/filtrontec.de\/wp-content\/uploads\/2025\/10\/deckeneinbau.png 726w, https:\/\/filtrontec.de\/wp-content\/uploads\/2025\/10\/deckeneinbau-300x178.png 300w, https:\/\/filtrontec.de\/wp-content\/uploads\/2025\/10\/deckeneinbau-18x12.png 18w\" sizes=\"auto, (max-width: 726px) 100vw, 726px\" \/><button\n\t\t\tclass=\"lightbox-trigger\"\n\t\t\ttype=\"button\"\n\t\t\taria-haspopup=\"dialog\"\n\t\t\taria-label=\"Agrandir\"\n\t\t\tdata-wp-init=\"callbacks.initTriggerButton\"\n\t\t\tdata-wp-on--click=\"actions.showLightbox\"\n\t\t\tdata-wp-style--right=\"state.imageButtonRight\"\n\t\t\tdata-wp-style--top=\"state.imageButtonTop\"\n\t\t>\n\t\t\t<svg xmlns=\"http:\/\/www.w3.org\/2000\/svg\" width=\"12\" height=\"12\" fill=\"none\" viewbox=\"0 0 12 12\">\n\t\t\t\t<path fill=\"#fff\" d=\"M2 0a2 2 0 0 0-2 2v2h1.5V2a.5.5 0 0 1 .5-.5h2V0H2Zm2 10.5H2a.5.5 0 0 1-.5-.5V8H0v2a2 2 0 0 0 2 2h2v-1.5ZM8 12v-1.5h2a.5.5 0 0 0 .5-.5V8H12v2a2 2 0 0 1-2 2H8Zm2-12a2 2 0 0 1 2 2v2h-1.5V2a.5.5 0 0 0-.5-.5H8V0h2Z\" \/>\n\t\t\t<\/svg>\n\t\t<\/button><\/figure>\n\n\n\n<figcaption class=\"gb-text figcaption gb-text-b2444ba3\">Montage en plafond<\/figcaption>\n<\/figure>\n<\/div>\n\n\n\n<div class=\"gb-element-ce6e7d61\">\n<div>\n<h3 class=\"wp-block-heading\">Montage dans un \u00e9difice ind\u00e9pendant<\/h3>\n\n\n\n<p>S'il n'est pas possible de l'installer directement dans le tunnel, le syst\u00e8me de filtration peut \u00eatre install\u00e9 dans un b\u00e2timent s\u00e9par\u00e9 \u00e0 proximit\u00e9 du tunnel. L'air du tunnel est achemin\u00e9 vers le b\u00e2timent de filtration via un canal. Une fois purifi\u00e9, l'air peut soit \u00eatre renvoy\u00e9 dans le tunnel, soit \u00eatre rejet\u00e9 \u00e0 l'ext\u00e9rieur. Un exemple pratique est l'installation de filtrage FILTRONtec dans le tunnel M5East \u00e0 Sydney.<\/p>\n<\/div>\n\n\n\n<figure class=\"gb-element-eebf2b97\">\n<figure data-wp-context=\"{&quot;imageId&quot;:&quot;69d4e0bb396e0&quot;}\" data-wp-interactive=\"core\/image\" data-wp-key=\"69d4e0bb396e0\" class=\"wp-block-image size-full wp-lightbox-container\" style=\"margin-top:0;margin-right:0;margin-bottom:0;margin-left:0\"><img loading=\"lazy\" decoding=\"async\" width=\"800\" height=\"600\" data-wp-class--hide=\"state.isContentHidden\" data-wp-class--show=\"state.isContentVisible\" data-wp-init=\"callbacks.setButtonStyles\" data-wp-on--click=\"actions.showLightbox\" data-wp-on--load=\"callbacks.setButtonStyles\" data-wp-on-window--resize=\"callbacks.setButtonStyles\" src=\"https:\/\/filtrontec.de\/wp-content\/uploads\/2025\/10\/m5_sydney_filter_building.jpg\" alt=\"Montage dans un \u00e9difice ind\u00e9pendant\" class=\"wp-image-1466\" srcset=\"https:\/\/filtrontec.de\/wp-content\/uploads\/2025\/10\/m5_sydney_filter_building.jpg 800w, https:\/\/filtrontec.de\/wp-content\/uploads\/2025\/10\/m5_sydney_filter_building-300x225.jpg 300w, https:\/\/filtrontec.de\/wp-content\/uploads\/2025\/10\/m5_sydney_filter_building-768x576.jpg 768w, https:\/\/filtrontec.de\/wp-content\/uploads\/2025\/10\/m5_sydney_filter_building-16x12.jpg 16w\" sizes=\"auto, (max-width: 800px) 100vw, 800px\" \/><button\n\t\t\tclass=\"lightbox-trigger\"\n\t\t\ttype=\"button\"\n\t\t\taria-haspopup=\"dialog\"\n\t\t\taria-label=\"Agrandir\"\n\t\t\tdata-wp-init=\"callbacks.initTriggerButton\"\n\t\t\tdata-wp-on--click=\"actions.showLightbox\"\n\t\t\tdata-wp-style--right=\"state.imageButtonRight\"\n\t\t\tdata-wp-style--top=\"state.imageButtonTop\"\n\t\t>\n\t\t\t<svg xmlns=\"http:\/\/www.w3.org\/2000\/svg\" width=\"12\" height=\"12\" fill=\"none\" viewbox=\"0 0 12 12\">\n\t\t\t\t<path fill=\"#fff\" d=\"M2 0a2 2 0 0 0-2 2v2h1.5V2a.5.5 0 0 1 .5-.5h2V0H2Zm2 10.5H2a.5.5 0 0 1-.5-.5V8H0v2a2 2 0 0 0 2 2h2v-1.5ZM8 12v-1.5h2a.5.5 0 0 0 .5-.5V8H12v2a2 2 0 0 1-2 2H8Zm2-12a2 2 0 0 1 2 2v2h-1.5V2a.5.5 0 0 0-.5-.5H8V0h2Z\" \/>\n\t\t\t<\/svg>\n\t\t<\/button><\/figure>\n\n\n\n<figcaption class=\"gb-text figcaption gb-text-a667882c\">Montage dans un \u00e9difice ind\u00e9pendant<\/figcaption>\n<\/figure>\n<\/div>\n\n\n\n<div class=\"gb-element-15136059\">\n<div>\n<h3 class=\"wp-block-heading\">Filtration de l\u00b4air avec filtre de charbon actif actionnable<\/h3>\n\n\n\n<p>Les concentrations de poussi\u00e8res fines et de dioxyde d'azote dans l'air peuvent varier fortement au cours de la journ\u00e9e. C'est pourquoi FILTRONtec a d\u00e9velopp\u00e9 un concept d'installation dans lequel le filtre \u00e0 gaz peut \u00eatre activ\u00e9 ou d\u00e9sactiv\u00e9 en fonction de la concentration d'azote pendant que le filtre \u00e0 particules fines fonctionne. Les co\u00fbts d'exploitation peuvent ainsi \u00eatre consid\u00e9rablement r\u00e9duits.<\/p>\n<\/div>\n\n\n\n<figure class=\"gb-element-32f32425\">\n<figure data-wp-context=\"{&quot;imageId&quot;:&quot;69d4e0bb3a01f&quot;}\" data-wp-interactive=\"core\/image\" data-wp-key=\"69d4e0bb3a01f\" class=\"wp-block-image size-full wp-lightbox-container\" style=\"margin-top:0;margin-right:0;margin-bottom:0;margin-left:0\"><img loading=\"lazy\" decoding=\"async\" width=\"726\" height=\"430\" data-wp-class--hide=\"state.isContentHidden\" data-wp-class--show=\"state.isContentVisible\" data-wp-init=\"callbacks.setButtonStyles\" data-wp-on--click=\"actions.showLightbox\" data-wp-on--load=\"callbacks.setButtonStyles\" data-wp-on-window--resize=\"callbacks.setButtonStyles\" src=\"https:\/\/filtrontec.de\/wp-content\/uploads\/2025\/10\/funktion3d_fr.jpg\" alt=\"Structure sch\u00e9matique d&#039;un syst\u00e8me de filtre \u00e0 air avec filtre \u00e0 gaz int\u00e9gr\u00e9\" class=\"wp-image-1467\" srcset=\"https:\/\/filtrontec.de\/wp-content\/uploads\/2025\/10\/funktion3d_fr.jpg 1024w, https:\/\/filtrontec.de\/wp-content\/uploads\/2025\/10\/funktion3d_fr-300x135.jpg 300w, https:\/\/filtrontec.de\/wp-content\/uploads\/2025\/10\/funktion3d_fr-768x347.jpg 768w, https:\/\/filtrontec.de\/wp-content\/uploads\/2025\/10\/funktion3d_fr-18x8.jpg 18w, https:\/\/filtrontec.de\/wp-content\/uploads\/2025\/10\/funktion3d_fr-800x361.jpg 800w\" sizes=\"auto, (max-width: 726px) 100vw, 726px\" \/><button\n\t\t\tclass=\"lightbox-trigger\"\n\t\t\ttype=\"button\"\n\t\t\taria-haspopup=\"dialog\"\n\t\t\taria-label=\"Agrandir\"\n\t\t\tdata-wp-init=\"callbacks.initTriggerButton\"\n\t\t\tdata-wp-on--click=\"actions.showLightbox\"\n\t\t\tdata-wp-style--right=\"state.imageButtonRight\"\n\t\t\tdata-wp-style--top=\"state.imageButtonTop\"\n\t\t>\n\t\t\t<svg xmlns=\"http:\/\/www.w3.org\/2000\/svg\" width=\"12\" height=\"12\" fill=\"none\" viewbox=\"0 0 12 12\">\n\t\t\t\t<path fill=\"#fff\" d=\"M2 0a2 2 0 0 0-2 2v2h1.5V2a.5.5 0 0 1 .5-.5h2V0H2Zm2 10.5H2a.5.5 0 0 1-.5-.5V8H0v2a2 2 0 0 0 2 2h2v-1.5ZM8 12v-1.5h2a.5.5 0 0 0 .5-.5V8H12v2a2 2 0 0 1-2 2H8Zm2-12a2 2 0 0 1 2 2v2h-1.5V2a.5.5 0 0 0-.5-.5H8V0h2Z\" \/>\n\t\t\t<\/svg>\n\t\t<\/button><\/figure>\n\n\n\n<figcaption class=\"gb-text figcaption gb-text-9ab4dcb6\">Structure sch\u00e9matique d'un syst\u00e8me de filtre \u00e0 air avec filtre \u00e0 gaz int\u00e9gr\u00e9<\/figcaption>\n<\/figure>\n<\/div>\n\n\n\n<div>\n<h3 class=\"wp-block-heading\">Mise \u00e0 niveau des tunnels existants<\/h3>\n\n\n\n<p>Les filtres \u00e0 poussi\u00e8res fines peuvent \u00e9galement \u00eatre install\u00e9s ult\u00e9rieurement dans des tunnels existants. Avec une profondeur de seulement 1,60 m et une structure modulaire, les filtres s'adaptent \u00e0 toutes les sections de la pi\u00e8ce. Gr\u00e2ce \u00e0 la faible perte de charge de seulement 50 Pa, aucune modification des ventilateurs d'extraction n'est n\u00e9cessaire.<\/p>\n<\/div>\n<\/div>\n<\/div>\n\n\n\n<div class=\"wp-block-column is-layout-flow wp-block-column-is-layout-flow\" style=\"flex-basis:33.33%\">\n<div class=\"gb-element-d9360347 alignfull\">\n<div class=\"gb-element-97c70616\">\n<h3 class=\"gb-text gb-text-f87a34f4\"><strong>Fonction et structure<\/strong><\/h3>\n\n\n\n<a class=\"button-primary gb-text-e706fe10\" href=\"https:\/\/filtrontec.de\/fr\/construction-dun-filtre-a-air\/\"><span class=\"gb-shape\"><svg aria-hidden=\"true\" role=\"img\" height=\"1em\" width=\"1em\" viewbox=\"0 0 256 512\" xmlns=\"http:\/\/www.w3.org\/2000\/svg\"><path fill=\"currentColor\" d=\"M224.3 273l-136 136c-9.4 9.4-24.6 9.4-33.9 0l-22.6-22.6c-9.4-9.4-9.4-24.6 0-33.9l96.4-96.4-96.4-96.4c-9.4-9.4-9.4-24.6 0-33.9L54.3 103c9.4-9.4 24.6-9.4 33.9 0l136 136c9.5 9.4 9.5 24.6.1 34z\"><\/path><\/svg><\/span><\/a>\n<\/div>\n\n\n\n<div class=\"gb-element-a2e4fccb\">\n<h3 class=\"gb-text gb-text-a7dc3afc\"><strong>Co\u00fbts d\u00b4exploitation<\/strong><\/h3>\n\n\n\n<a class=\"button-primary gb-text-a54ad131\" href=\"https:\/\/filtrontec.de\/fr\/frais-dexploitation\/\"><span class=\"gb-shape\"><svg aria-hidden=\"true\" role=\"img\" height=\"1em\" width=\"1em\" viewbox=\"0 0 256 512\" xmlns=\"http:\/\/www.w3.org\/2000\/svg\"><path fill=\"currentColor\" d=\"M224.3 273l-136 136c-9.4 9.4-24.6 9.4-33.9 0l-22.6-22.6c-9.4-9.4-9.4-24.6 0-33.9l96.4-96.4-96.4-96.4c-9.4-9.4-9.4-24.6 0-33.9L54.3 103c9.4-9.4 24.6-9.4 33.9 0l136 136c9.5 9.4 9.5 24.6.1 34z\"><\/path><\/svg><\/span><\/a>\n<\/div>\n\n\n\n<div class=\"gb-element-4df433fe\">\n<h3 class=\"gb-text gb-text-9c77daed\"><strong><strong>Op\u00e9ration, maintenance et conservation<\/strong><\/strong><\/h3>\n\n\n\n<a class=\"button-primary gb-text-5ad97684\" href=\"https:\/\/filtrontec.de\/fr\/exploitation-maintenance-entretien\/\"><span class=\"gb-shape\"><svg aria-hidden=\"true\" role=\"img\" height=\"1em\" width=\"1em\" viewbox=\"0 0 256 512\" xmlns=\"http:\/\/www.w3.org\/2000\/svg\"><path fill=\"currentColor\" d=\"M224.3 273l-136 136c-9.4 9.4-24.6 9.4-33.9 0l-22.6-22.6c-9.4-9.4-9.4-24.6 0-33.9l96.4-96.4-96.4-96.4c-9.4-9.4-9.4-24.6 0-33.9L54.3 103c9.4-9.4 24.6-9.4 33.9 0l136 136c9.5 9.4 9.5 24.6.1 34z\"><\/path><\/svg><\/span><\/a>\n<\/div>\n<\/div>\n<\/div>\n<\/div>\n<\/div>\n<\/div>","protected":false},"excerpt":{"rendered":"","protected":false},"author":3,"featured_media":2304,"parent":0,"menu_order":0,"comment_status":"closed","ping_status":"closed","template":"","meta":{"_acf_changed":false,"inline_featured_image":false,"footnotes":""},"class_list":["post-2289","page","type-page","status-publish","has-post-thumbnail","hentry"],"acf":[],"_links":{"self":[{"href":"https:\/\/filtrontec.de\/fr\/wp-json\/wp\/v2\/pages\/2289","targetHints":{"allow":["GET"]}}],"collection":[{"href":"https:\/\/filtrontec.de\/fr\/wp-json\/wp\/v2\/pages"}],"about":[{"href":"https:\/\/filtrontec.de\/fr\/wp-json\/wp\/v2\/types\/page"}],"author":[{"embeddable":true,"href":"https:\/\/filtrontec.de\/fr\/wp-json\/wp\/v2\/users\/3"}],"replies":[{"embeddable":true,"href":"https:\/\/filtrontec.de\/fr\/wp-json\/wp\/v2\/comments?post=2289"}],"version-history":[{"count":1,"href":"https:\/\/filtrontec.de\/fr\/wp-json\/wp\/v2\/pages\/2289\/revisions"}],"predecessor-version":[{"id":2642,"href":"https:\/\/filtrontec.de\/fr\/wp-json\/wp\/v2\/pages\/2289\/revisions\/2642"}],"wp:featuredmedia":[{"embeddable":true,"href":"https:\/\/filtrontec.de\/fr\/wp-json\/wp\/v2\/media\/2304"}],"wp:attachment":[{"href":"https:\/\/filtrontec.de\/fr\/wp-json\/wp\/v2\/media?parent=2289"}],"curies":[{"name":"wp","href":"https:\/\/api.w.org\/{rel}","templated":true}]}}